{"id":2596,"date":"2018-06-27T18:11:55","date_gmt":"2018-06-27T18:11:55","guid":{"rendered":"https:\/\/www.rotis-lj.si\/?page_id=2596"},"modified":"2018-12-13T15:32:59","modified_gmt":"2018-12-13T15:32:59","slug":"anwendungsgebiete","status":"publish","type":"page","link":"https:\/\/www.rotis-lj.si\/de\/anwendungsgebiete\/","title":{"rendered":"Anwendungsgebiete"},"content":{"rendered":"<div class=\"pageTitle\" style=\"\"  data-background=\"false\" data-text-color=\"#023c5b\" data-line-color=\"#e8b200\"><div class=\"pageTitle--inner\"><div class=\"pageTitle--content\"><\/p>\n<div class=\"title\">\n<div class=\"title--inner\">\n<h1>ANWENDUNGSGEBIETE<\/h1>\n<\/div>\n<\/div>\n<p><\/div><div class=\"pageTitle--image\" data-valign=\"bottom\"><img decoding=\"async\" src=\"https:\/\/www.rotis-lj.si\/wp-content\/uploads\/2017\/12\/aplikacije-1.jpg\" style=\"margin-top:0px;\"\/><\/div><\/div><\/div>\n<div class=\"ctaBlock\" data-button-position=\"0\" style='background-image: url(https:\/\/www.rotis-lj.si\/wp-content\/uploads\/2017\/12\/cta-bg-1.png); background-repeat:no-repeat; background-position:center right; background-size:cover; padding-top:60px; padding-bottom:60px;'>    <div class=\"row\">        <div class=\"ctaBlock--text\"><\/p>\n<p style=\"text-align: center;\"><span style=\"color: #ffffff;\">Seit mehr als 25 Jahren sind Lager- und Maschinenteile von Rotis in die anspruchsvollsten Anwendungen integriert.<\/span><br \/>\n<span style=\"color: #ffffff;\">Schauen Sie sich die folgenden Beispiele industrieller Nutzung an und senden Sie uns die Spezifikationen Ihres Projekts.\u00a0<\/span><br \/>\n<span style=\"color: #ffffff;\">Gerne unterbreiten wir Ihnen ein Angebot, das Ihren Anforderungen entspricht.<\/span><\/p>\n<p><\/div><div class=\"ctaBlock--actions\"><a href=\"https:\/\/www.rotis-lj.si\/de\/anwendungsgebiete\/\" class=\"btn\"  data-popup-toggle=\"2583\" target=\"_blank\">ANFRAGE SENDEN<\/a><\/div>    <\/div><\/div>\n<div class='tabContainer'>   <div data-tab-fs='true' class='tabContainer--navigation'>       <div class='tabContainer--navigation-inner'><a href='#industriemaschinen' data-tab-trigger='1' class='active'><span>INDUSTRIEMASCHINEN<\/span><\/a><a href='#schwere-maschinen' data-tab-trigger='2' class=''><span>SCHWERE MASCHINEN<\/span><\/a><a href='#erneuerbare-energiequellen' data-tab-trigger='3' class=''><span>ERNEUERBARE ENERGIEQUELLEN<\/span><\/a><a href='#Oelindustrie' data-tab-trigger='4' class=''><span>\u00d6LINDUSTRIE<\/span><\/a><a href='#weltraum-und-verteidigung' data-tab-trigger='5' class=''><span>WELTRAUM UND VERTEIDIGUNG<\/span><\/a><a href='#sonstiges' data-tab-trigger='6' class=''><span>SONSTIGES<\/span><\/a><\/div>   <\/div>   <div class='tabContainer--tabs'>\n<div data-tab=\"1\" class=\"tab active\" data-tab-section-id=\"industriemaschinen\">   <div class=\"blockGrid tabsBG\">\n<div class=\"sliderContainer \" data-navigation-arrows=\"2\" data-visible-slides=\"1\">   <div class=\"sliderInner\">  <div class=\"slider\" data-visible=\"1\" data-autoplay=\"false\" data-interval=\"5000\"><div class=\"slider--item\"><img src='https:\/\/www.rotis-lj.si\/wp-content\/uploads\/2017\/12\/sample-slide-large-e1522057997983.png' title='sample-slide-large' alt='' \/><\/div><div class=\"slider--item\"><img src='https:\/\/www.rotis-lj.si\/wp-content\/uploads\/2018\/03\/TowerCrane.jpg' title='TowerCrane' alt='' \/><\/div><div class=\"slider--item\"><img src='https:\/\/www.rotis-lj.si\/wp-content\/uploads\/2018\/03\/Dock_Cranes2.jpg' title='Dock_Cranes2' alt='' \/><\/div><div class=\"slider--item\"><img src='https:\/\/www.rotis-lj.si\/wp-content\/uploads\/2018\/03\/Conveyor.jpg' title='Conveyor' alt='' \/><\/div><div class=\"slider--item\"><img src='https:\/\/www.rotis-lj.si\/wp-content\/uploads\/2018\/03\/RoboArm-e1522058250576.jpg' title='RoboArm' alt='' \/><\/div><div class=\"slider--item\"><img src='https:\/\/www.rotis-lj.si\/wp-content\/uploads\/2018\/03\/WaterPurification.jpg' title='WaterPurification' alt='' \/><\/div><div class=\"slider--item\"><img src='https:\/\/www.rotis-lj.si\/wp-content\/uploads\/2018\/11\/120R_Scrap_Hires_6.jpg' title='120R_Scrap_Hires_6' alt='' \/><\/div><div class=\"slider--item\"><img src='https:\/\/www.rotis-lj.si\/wp-content\/uploads\/2018\/12\/Konrad.jpg' title='Konrad' alt='' \/><\/div>  <\/div>  <div class=\"slider--arrows\"><\/div>   <\/div><\/div>\n<div class='textBlock' data-content-limit=\"1\" data-content-center=\"1\"><h3 style=\"text-align: left;\">Die h\u00e4ufigsten Anwendungsbeispiele<\/h3>\n<ul>\n<li>Teleskopkr\u00e4ne<\/li>\n<li>Hebewerke<\/li>\n<li>Baukr\u00e4ne<\/li>\n<li>Laufkr\u00e4ne<\/li>\n<li>Verpackungsmaschinen<\/li>\n<li>Roboter<\/li>\n<li>Textilmaschinen<\/li>\n<li>F\u00fclllinien<\/li>\n<li>Kl\u00e4ranlagen<\/li>\n<li>Abfallverarbeitungsmaschinen<\/li>\n<\/ul>\n<\/div>\n    <\/div><\/div><div data-tab=\"2\" class=\"tab \" data-tab-section-id=\"schwere-maschinen\">   <div class=\"blockGrid tabsBG\">\n<div class=\"sliderContainer \" data-navigation-arrows=\"2\" data-visible-slides=\"1\">   <div class=\"sliderInner\">  <div class=\"slider\" data-visible=\"1\" data-autoplay=\"false\" data-interval=\"5000\"><div class=\"slider--item\"><img src='https:\/\/www.rotis-lj.si\/wp-content\/uploads\/2018\/03\/BucketWheelExcavator.jpg' title='BucketWheelExcavator' alt='' \/><\/div><div class=\"slider--item\"><img src='https:\/\/www.rotis-lj.si\/wp-content\/uploads\/2018\/03\/Crane2.jpg' title='Crane2' alt='' \/><\/div><div class=\"slider--item\"><img src='https:\/\/www.rotis-lj.si\/wp-content\/uploads\/2018\/03\/TBM2-e1522058401714.jpg' title='TBM2' alt='' \/><\/div><div class=\"slider--item\"><img src='https:\/\/www.rotis-lj.si\/wp-content\/uploads\/2018\/03\/TBM-e1522059113846.jpg' title='TBM' alt='' \/><\/div>  <\/div>  <div class=\"slider--arrows\"><\/div>   <\/div><\/div>\n<div class='textBlock' data-content-limit=\"1\" data-content-center=\"1\"><h3 style=\"text-align: left;\">Die h\u00e4ufigsten Anwendungsbeispiele<\/h3>\n<ul>\n<li>Bagger<\/li>\n<li>Schiffshebewerke<\/li>\n<li>Bagger f\u00fcr den Tagebau<\/li>\n<li>Tunnelvortriebsmaschinen<\/li>\n<\/ul>\n<\/div>\n    <\/div><\/div><div data-tab=\"3\" class=\"tab \" data-tab-section-id=\"erneuerbare-energiequellen\">   <div class=\"blockGrid tabsBG\">\n<div class=\"sliderContainer \" data-navigation-arrows=\"2\" data-visible-slides=\"1\">   <div class=\"sliderInner\">  <div class=\"slider\" data-visible=\"1\" data-autoplay=\"false\" data-interval=\"5000\"><div class=\"slider--item\"><img src='https:\/\/www.rotis-lj.si\/wp-content\/uploads\/2018\/03\/WindFarm.jpg' title='WindFarm' alt='' \/><\/div><div class=\"slider--item\"><img src='https:\/\/www.rotis-lj.si\/wp-content\/uploads\/2018\/03\/WindTurbine.jpg' title='WindTurbine' alt='' \/><\/div><div class=\"slider--item\"><img src='https:\/\/www.rotis-lj.si\/wp-content\/uploads\/2018\/03\/SolarFarm.jpg' title='SolarFarm' alt='' \/><\/div>  <\/div>  <div class=\"slider--arrows\"><\/div>   <\/div><\/div>\n<div class='textBlock' data-content-limit=\"1\" data-content-center=\"1\"><h3 style=\"text-align: left;\">Die h\u00e4ufigsten Anwendungsbeispiele<\/h3>\n<ul>\n<li>Windenergieanlagen<\/li>\n<li>Solarsysteme<\/li>\n<\/ul>\n<\/div>\n    <\/div><\/div><div data-tab=\"4\" class=\"tab \" data-tab-section-id=\"Oelindustrie\">   <div class=\"blockGrid tabsBG\">\n<div class=\"sliderContainer \" data-navigation-arrows=\"0\" data-visible-slides=\"1\">   <div class=\"sliderInner\">  <div class=\"slider\" data-visible=\"1\" data-autoplay=\"false\" data-interval=\"5000\"><div class=\"slider--item\"><img src='https:\/\/www.rotis-lj.si\/wp-content\/uploads\/2018\/03\/CableShip.jpg' title='CableShip' alt='' \/><\/div>  <\/div>  <div class=\"slider--arrows\"><\/div>   <\/div><\/div>\n<div class='textBlock' data-content-limit=\"1\" data-content-center=\"1\"><h3 style=\"text-align: left;\">Die h\u00e4ufigsten Anwendungsbeispiele<\/h3>\n<ul>\n<li>Schiffshebewerke<\/li>\n<li>Ankersysteme<\/li>\n<li>Maschinen und Ausr\u00fcstung auf Bohrinseln<\/li>\n<li>Rohrverlegungsschiffe<\/li>\n<li>Rohrverlegungsschiffe<\/li>\n<\/ul>\n<\/div>\n    <\/div><\/div><div data-tab=\"5\" class=\"tab \" data-tab-section-id=\"weltraum-und-verteidigung\">   <div class=\"blockGrid tabsBG\">\n<div class=\"sliderContainer \" data-navigation-arrows=\"2\" data-visible-slides=\"1\">   <div class=\"sliderInner\">  <div class=\"slider\" data-visible=\"1\" data-autoplay=\"false\" data-interval=\"5000\"><div class=\"slider--item\"><img src='https:\/\/www.rotis-lj.si\/wp-content\/uploads\/2018\/03\/Radar-e1522058928911.jpg' title='Radar' alt='' \/><\/div><div class=\"slider--item\"><img src='https:\/\/www.rotis-lj.si\/wp-content\/uploads\/2018\/03\/Telescope.jpg' title='Telescope' alt='' \/><\/div><div class=\"slider--item\"><img src='https:\/\/www.rotis-lj.si\/wp-content\/uploads\/2018\/03\/MilitaryVehicle-e1522058891478.jpg' title='MilitaryVehicle' alt='' \/><\/div>  <\/div>  <div class=\"slider--arrows\"><\/div>   <\/div><\/div>\n<div class='textBlock' data-content-limit=\"1\" data-content-center=\"1\"><h3 style=\"text-align: left;\">Die h\u00e4ufigsten Anwendungsbeispiele<\/h3>\n<ul>\n<li>Radarsysteme (fix und mobil)<\/li>\n<li>Teleskope<\/li>\n<li>Drehbare Gesch\u00fctzkuppeln<\/li>\n<li>Startrampen<\/li>\n<\/ul>\n<\/div>\n    <\/div><\/div><div data-tab=\"6\" class=\"tab \" data-tab-section-id=\"sonstiges\">   <div class=\"blockGrid tabsBG\">\n<div class=\"sliderContainer \" data-navigation-arrows=\"2\" data-visible-slides=\"1\">   <div class=\"sliderInner\">  <div class=\"slider\" data-visible=\"1\" data-autoplay=\"false\" data-interval=\"5000\"><div class=\"slider--item\"><img src='https:\/\/www.rotis-lj.si\/wp-content\/uploads\/2018\/03\/Bus.jpg' title='Bus' alt='' \/><\/div><div class=\"slider--item\"><img src='https:\/\/www.rotis-lj.si\/wp-content\/uploads\/2018\/03\/Lunapark.jpg' title='Lunapark' alt='' \/><\/div>  <\/div>  <div class=\"slider--arrows\"><\/div>   <\/div><\/div>\n<div class='textBlock' data-content-limit=\"1\" data-content-center=\"1\"><h3 style=\"text-align: left;\">Die h\u00e4ufigsten Anwendungsbeispiele<\/h3>\n<ul>\n<li>Forstmaschinen<\/li>\n<li>Gelenkbusse<\/li>\n<li>Ausr\u00fcstung f\u00fcr Vergn\u00fcgungsparks<\/li>\n<\/ul>\n<\/div>\n    <\/div><\/div>   <\/div><\/div><div class=\"ctaBlock\" data-button-position=\"0\" style='background-color:transparent; padding-top:60px; padding-bottom:60px;'>    <div class=\"row\">        <div class=\"ctaBlock--text\"><\/p>\n<h2 style=\"text-align: center;\">Optimieren Sie Ihre Einkaufskosten?<\/h2>\n<p style=\"text-align: center;\">Schicken Sie uns Ihre technischen Anforderungen und wir unterbreiten Ihnen gerne ein unverbindliches Angebot.<\/p>\n<p><\/div><div class=\"ctaBlock--actions\"><a href=\"https:\/\/www.rotis-lj.si\/de\/anwendungsgebiete\/\" class=\"btn\"  data-popup-toggle=\"2583\" target=\"_self\">ANFRAGE SENDEN<\/a><\/div>    <\/div><\/div><\/p>\n","protected":false},"excerpt":{"rendered":"","protected":false},"author":2,"featured_media":0,"parent":0,"menu_order":0,"comment_status":"closed","ping_status":"closed","template":"","meta":{"om_disable_all_campaigns":false,"_monsterinsights_skip_tracking":false,"_monsterinsights_sitenote_active":false,"_monsterinsights_sitenote_note":"","_monsterinsights_sitenote_category":0,"_uf_show_specific_survey":0,"_uf_disable_surveys":false,"footnotes":""},"aioseo_notices":[],"_links":{"self":[{"href":"https:\/\/www.rotis-lj.si\/de\/wp-json\/wp\/v2\/pages\/2596"}],"collection":[{"href":"https:\/\/www.rotis-lj.si\/de\/wp-json\/wp\/v2\/pages"}],"about":[{"href":"https:\/\/www.rotis-lj.si\/de\/wp-json\/wp\/v2\/types\/page"}],"author":[{"embeddable":true,"href":"https:\/\/www.rotis-lj.si\/de\/wp-json\/wp\/v2\/users\/2"}],"replies":[{"embeddable":true,"href":"https:\/\/www.rotis-lj.si\/de\/wp-json\/wp\/v2\/comments?post=2596"}],"version-history":[{"count":11,"href":"https:\/\/www.rotis-lj.si\/de\/wp-json\/wp\/v2\/pages\/2596\/revisions"}],"predecessor-version":[{"id":4300,"href":"https:\/\/www.rotis-lj.si\/de\/wp-json\/wp\/v2\/pages\/2596\/revisions\/4300"}],"wp:attachment":[{"href":"https:\/\/www.rotis-lj.si\/de\/wp-json\/wp\/v2\/media?parent=2596"}],"curies":[{"name":"wp","href":"https:\/\/api.w.org\/{rel}","templated":true}]}}