{"id":2602,"date":"2018-06-27T18:13:09","date_gmt":"2018-06-27T18:13:09","guid":{"rendered":"https:\/\/www.rotis-lj.si\/?page_id=2602"},"modified":"2026-01-06T12:43:33","modified_gmt":"2026-01-06T11:43:33","slug":"die-rotis-qualitaet","status":"publish","type":"page","link":"https:\/\/www.rotis-lj.si\/de\/die-rotis-qualitaet\/","title":{"rendered":"ROTIS-qualit\u00e4t"},"content":{"rendered":"<div class=\"pageTitle\" style=\"\"  data-text-color=\"#023c5b\" data-line-color=\"#e8b200\"><div class=\"pageTitle--content\"><\/p>\n<div class=\"title\">\n<div class=\"title--inner\">\n<h1>ROTIS-QUALIT\u00c4T<\/h1>\n<\/div>\n<\/div>\n<p><\/div><div class=\"pageTitle--background\" style=\" background-image: url(https:\/\/www.rotis-lj.si\/wp-content\/uploads\/2018\/06\/kontrola.jpg); background-repeat:no-repeat; background-position:center right; background-size:cover; \"><\/div><\/div>\n<div class=\"blockGridContainer \" style='background-color:#f8f8f8;padding-top:50px; padding-bottom:50px; ' data-padding-top=\"50\" data-padding-bottom=\"50\" >   <div class=\"row\">       <div class=\"blockGrid  \" >\n<div class=\"blockGrid--100\" data-mobile-position=\"0\" style=''><div class='textBlock' data-content-limit=\"1\" data-content-center=\"0\"><h2 style=\"text-align: left;\">R\u00fcckverfolgbarkeit in der produktion<\/h2>\n<p style=\"text-align: left;\">Durch die Verwendung eines Barcodesystems w\u00e4hrend des gesamten Produktionsprozesses wird jedes Komponenten-Bauteil und jede technologische Operation dokumentiert und \u00fcberwacht.<\/p>\n<p style=\"text-align: left;\">Jedes Produkt von Rotis wird mit einer Projekt- und Seriennummer gekennzeichnet, um sowohl das ins Produkt integrierte Material, als auch alle f\u00fcr die Produktfertigung ben\u00f6tigten technologischen Vorg\u00e4nge verfolgen zu k\u00f6nnen. Ebenso werden alle in der Produktion verwendeten Dokumente mit Barcodes markiert und beziehen sich auf die vom Kunden geforderten Messprotokolle. Auf diese Weise gew\u00e4hrleisten wir f\u00fcr alle fertigen Produkte den gleichen hohen Qualit\u00e4tsstandard.<\/p>\n<\/div>\n<\/div>\n       <\/div>   <\/div><\/div>\n<div class=\"blockGridContainer \" style='' >   <div class=\"row\">       <div class=\"blockGrid  \" >\n<div class=\"blockGrid--100\" data-mobile-position=\"0\" style=''><div class=\"procedure\"><div class=\"procedure--title\"><h2>KONTROLLVORG\u00c4NGE<\/h2><\/div>\n<div class=\"procedure--item active\">    <div class=\"procedure--name\">1. Messung der H\u00e4rtungsh\u00e4rte<\/div>    <div class=\"procedure--image\" style=\"background-image:url(https:\/\/www.rotis-lj.si\/wp-content\/uploads\/2018\/04\/Preverjanje-trdote-induktivnega-kaljenja-0-12.jpg)\"><\/div><\/div>\n<div class=\"procedure--item \">    <div class=\"procedure--name\">2. Messung der H\u00e4rtungstiefe<\/div>    <div class=\"procedure--image\" style=\"background-image:url(https:\/\/www.rotis-lj.si\/wp-content\/uploads\/2018\/04\/Preverjanje-globine-induktivnega-kaljenja-0-11.jpg)\"><\/div><\/div>\n<div class=\"procedure--item \">    <div class=\"procedure--name\">3. Messung der zul\u00e4ssigen Abweichungen<\/div>    <div class=\"procedure--image\" style=\"background-image:url(https:\/\/www.rotis-lj.si\/wp-content\/uploads\/2018\/04\/Meritev-toleran\u010dnih-vi\u0161in-s-kljunastim-merilom-0-16.jpg)\"><\/div><\/div>\n<div class=\"procedure--item \">    <div class=\"procedure--name\">4. Magnetischer Fluss<\/div>    <div class=\"procedure--image\" style=\"background-image:url(https:\/\/www.rotis-lj.si\/wp-content\/uploads\/2018\/04\/Odkrivanje-manj\u0161ih-razpok-v-materialu-s-postopkom-magnetofluksa-0-20.jpg)\"><\/div><\/div>\n<div class=\"procedure--item \">    <div class=\"procedure--name\">5. Messung der Oberfl\u00e4chenschutzbeschichtung<\/div>    <div class=\"procedure--image\" style=\"background-image:url(https:\/\/www.rotis-lj.si\/wp-content\/uploads\/2018\/04\/Meritev-debeline-nanosa-barve-za\u0161\u010dite-0-21.jpg)\"><\/div><\/div>\n<div class=\"procedure--item \">    <div class=\"procedure--name\">6. Messung der Vorspannung und Luftbarkeit<\/div>    <div class=\"procedure--image\" style=\"background-image:url(https:\/\/www.rotis-lj.si\/wp-content\/uploads\/2018\/04\/6.Meritev-zra\u010dnosti-le\u017eaja-1.jpg)\"><\/div><\/div>\n<\/div>\n<\/div>\n       <\/div>   <\/div><\/div>\n<div class=\"blockGridContainer \" style='background-color:#f8f8f8;padding-top:80px; padding-bottom:70px; ' data-padding-top=\"80\" data-padding-bottom=\"70\" >   <div class=\"row\">       <div class=\"blockGrid  \" >\n<div class=\"blockGrid--100\" data-mobile-position=\"0\" style=''><div class='textBlock' ><h2 style=\"text-align: center;\">Zertifikate<\/h2>\n<p style=\"text-align: center;\">Alle Lager werden in \u00dcbereinstimmung mit der Norm EN 10.204 gefertigt und sind auf Kundenwunsch<br \/>\nauch vom Unternehmen wie folgt zertifiziert: DNV GL, BV, LRS, GOST und viele andere.<\/p>\n<p style=\"text-align: center;\">Wir sind auch ISO 9001:2015 zertifiziert.<\/p>\n<p style=\"text-align: center;\"><a class=\"btn image--certificate\" href=\"https:\/\/www.rotis-lj.si\/wp-content\/uploads\/2026\/01\/ISO9001-2015.pdf\" target=\"_blank\" rel=\"noopener\">ISO 9001:2015 zertifikate<\/a><\/p>\n<p style=\"text-align: center;\"><a class=\"btn image--certificate\" href=\"https:\/\/www.rotis-lj.si\/wp-content\/uploads\/2025\/01\/ISO_14001-ENG-C721356-0-20250109.pdf\" target=\"_blank\" rel=\"noopener\">ISO 14001:2015 zertifikate<\/a><\/p>\n<\/div>\n<\/div>       <\/div>   <\/div><\/div><div class=\"ctaBlock\" data-button-position=\"0\" style=' padding-top:100px; padding-bottom:100px;'>    <div class=\"row\">        <div class=\"ctaBlock--text\"><\/p>\n<h2 style=\"text-align: center;\">Optimieren Sie Ihre Einkaufskosten!<\/h2>\n<p style=\"text-align: center;\">Schicken Sie uns Ihren technischen Anforderungen und wir unterbreiten Ihnen gerne ein unverbindliches Angebot.<\/p>\n<p style=\"text-align: center;\"><strong>\u00a0<\/strong><\/p>\n<p><\/div><div class=\"ctaBlock--actions\"><a href=\"https:\/\/www.rotis-lj.si\/de\/die-rotis-qualitaet\/\" class=\"btn\"  data-popup-toggle=\"2584\" target=\"_self\">ANFRAGE SENDEN<\/a><\/div>    <\/div><\/div><\/p>\n","protected":false},"excerpt":{"rendered":"","protected":false},"author":2,"featured_media":0,"parent":0,"menu_order":0,"comment_status":"closed","ping_status":"closed","template":"","meta":{"om_disable_all_campaigns":false,"_monsterinsights_skip_tracking":false,"_monsterinsights_sitenote_active":false,"_monsterinsights_sitenote_note":"","_monsterinsights_sitenote_category":0,"_uf_show_specific_survey":0,"_uf_disable_surveys":false,"footnotes":""},"aioseo_notices":[],"_links":{"self":[{"href":"https:\/\/www.rotis-lj.si\/de\/wp-json\/wp\/v2\/pages\/2602"}],"collection":[{"href":"https:\/\/www.rotis-lj.si\/de\/wp-json\/wp\/v2\/pages"}],"about":[{"href":"https:\/\/www.rotis-lj.si\/de\/wp-json\/wp\/v2\/types\/page"}],"author":[{"embeddable":true,"href":"https:\/\/www.rotis-lj.si\/de\/wp-json\/wp\/v2\/users\/2"}],"replies":[{"embeddable":true,"href":"https:\/\/www.rotis-lj.si\/de\/wp-json\/wp\/v2\/comments?post=2602"}],"version-history":[{"count":12,"href":"https:\/\/www.rotis-lj.si\/de\/wp-json\/wp\/v2\/pages\/2602\/revisions"}],"predecessor-version":[{"id":5179,"href":"https:\/\/www.rotis-lj.si\/de\/wp-json\/wp\/v2\/pages\/2602\/revisions\/5179"}],"wp:attachment":[{"href":"https:\/\/www.rotis-lj.si\/de\/wp-json\/wp\/v2\/media?parent=2602"}],"curies":[{"name":"wp","href":"https:\/\/api.w.org\/{rel}","templated":true}]}}