{"id":2604,"date":"2018-06-27T18:13:50","date_gmt":"2018-06-27T18:13:50","guid":{"rendered":"https:\/\/www.rotis-lj.si\/?page_id=2604"},"modified":"2018-11-22T07:53:01","modified_gmt":"2018-11-22T07:53:01","slug":"drehverbindungen","status":"publish","type":"page","link":"https:\/\/www.rotis-lj.si\/de\/drehverbindungen\/","title":{"rendered":"Drehverbindungen"},"content":{"rendered":"<div class=\"pageTitle\" style=\"\"  data-text-color=\"#ffffff\" data-line-color=\"#e8b200\"><div class=\"pageTitle--content\"><\/p>\n<div class=\"title\">\n<div class=\"title--inner\">\n<h1><span style=\"color: #023c5b;\">HERSTELLUNG VON<br \/>\nDREHVERBINDUNGEN<\/span><\/h1>\n<\/div>\n<div><span style=\"color: #023c5b;\">mit einem Durchmesser zwischen 200 mm und 5000 mm<\/span><\/div>\n<\/div>\n<p><\/div><div class=\"pageTitle--background\" style=\" background-image: url(https:\/\/www.rotis-lj.si\/wp-content\/uploads\/2018\/06\/proizvodnja-lezajev-5.jpg); background-repeat:no-repeat; background-position:center center; background-size:cover; \"><\/div><\/div>\n<div class=\"blockGridContainer \" style='background-color:#f8f8f8;padding-top:60px; padding-bottom:60px; ' data-padding-top=\"60\" data-padding-bottom=\"60\" >   <div class=\"row\">       <div class=\"blockGrid  \" >\n<div class=\"blockGrid--100\" data-mobile-position=\"0\" style=''><div class='textBlock' data-content-limit=\"1\" data-content-center=\"0\"><h2 style=\"text-align: left;\">Warum Rotis-Drehverbindungen?<\/h2>\n<p style=\"text-align: left;\">Langj\u00e4hrige Erfahrungen und Tradition garantieren optimale L\u00f6sungen f\u00fcr Ihre technischen Anforderungen. Unser hochqualifiziertes Personal bietet Ihnen die gesamte technische Unterst\u00fctzung sowohl bei der Auslegung der Drehverbindung als auch bei der sp\u00e4teren Montage und Wartung.<\/p>\n<p style=\"text-align: left;\">Das System der R\u00fcckverfolgbarkeit der Produktion und die konsequente Durchf\u00fchrung der Kontrollverfahren gew\u00e4hrleisten die h\u00f6chste Qualit\u00e4t unserer Produkte.<\/p>\n<p style=\"text-align: left;\">Kontinuierliche Investitionen in die Entwicklung von Software f\u00fcr die Lagerauslegung sowie in modernste Hardware gew\u00e4hrleisten die Pr\u00e4zision bzw. Reproduzierbarkeit der technologischen Operationen und somit ein qualitativ hochwertiges Endprodukt.<\/p>\n<\/div><br \/>\n<div class=\"ctaBlock\" data-button-position=\"0\" style=' padding-top:60px; padding-bottom:60px;'>    <div class=\"row\">        <div class=\"ctaBlock--text\"><\/div><div class=\"ctaBlock--actions\"><a href=\"https:\/\/www.rotis-lj.si\/de\/drehverbindungen\/\" class=\"btn\"  data-popup-toggle=\"2584\" target=\"_self\">ANFRAGE SENDEN<\/a><\/div>    <\/div><\/div><\/p>\n<\/div>\n       <\/div>   <\/div><\/div>\n<div class=\"blockGridContainer special\" style='background-image: url(https:\/\/www.rotis-lj.si\/wp-content\/uploads\/2017\/12\/strojni-deli-partial-bg.jpg); background-repeat:no-repeat; background-position:top right; background-size:cover;padding-top:120px; padding-bottom:85px; ' data-padding-top=\"120\" data-padding-bottom=\"85\" >   <div class=\"row\">       <div class=\"blockGrid  \" >\n<div class=\"blockGrid--100\" data-mobile-position=\"0\" style=''><div class=\"blockGrid blockListBG\" data-block-layout=\"0\" data-block-type=\"0\"  style=\"\"><div class=\"blockGrid--item txtThumb\">   <div>       <p>Mehr uber<\/p>       <h2>DREHVERBINDUNGEN<\/h2>   <\/div><\/div>\n<a href=\"https:\/\/www.rotis-lj.si\/de\/drehverbindungen\/modelle-von-drehverbindungen\/\" target=\"_self\" class=\"blockGrid--item imgTxtThumb\" ><div class=\"imgTxtThumb--image not-background\"><span class=\"iconlist-char \" aria-hidden='true' data-av_icon='\ue832' data-av_iconfont='fontello'><\/span><\/div><div class=\"imgTxtThumb--name\">MODELLE VON DREHVERBINDUNGEN<\/div><\/a>\n<a href=\"https:\/\/www.rotis-lj.si\/de\/drehverbindungen\/installation-und-wartung-vondrehverbindungen\/\" target=\"_self\" class=\"blockGrid--item imgTxtThumb\" ><div class=\"imgTxtThumb--image not-background\"><span class=\"iconlist-char \" aria-hidden='true' data-av_icon='\ue83a' data-av_iconfont='fontello'><\/span><\/div><div class=\"imgTxtThumb--name\">MONTAGE UND WARTUNG <\/div><\/a>\n<a href=\"https:\/\/www.rotis-lj.si\/de\/drehverbindungen\/drehverbingungbezeichnungsstruktur\/\" target=\"_self\" class=\"blockGrid--item imgTxtThumb\" ><div class=\"imgTxtThumb--image not-background\"><span class=\"iconlist-char \" aria-hidden='true' data-av_icon='\ue82b' data-av_iconfont='fontello'><\/span><\/div><div class=\"imgTxtThumb--name\">DREHVERBINDUNG-<br \/>\nBEZEICHNUNGSSTRUKTUR<\/div><\/a>\n<\/div>\n<\/div>       <\/div>   <\/div><\/div><div class=\"blockGridContainer \" style='padding-top:140px; padding-bottom:120px; ' data-padding-top=\"140\" data-padding-bottom=\"120\" >   <div class=\"row\">       <div class=\"blockGrid  \" >\n<div class=\"blockGrid--100\" data-mobile-position=\"0\" style=''><div class='textBlock' ><h2 style=\"text-align: center;\">Anwendungsbeispiele<\/h2>\n<p style=\"text-align: center;\">Rotis-Drehverbindungen werden in den anspruchsvollsten Anwendungen eingesetzt.<\/p>\n<\/div><br \/>\n<div class=\"blockGrid blockListBG\" data-margin-top=\"40\" data-margin-bottom=\"40\" data-block-layout=\"1\" data-block-type=\"1\"  style=\"margin-top:40px;margin-bottom:40px;\">\n<div   class=\"blockGrid--item imgTxtThumb\" ><div class=\"imgTxtThumb--image background\" style=\"background-image:url(https:\/\/www.rotis-lj.si\/wp-content\/uploads\/2018\/03\/TowerCrane.jpg);  background-repeat:no-repeat; background-position:center center; background-size:cover;\"><\/div><div class=\"imgTxtThumb--name\">Kr\u00e4ne<\/div><\/div>\n<div   class=\"blockGrid--item imgTxtThumb\" ><div class=\"imgTxtThumb--image background\" style=\"background-image:url(https:\/\/www.rotis-lj.si\/wp-content\/uploads\/2018\/03\/Radar-e1522058928911.jpg);  background-repeat:no-repeat; background-position:center center; background-size:cover;\"><\/div><div class=\"imgTxtThumb--name\">Radaren<\/div><\/div>\n<div   class=\"blockGrid--item imgTxtThumb\" ><div class=\"imgTxtThumb--image background\" style=\"background-image:url(https:\/\/www.rotis-lj.si\/wp-content\/uploads\/2018\/03\/BucketWheelExcavator.jpg);  background-repeat:no-repeat; background-position:center center; background-size:cover;\"><\/div><div class=\"imgTxtThumb--name\">Bagger<\/div><\/div>\n<\/div><br \/>\n<div class='textBlock' ><p style=\"text-align: center;\"><a class=\"btn\" href=\"https:\/\/www.rotis-lj.si\/de\/anwendungsgebiete\/\">MEHR<\/a><\/p>\n<\/div><\/p>\n<\/div>\n       <\/div>   <\/div><\/div><\/p>\n<div class=\"ctaBlock\" data-button-position=\"0\" style='background-image: url(https:\/\/www.rotis-lj.si\/wp-content\/uploads\/2017\/12\/cta-bg-1.png); background-repeat:no-repeat; background-position:center right; background-size:cover; padding-top:60px; padding-bottom:60px;'>    <div class=\"row\">        <div class=\"ctaBlock--text\"><\/p>\n<h2 style=\"text-align: center;\"><span style=\"color: #ffffff;\">Optimieren Sie Ihre Einkaufskosten!<\/span><\/h2>\n<p style=\"text-align: center;\"><span style=\"color: #ffffff;\">Schicken Sie uns Ihre technischen Anforderungen und wir unterbreiten Ihnen gerne ein unverbindliches Angebot.<\/span><\/p>\n<p><\/div><div class=\"ctaBlock--actions\"><a href=\"https:\/\/www.rotis-lj.si\/de\/drehverbindungen\/\" class=\"btn\"  data-popup-toggle=\"2583\" target=\"_self\">ANFRAGE SENDEN<\/a><\/div>    <\/div><\/div>\n<div class=\"blockGridContainer \" style='background-color:#f8f8f8;padding-top:100px; padding-bottom:80px; ' data-padding-top=\"100\" data-padding-bottom=\"80\" >   <div class=\"row\">       <div class=\"blockGrid  \" >\n<div class=\"blockGrid--50\" data-mobile-position=\"0\" style=''><div class='textBlock' ><h2>ROTIS-Qualit\u00e4t<\/h2>\n<p>Sicherheit, Qualit\u00e4t und Langlebigkeit der Produkte von Rotis sind das Ergebnis einer effizienten Kontrolle der Produktionsprozesse und hoher Qualit\u00e4tsstandards w\u00e4hrend des gesamten Produktionsprozesses. Eine 100%ige R\u00fcckverfolgbarkeit der Produktion gew\u00e4hrleistet, dass jeder einzelne technologische Vorgang und jede Komponente des Fertigprodukts kontrolliert werden k\u00f6nnen.<\/p>\n<p>Alle Materialien werden von zertifizierten, etablierten und gepr\u00fcften Lieferanten geliefert. Alle Lager werden in \u00dcbereinstimmung mit der Norm EN 10.204 gefertigt und sind auf Kundenwunsch auch wie folgt zertifiziert: DNV GL, BV, LRS, GOST usw.<\/p>\n<p>Alle Produkte von Rotis werden ebenfalls nach der ISO-Norm 9001:2008 hergestellt.<\/p>\n<p><a class=\"btn\" href=\"https:\/\/www.rotis-lj.si\/de\/die-rotis-qualitaet\/\">MEHR<\/a><\/p>\n<\/div>\n<\/div><div class=\"blockGrid--50\" data-mobile-position=\"0\" style=''><div class=\"sliderContainer \" data-navigation-arrows=\"1\" data-visible-slides=\"1\">   <div class=\"sliderInner\">  <div class=\"slider\" data-visible=\"1\" data-autoplay=\"false\" data-interval=\"5000\"><div class=\"slider--item\"><img src='https:\/\/www.rotis-lj.si\/wp-content\/uploads\/2017\/12\/procedure-1.png' title='procedure-1' alt='' \/><\/div><div class=\"slider--item\"><img src='https:\/\/www.rotis-lj.si\/wp-content\/uploads\/2017\/12\/procedure-1.png' title='procedure-1' alt='' \/><\/div>  <\/div>  <div class=\"slider--arrows\"><\/div>   <\/div><\/div>\n<\/div>\n       <\/div>   <\/div><\/div>\n","protected":false},"excerpt":{"rendered":"","protected":false},"author":2,"featured_media":0,"parent":0,"menu_order":0,"comment_status":"closed","ping_status":"closed","template":"","meta":{"om_disable_all_campaigns":false,"_monsterinsights_skip_tracking":false,"_monsterinsights_sitenote_active":false,"_monsterinsights_sitenote_note":"","_monsterinsights_sitenote_category":0,"_uf_show_specific_survey":0,"_uf_disable_surveys":false,"footnotes":""},"aioseo_notices":[],"_links":{"self":[{"href":"https:\/\/www.rotis-lj.si\/de\/wp-json\/wp\/v2\/pages\/2604"}],"collection":[{"href":"https:\/\/www.rotis-lj.si\/de\/wp-json\/wp\/v2\/pages"}],"about":[{"href":"https:\/\/www.rotis-lj.si\/de\/wp-json\/wp\/v2\/types\/page"}],"author":[{"embeddable":true,"href":"https:\/\/www.rotis-lj.si\/de\/wp-json\/wp\/v2\/users\/2"}],"replies":[{"embeddable":true,"href":"https:\/\/www.rotis-lj.si\/de\/wp-json\/wp\/v2\/comments?post=2604"}],"version-history":[{"count":21,"href":"https:\/\/www.rotis-lj.si\/de\/wp-json\/wp\/v2\/pages\/2604\/revisions"}],"predecessor-version":[{"id":4260,"href":"https:\/\/www.rotis-lj.si\/de\/wp-json\/wp\/v2\/pages\/2604\/revisions\/4260"}],"wp:attachment":[{"href":"https:\/\/www.rotis-lj.si\/de\/wp-json\/wp\/v2\/media?parent=2604"}],"curies":[{"name":"wp","href":"https:\/\/api.w.org\/{rel}","templated":true}]}}