{"id":2607,"date":"2018-06-27T18:14:06","date_gmt":"2018-06-27T18:14:06","guid":{"rendered":"https:\/\/www.rotis-lj.si\/?page_id=2607"},"modified":"2018-11-22T07:56:10","modified_gmt":"2018-11-22T07:56:10","slug":"modelle-von-drehverbindungen","status":"publish","type":"page","link":"https:\/\/www.rotis-lj.si\/de\/drehverbindungen\/modelle-von-drehverbindungen\/","title":{"rendered":"Modelle von Drehverbindungen"},"content":{"rendered":"<div class=\"pageTitle\" style=\"\"  data-text-color=\"#023c5b\" data-line-color=\"#e8b200\"><div class=\"pageTitle--content\"><\/p>\n<div class=\"title\">\n<div class=\"title--inner\">\n<h1>MODELLE VON<br \/>\nDREHVERBINDUNGEN<\/h1>\n<\/div>\n<\/div>\n<p><\/div><div class=\"pageTitle--background\" style=\" background-image: url(https:\/\/www.rotis-lj.si\/wp-content\/uploads\/2018\/03\/SlewBearingType-1500x531.jpg); background-repeat:no-repeat; background-position:center center; background-size:cover; \"><\/div><\/div>\n<div class=\"ctaBlock\" data-button-position=\"0\" style='background-color:#f8f8f8; padding-top:70px; padding-bottom:70px;'>    <div class=\"row\">        <div class=\"ctaBlock--text\"><\/p>\n<p style=\"text-align: left;\">Ben\u00f6tigen Sie ein-, zwei- oder dreireihige Drehverbindungen? Kugel- oder Rollendrehverbindungen oder kombinierte Lagerl\u00f6sungen? Mit Innen- oder Au\u00dfenverzahnung?<\/p>\n<p style=\"text-align: left;\">Unsere Lager werden in vielen Bauformen produziert. In der folgenden Liste finden Sie die g\u00e4ngigste Lagerbauform. Wenn Sie die gew\u00fcnschte Lagerbauform nicht finden, setzen Sie sich bitte mit uns in Verbindung. Wir fertigen f\u00fcr Sie eine perfekt auf Ihre technischen Anforderungen zugeschnittene Drehverbindung.<\/p>\n<p><\/div><div class=\"ctaBlock--actions\"><a href=\"https:\/\/www.rotis-lj.si\/de\/drehverbindungen\/modelle-von-drehverbindungen\/\" class=\"btn\"  data-popup-toggle=\"2584\" target=\"_self\">ANFRAGE SENDEN<\/a><\/div>    <\/div><\/div>\n<div class=\"blockGridContainer \" style='padding-top:170px; padding-bottom:60px; ' data-padding-top=\"170\" data-padding-bottom=\"60\" >   <div class=\"row\">       <div class=\"blockGrid  \" >\n<div class=\"blockGrid--100\" data-mobile-position=\"0\" style=''><div class='textBlock' ><h2 style=\"text-align: center;\"><a href=\"https:\/\/www.rotis-lj.si\/de\/drehverbindungen\/modelle-von-drehverbindungen\/typ-2000\/\">TYP 2000 &#8211; EINREIHIGE KUGELDREHVERBINDUNG <\/a><\/h2>\n<\/div><br \/>\n<div class=\"blockGrid blockListBG\" data-margin-top=\"80\" data-margin-bottom=\"150\" data-block-layout=\"1\" data-block-type=\"2\"  style=\"margin-top:80px;margin-bottom:150px;\">\n<a href=\"https:\/\/www.rotis-lj.si\/de\/drehverbindungen\/modelle-von-drehverbindungen\/typ-2000\/#brez-ozobljenja\" target=\"_self\" class=\"blockGrid--item imgTxtThumb\" ><div class=\"imgTxtThumb--image not-background\"><img decoding=\"async\" src=\"https:\/\/www.rotis-lj.si\/wp-content\/uploads\/2017\/12\/tip-2000-brez.jpg\"\/><\/div><div class=\"imgTxtThumb--name\">   <div class=\"imgTxtThumb--name-large\">OHNE VERZAHNUNG<\/div>   <div class=\"imgTxtThumb--name-small\">Mehr<i class=\"icon-arrow-right\"><\/i><\/div><\/div><\/a>\n<a href=\"https:\/\/www.rotis-lj.si\/de\/drehverbindungen\/modelle-von-drehverbindungen\/typ-2000\/#notranje-ozobljenje\" target=\"_self\" class=\"blockGrid--item imgTxtThumb\" ><div class=\"imgTxtThumb--image not-background\"><img decoding=\"async\" src=\"https:\/\/www.rotis-lj.si\/wp-content\/uploads\/2017\/12\/tip-2000-notranje.jpg\"\/><\/div><div class=\"imgTxtThumb--name\">   <div class=\"imgTxtThumb--name-large\">INNENVERZAHNUNG<\/div>   <div class=\"imgTxtThumb--name-small\">Mehr<i class=\"icon-arrow-right\"><\/i><\/div><\/div><\/a>\n<a href=\"https:\/\/www.rotis-lj.si\/de\/drehverbindungen\/modelle-von-drehverbindungen\/typ-2000\/#zunanje-ozobljenje\" target=\"_self\" class=\"blockGrid--item imgTxtThumb\" ><div class=\"imgTxtThumb--image not-background\"><img decoding=\"async\" src=\"https:\/\/www.rotis-lj.si\/wp-content\/uploads\/2017\/12\/tip-2000-zunanje.jpg\"\/><\/div><div class=\"imgTxtThumb--name\">   <div class=\"imgTxtThumb--name-large\">AU\u00dfENVERZAHNUNG<\/div>   <div class=\"imgTxtThumb--name-small\">Mehr<i class=\"icon-arrow-right\"><\/i><\/div><\/div><\/a>\n<\/div><br \/>\n<div class='textBlock' ><h2 style=\"text-align: center;\"><a href=\"https:\/\/www.rotis-lj.si\/de\/drehverbindungen\/modelle-von-drehverbindungen\/typ-3000\/\">TYP 3000 &#8211; EINREIHIGE KUGELDREHVERBINDUNG<\/a><\/h2>\n<\/div><br \/>\n<div class=\"blockGrid blockListBG\" data-margin-top=\"80\" data-margin-bottom=\"150\" data-block-layout=\"1\" data-block-type=\"2\"  style=\"margin-top:80px;margin-bottom:150px;\">\n<a href=\"https:\/\/www.rotis-lj.si\/de\/drehverbindungen\/modelle-von-drehverbindungen\/typ-3000\/#brez-ozobljenja\" target=\"_self\" class=\"blockGrid--item imgTxtThumb\" ><div class=\"imgTxtThumb--image not-background\"><img decoding=\"async\" src=\"https:\/\/www.rotis-lj.si\/wp-content\/uploads\/2017\/12\/tip-3000-brez.jpg\"\/><\/div><div class=\"imgTxtThumb--name\">   <div class=\"imgTxtThumb--name-large\">OHNE VERZAHNUNG<\/div>   <div class=\"imgTxtThumb--name-small\">Mehr<i class=\"icon-arrow-right\"><\/i><\/div><\/div><\/a>\n<a href=\"https:\/\/www.rotis-lj.si\/de\/drehverbindungen\/modelle-von-drehverbindungen\/typ-3000\/#notranje-ozobljenje\" target=\"_self\" class=\"blockGrid--item imgTxtThumb\" ><div class=\"imgTxtThumb--image not-background\"><img decoding=\"async\" src=\"https:\/\/www.rotis-lj.si\/wp-content\/uploads\/2017\/12\/tip-3000-notranje.jpg\"\/><\/div><div class=\"imgTxtThumb--name\">   <div class=\"imgTxtThumb--name-large\">INNENVERZAHNUNG<\/div>   <div class=\"imgTxtThumb--name-small\">Mehr<i class=\"icon-arrow-right\"><\/i><\/div><\/div><\/a>\n<a href=\"https:\/\/www.rotis-lj.si\/de\/drehverbindungen\/modelle-von-drehverbindungen\/typ-3000\/#zunanje-ozobljenje\" target=\"_self\" class=\"blockGrid--item imgTxtThumb\" ><div class=\"imgTxtThumb--image not-background\"><img decoding=\"async\" src=\"https:\/\/www.rotis-lj.si\/wp-content\/uploads\/2017\/12\/tip-3000-zunanje.jpg\"\/><\/div><div class=\"imgTxtThumb--name\">   <div class=\"imgTxtThumb--name-large\">AU\u00dfENVERZAHNUNG<\/div>   <div class=\"imgTxtThumb--name-small\">Mehr<i class=\"icon-arrow-right\"><\/i><\/div><\/div><\/a>\n<\/div><br \/>\n<div class='textBlock' ><h2 style=\"text-align: center;\"><a href=\"https:\/\/www.rotis-lj.si\/de\/drehverbindungen\/modelle-von-drehverbindungen\/typ-4000\/\">TYP 4000 &#8211; ZWEIREIHIGE KUGELDREHVERBINDUNG<\/a><\/h2>\n<\/div><br \/>\n<div class=\"blockGrid blockListBG\" data-margin-top=\"80\" data-margin-bottom=\"150\" data-block-layout=\"1\" data-block-type=\"2\"  style=\"margin-top:80px;margin-bottom:150px;\">\n<a href=\"https:\/\/www.rotis-lj.si\/de\/drehverbindungen\/modelle-von-drehverbindungen\/typ-4000\/#notranje-ozobljenje\" target=\"_self\" class=\"blockGrid--item imgTxtThumb\" ><div class=\"imgTxtThumb--image not-background\"><img decoding=\"async\" src=\"https:\/\/www.rotis-lj.si\/wp-content\/uploads\/2017\/12\/tip-4000-notranje.jpg\"\/><\/div><div class=\"imgTxtThumb--name\">   <div class=\"imgTxtThumb--name-large\">INNENVERZAHNUNG<\/div>   <div class=\"imgTxtThumb--name-small\">Mehr<i class=\"icon-arrow-right\"><\/i><\/div><\/div><\/a>\n<a href=\"https:\/\/www.rotis-lj.si\/de\/drehverbindungen\/modelle-von-drehverbindungen\/typ-4000\/#zunanje-ozobljenje\" target=\"_self\" class=\"blockGrid--item imgTxtThumb\" ><div class=\"imgTxtThumb--image not-background\"><img decoding=\"async\" src=\"https:\/\/www.rotis-lj.si\/wp-content\/uploads\/2017\/12\/tip-4000-zunanje.jpg\"\/><\/div><div class=\"imgTxtThumb--name\">   <div class=\"imgTxtThumb--name-large\">AU\u00dfENVERZAHNUNG<\/div>   <div class=\"imgTxtThumb--name-small\">Mehr<i class=\"icon-arrow-right\"><\/i><\/div><\/div><\/a>\n<\/div><br \/>\n<div class='textBlock' ><h2 style=\"text-align: center;\"><a href=\"https:\/\/www.rotis-lj.si\/de\/drehverbindungen\/modelle-von-drehverbindungen\/typ-5000\/\">TYP 5000 &#8211; EINREIHIGE ROLLENDREHVERBINDUNG<\/a><\/h2>\n<\/div><br \/>\n<div class=\"blockGrid blockListBG\" data-margin-top=\"80\" data-margin-bottom=\"150\" data-block-layout=\"1\" data-block-type=\"2\"  style=\"margin-top:80px;margin-bottom:150px;\">\n<a href=\"https:\/\/www.rotis-lj.si\/de\/drehverbindungen\/modelle-von-drehverbindungen\/typ-5000\/#notranje-ozobljenje\" target=\"_self\" class=\"blockGrid--item imgTxtThumb\" ><div class=\"imgTxtThumb--image not-background\"><img decoding=\"async\" src=\"https:\/\/www.rotis-lj.si\/wp-content\/uploads\/2017\/12\/tip-5000-notranje.jpg\"\/><\/div><div class=\"imgTxtThumb--name\">   <div class=\"imgTxtThumb--name-large\">INNENVERZAHNUNG<\/div>   <div class=\"imgTxtThumb--name-small\">Mehr<i class=\"icon-arrow-right\"><\/i><\/div><\/div><\/a>\n<a href=\"https:\/\/www.rotis-lj.si\/de\/drehverbindungen\/modelle-von-drehverbindungen\/typ-5000\/#zunanje-ozobljenje\" target=\"_self\" class=\"blockGrid--item imgTxtThumb\" ><div class=\"imgTxtThumb--image not-background\"><img decoding=\"async\" src=\"https:\/\/www.rotis-lj.si\/wp-content\/uploads\/2017\/12\/tip-5000-zunanje.jpg\"\/><\/div><div class=\"imgTxtThumb--name\">   <div class=\"imgTxtThumb--name-large\">AU\u00dfENVERZAHNUNG<\/div>   <div class=\"imgTxtThumb--name-small\">Mehr<i class=\"icon-arrow-right\"><\/i><\/div><\/div><\/a>\n<\/div><br \/>\n<div class='textBlock' ><h2 style=\"text-align: center;\"><a href=\"https:\/\/www.rotis-lj.si\/de\/drehverbindungen\/modelle-von-drehverbindungen\/typ-7000\/\">TYP 7000 &#8211; DREIREIHIGE ROLLENDREHVERBINDUNG<\/a><\/h2>\n<\/div><br \/>\n<div class=\"blockGrid blockListBG\" data-margin-top=\"80\" data-margin-bottom=\"150\" data-block-layout=\"1\" data-block-type=\"2\"  style=\"margin-top:80px;margin-bottom:150px;\">\n<a href=\"https:\/\/www.rotis-lj.si\/de\/drehverbindungen\/modelle-von-drehverbindungen\/typ-7000\/#notranje-ozobljenje\" target=\"_self\" class=\"blockGrid--item imgTxtThumb\" ><div class=\"imgTxtThumb--image not-background\"><img decoding=\"async\" src=\"https:\/\/www.rotis-lj.si\/wp-content\/uploads\/2017\/12\/tip-7000-notranje.jpg\"\/><\/div><div class=\"imgTxtThumb--name\">   <div class=\"imgTxtThumb--name-large\">INNENVERZAHNUNG<\/div>   <div class=\"imgTxtThumb--name-small\">Mehr<i class=\"icon-arrow-right\"><\/i><\/div><\/div><\/a>\n<a href=\"https:\/\/www.rotis-lj.si\/de\/drehverbindungen\/modelle-von-drehverbindungen\/typ-7000\/#zunanje-ozobljenje\" target=\"_self\" class=\"blockGrid--item imgTxtThumb\" ><div class=\"imgTxtThumb--image not-background\"><img decoding=\"async\" src=\"https:\/\/www.rotis-lj.si\/wp-content\/uploads\/2017\/12\/tip-7000-zunanje.jpg\"\/><\/div><div class=\"imgTxtThumb--name\">   <div class=\"imgTxtThumb--name-large\">AU\u00dfENVERZAHNUNG<\/div>   <div class=\"imgTxtThumb--name-small\">Mehr<i class=\"icon-arrow-right\"><\/i><\/div><\/div><\/a>\n<\/div><br \/>\n<div class='textBlock' ><h2 style=\"text-align: center;\"><a href=\"https:\/\/www.rotis-lj.si\/de\/drehverbindungen\/modelle-von-drehverbindungen\/typ-8000\/\">TYP 8000 &#8211; SONDERAUSGABE<\/a><\/h2>\n<\/div><br \/>\n<div class=\"blockGrid blockListBG\" data-margin-top=\"80\" data-margin-bottom=\"150\" data-block-layout=\"1\" data-block-type=\"2\"  style=\"margin-top:80px;margin-bottom:150px;\">\n<a href=\"https:\/\/www.rotis-lj.si\/de\/drehverbindungen\/modelle-von-drehverbindungen\/typ-8000\/#brez-ozobljenja\" target=\"_self\" class=\"blockGrid--item imgTxtThumb\" ><div class=\"imgTxtThumb--image not-background\"><img decoding=\"async\" src=\"https:\/\/www.rotis-lj.si\/wp-content\/uploads\/2018\/04\/Le\u017eaj_tip_8000_skompresirano.png\"\/><\/div><div class=\"imgTxtThumb--name\">OHNE VERZAHNUNG<\/div><\/a>\n<\/div><\/p>\n<\/div>\n       <\/div>   <\/div><\/div>\n<div class=\"ctaBlock\" data-button-position=\"0\" style='background-color:#f8f8f8; padding-top:90px; padding-bottom:80px;'>    <div class=\"row\">        <div class=\"ctaBlock--text\"><\/p>\n<h2 style=\"text-align: center;\">Sie k\u00f6nnen die passende Lagerbauform nicht finden?<\/h2>\n<p style=\"text-align: center;\">Mehr als 60% der Drehverbindungen werden bestellbezogen gefertigt. Teilen Sie uns Ihre Anforderungen mit, damit die Experten von Rotis auf Basis ihrer Berechnungen eine auf Ihre Bed\u00fcrfnisse zugeschnittene Drehverbindung herstellen k\u00f6nnen.<\/p>\n<p><\/div><div class=\"ctaBlock--actions\"><a href=\"https:\/\/www.rotis-lj.si\/de\/drehverbindungen\/modelle-von-drehverbindungen\/\" class=\"btn\"  data-popup-toggle=\"2584\" target=\"_self\">SENDEN SIE UNS IHRE TECHNISCHEN ANFORDERUNGEN<\/a><\/div>    <\/div><\/div>\n","protected":false},"excerpt":{"rendered":"","protected":false},"author":2,"featured_media":0,"parent":2604,"menu_order":0,"comment_status":"closed","ping_status":"closed","template":"","meta":{"om_disable_all_campaigns":false,"_monsterinsights_skip_tracking":false,"_monsterinsights_sitenote_active":false,"_monsterinsights_sitenote_note":"","_monsterinsights_sitenote_category":0,"_uf_show_specific_survey":0,"_uf_disable_surveys":false,"footnotes":""},"aioseo_notices":[],"_links":{"self":[{"href":"https:\/\/www.rotis-lj.si\/de\/wp-json\/wp\/v2\/pages\/2607"}],"collection":[{"href":"https:\/\/www.rotis-lj.si\/de\/wp-json\/wp\/v2\/pages"}],"about":[{"href":"https:\/\/www.rotis-lj.si\/de\/wp-json\/wp\/v2\/types\/page"}],"author":[{"embeddable":true,"href":"https:\/\/www.rotis-lj.si\/de\/wp-json\/wp\/v2\/users\/2"}],"replies":[{"embeddable":true,"href":"https:\/\/www.rotis-lj.si\/de\/wp-json\/wp\/v2\/comments?post=2607"}],"version-history":[{"count":12,"href":"https:\/\/www.rotis-lj.si\/de\/wp-json\/wp\/v2\/pages\/2607\/revisions"}],"predecessor-version":[{"id":4266,"href":"https:\/\/www.rotis-lj.si\/de\/wp-json\/wp\/v2\/pages\/2607\/revisions\/4266"}],"up":[{"embeddable":true,"href":"https:\/\/www.rotis-lj.si\/de\/wp-json\/wp\/v2\/pages\/2604"}],"wp:attachment":[{"href":"https:\/\/www.rotis-lj.si\/de\/wp-json\/wp\/v2\/media?parent=2607"}],"curies":[{"name":"wp","href":"https:\/\/api.w.org\/{rel}","templated":true}]}}