{"id":2646,"date":"2018-06-27T18:15:45","date_gmt":"2018-06-27T18:15:45","guid":{"rendered":"https:\/\/www.rotis-lj.si\/?page_id=2646"},"modified":"2018-11-22T07:56:55","modified_gmt":"2018-11-22T07:56:55","slug":"maschinenteile","status":"publish","type":"page","link":"https:\/\/www.rotis-lj.si\/de\/maschinenteile\/","title":{"rendered":"Maschinenteile"},"content":{"rendered":"<div class=\"pageTitle\" style=\"\"  data-text-color=\"#023c5b\" data-line-color=\"#e8b200\"><div class=\"pageTitle--content\"><\/p>\n<div class=\"title\">\n<div class=\"title--inner\">\n<h1>MASCHINENTEILE<\/h1>\n<\/div>\n<\/div>\n<p><\/div><div class=\"pageTitle--background\" style=\" background-image: url(https:\/\/www.rotis-lj.si\/wp-content\/uploads\/2018\/03\/Lathe2-1500x531.jpg); background-repeat:no-repeat; background-position:center center; background-size:cover; \"><\/div><\/div>\n<div class=\"blockGridContainer \" style='background-color:#f8f8f8;padding-top:50px; padding-bottom:50px; ' data-padding-top=\"50\" data-padding-bottom=\"50\" >   <div class=\"row\">       <div class=\"blockGrid  \" >\n<div class=\"blockGrid--100\" data-mobile-position=\"0\" style=''><div class='textBlock' data-content-limit=\"1\" data-content-center=\"0\"><h2 style=\"text-align: left;\">Warum Maschienenteile von ROTIS?<\/h2>\n<p style=\"text-align: left;\">Hohe Produktionsflexibilit\u00e4t, jeweilige Anpassung an die technischen Anforderungen des Kunden, Optimierung der Beschaffungskosten und termingerechte Lieferung sind die Merkmale, aufgrund welcher Sie mit Rotis immer wieder gerne zusammenarbeiten werden.<\/p>\n<p style=\"text-align: left;\">Wir konstruieren und fertigen individuelle Baugruppen und Gro\u00dfserien aus hochwertigen Materialien von zertifizierten und etablierten europ\u00e4ischen Lieferanten. Gerne f\u00fchren wir nur eine individuelle Operation durch oder wir produzieren das gesamte Produkt \u2013 alles nach Ihren Pl\u00e4nen. Wir helfen Ihnen auch bei der Umsetzung Ihrer Gesch\u00e4ftsideen. Unser Expertenteam ber\u00e4t, plant und entwickelt das Produkt von der ersten Testversion bis zur endg\u00fcltigen Serienproduktion.<\/p>\n<\/div>\n<\/div>\n       <\/div>   <\/div><\/div>\n<div class=\"blockGridContainer \" style='background-image: url(https:\/\/www.rotis-lj.si\/wp-content\/uploads\/2017\/12\/strojni-deli-partial-bg.jpg); background-repeat:no-repeat; background-position:center right; background-size:cover;padding-top:120px; padding-bottom:100px; ' data-padding-top=\"120\" data-padding-bottom=\"100\" >   <div class=\"row\">       <div class=\"blockGrid  \" >\n<div class=\"blockGrid--100\" data-mobile-position=\"0\" style=''><div class=\"blockGrid blockListBG\" data-block-layout=\"0\" data-block-type=\"0\"  style=\"\"><div class=\"blockGrid--item txtThumb\">   <div>       <h2>MASCHINENTEILE,<\/h2>       <p>die wir<br \/>\nherstellen<\/p>   <\/div><\/div>\n<a href=\"https:\/\/www.rotis-lj.si\/de\/maschinenteile\/zahnraeder\/\" target=\"_self\" class=\"blockGrid--item imgTxtThumb\" ><div class=\"imgTxtThumb--image not-background\"><img decoding=\"async\" src=\"https:\/\/www.rotis-lj.si\/wp-content\/uploads\/2017\/12\/zobniki-thumb-1.png\"\/><\/div><div class=\"imgTxtThumb--name\">ZAHNR\u00c4DER<\/div><\/a>\n<a href=\"https:\/\/www.rotis-lj.si\/de\/maschinenteile\/schweisskonstruktionen\/\" target=\"_self\" class=\"blockGrid--item imgTxtThumb\" ><div class=\"imgTxtThumb--image not-background\"><img decoding=\"async\" src=\"https:\/\/www.rotis-lj.si\/wp-content\/uploads\/2017\/12\/zvarjene-konstrukcije-thumb-1.png\"\/><\/div><div class=\"imgTxtThumb--name\">SCHWEISSKONSTRUKTIONEN<\/div><\/a>\n<a href=\"https:\/\/www.rotis-lj.si\/de\/maschinenteile\/maschinenteile-und-baugruppen\/\" target=\"_self\" class=\"blockGrid--item imgTxtThumb\" ><div class=\"imgTxtThumb--image not-background\"><img decoding=\"async\" src=\"https:\/\/www.rotis-lj.si\/wp-content\/uploads\/2017\/12\/strojni-deli-thumb.png\"\/><\/div><div class=\"imgTxtThumb--name\">MASCHINENTEILE UND BAUGRUPPEN<\/div><\/a>\n<\/div>\n<\/div>       <\/div>   <\/div><\/div><div class=\"blockGridContainer \" style='padding-top:80px; padding-bottom:80px; ' data-padding-top=\"80\" data-padding-bottom=\"80\" >   <div class=\"row\">       <div class=\"blockGrid  \" >\n<div class=\"blockGrid--50\" data-mobile-position=\"0\" style=''><div class='textBlock' ><h2>Produktionskapazit\u00e4t<\/h2>\n<p>Der Technologiepark von Rotis umfasst verschiedene High-Tech-Maschinen. Dazu geh\u00f6ren CNC-Vertikaldrehmaschinen, Horizontaldrehmaschinen, Verzahnungsmaschinen, Bearbeitungszentren, Bohr- und Induktivh\u00e4rtungsmaschinen sowie viele andere Maschinen, die es uns erm\u00f6glichen, den Produktionsprozess von Anfang bis Ende in eigenen Produktionsst\u00e4tten v\u00f6llig unabh\u00e4ngig durchzuf\u00fchren.<\/p>\n<p><a class=\"btn\" href=\"https:\/\/www.rotis-lj.si\/de\/produktionskapazitaet\/\">MEHR DAR\u00dcBER<\/a><\/p>\n<\/div>\n<\/div><div class=\"blockGrid--50\" data-mobile-position=\"0\" style=''><div class=\"sliderContainer \" data-navigation-arrows=\"2\" data-visible-slides=\"1\">   <div class=\"sliderInner\">  <div class=\"slider\" data-visible=\"1\" data-autoplay=\"false\" data-interval=\"5000\"><div class=\"slider--item\"><img src='https:\/\/www.rotis-lj.si\/wp-content\/uploads\/2018\/03\/Rotis_production_capacities_0-17_S.jpg' title='Rotis_production_capacities_0-17_S' alt='' \/><\/div><div class=\"slider--item\"><img src='https:\/\/www.rotis-lj.si\/wp-content\/uploads\/2018\/03\/Rotis_production_capacities_0_10_S.jpg' title='Rotis_production_capacities_0_10_S' alt='' \/><\/div><div class=\"slider--item\"><img src='https:\/\/www.rotis-lj.si\/wp-content\/uploads\/2018\/03\/Rotis_production_capacities_0-24_S.jpg' title='Rotis_production_capacities_0-24_S' alt='' \/><\/div><div class=\"slider--item\"><img src='https:\/\/www.rotis-lj.si\/wp-content\/uploads\/2018\/03\/Rotis_production_capacities_16.jpg' title='Rotis_production_capacities_16' alt='' \/><\/div><div class=\"slider--item\"><img src='https:\/\/www.rotis-lj.si\/wp-content\/uploads\/2018\/03\/Rotis_production_capacities_15.jpg' title='Rotis_production_capacities_15' alt='' \/><\/div>  <\/div>  <div class=\"slider--arrows\"><\/div>   <\/div><\/div>\n<\/div>\n       <\/div>   <\/div><\/div><\/p>\n<div class=\"ctaBlock\" data-button-position=\"0\" style='background-color:#f8f8f8; padding-top:60px; padding-bottom:60px;'>    <div class=\"row\">        <div class=\"ctaBlock--text\"><\/p>\n<h2 style=\"text-align: center;\">Optimieren Sie Ihre Einkaufskosten?<\/h2>\n<p style=\"text-align: center;\">Schicken Sie uns Ihre technischen Anforderungen und wir unterbreiten Ihnen gerne ein unverbindliches Angebot.<\/p>\n<p><\/div><div class=\"ctaBlock--actions\"><a href=\"https:\/\/www.rotis-lj.si\/de\/maschinenteile\/\" class=\"btn\"  data-popup-toggle=\"2583\" target=\"_self\">ANFRAGE SENDEN<\/a><\/div>    <\/div><\/div>\n","protected":false},"excerpt":{"rendered":"","protected":false},"author":2,"featured_media":0,"parent":0,"menu_order":0,"comment_status":"closed","ping_status":"closed","template":"","meta":{"om_disable_all_campaigns":false,"_monsterinsights_skip_tracking":false,"_monsterinsights_sitenote_active":false,"_monsterinsights_sitenote_note":"","_monsterinsights_sitenote_category":0,"_uf_show_specific_survey":0,"_uf_disable_surveys":false,"footnotes":""},"aioseo_notices":[],"_links":{"self":[{"href":"https:\/\/www.rotis-lj.si\/de\/wp-json\/wp\/v2\/pages\/2646"}],"collection":[{"href":"https:\/\/www.rotis-lj.si\/de\/wp-json\/wp\/v2\/pages"}],"about":[{"href":"https:\/\/www.rotis-lj.si\/de\/wp-json\/wp\/v2\/types\/page"}],"author":[{"embeddable":true,"href":"https:\/\/www.rotis-lj.si\/de\/wp-json\/wp\/v2\/users\/2"}],"replies":[{"embeddable":true,"href":"https:\/\/www.rotis-lj.si\/de\/wp-json\/wp\/v2\/comments?post=2646"}],"version-history":[{"count":8,"href":"https:\/\/www.rotis-lj.si\/de\/wp-json\/wp\/v2\/pages\/2646\/revisions"}],"predecessor-version":[{"id":4268,"href":"https:\/\/www.rotis-lj.si\/de\/wp-json\/wp\/v2\/pages\/2646\/revisions\/4268"}],"wp:attachment":[{"href":"https:\/\/www.rotis-lj.si\/de\/wp-json\/wp\/v2\/media?parent=2646"}],"curies":[{"name":"wp","href":"https:\/\/api.w.org\/{rel}","templated":true}]}}