{"id":2647,"date":"2018-06-27T18:15:49","date_gmt":"2018-06-27T18:15:49","guid":{"rendered":"https:\/\/www.rotis-lj.si\/?page_id=2647"},"modified":"2018-09-24T13:01:35","modified_gmt":"2018-09-24T13:01:35","slug":"maschinenteile-und-baugruppen","status":"publish","type":"page","link":"https:\/\/www.rotis-lj.si\/de\/maschinenteile\/maschinenteile-und-baugruppen\/","title":{"rendered":"Maschinenteile und Baugruppen"},"content":{"rendered":"<div class=\"pageTitle\" style=\"\"  data-text-color=\"#023c5b\" data-line-color=\"#e8b200\"><div class=\"pageTitle--content\"><\/p>\n<div class=\"title\">\n<div class=\"title--inner\">\n<h1><span style=\"color: #023c5b;\"> MASCHINENTEILE<br \/>\nUND BAUGRUPPEN <\/span><\/h1>\n<\/div>\n<\/div>\n<p><\/div><div class=\"pageTitle--background\" style=\" background-image: url(https:\/\/www.rotis-lj.si\/wp-content\/uploads\/2018\/06\/strojni-deli-sklopi-1.jpg); background-repeat:no-repeat; background-position:center center; background-size:cover; \"><\/div><\/div>\n<div class=\"blockGridContainer \" style='background-color:#f8f8f8;padding-top:50px; padding-bottom:60px; ' data-padding-top=\"50\" data-padding-bottom=\"60\" >   <div class=\"row\">       <div class=\"blockGrid  \" >\n<div class=\"blockGrid--100\" data-mobile-position=\"0\" style=''><div class='textBlock' data-content-limit=\"1\" data-content-center=\"0\"><h2 style=\"text-align: left;\">Warum Maschinenteile und Baugruppen von Rotis?<\/h2>\n<p>Maschinenteile sind wichtige Bestandteile des fertigen Produkts. Je hochwertiger die Komponenten, desto l\u00e4nger die Lebensdauer der Endprodukte. Bei Rotis werden daher die Materialien, aus denen die Maschinenteile produziert werden, besonders sorgf\u00e4ltig ausgew\u00e4hlt. Wir entwerfen und fertigen sowohl einzelne Baugruppen als auch gro\u00dfe Serien von Maschinenteilen. Je nach Bedarf werden die mechanischen Teile entsprechend Ihrer Vorgaben weiterverarbeitet.<\/p>\n<\/div><br \/>\n<div class=\"ctaBlock\" data-button-position=\"0\" style=' padding-top:60px; padding-bottom:60px;'>    <div class=\"row\">        <div class=\"ctaBlock--text\"><\/div><div class=\"ctaBlock--actions\"><a href=\"https:\/\/www.rotis-lj.si\/de\/maschinenteile\/maschinenteile-und-baugruppen\/\" class=\"btn\"  data-popup-toggle=\"2584\" target=\"_self\">ANFRAGE SENDEN<\/a><\/div>    <\/div><\/div><\/p>\n<\/div>       <\/div>   <\/div><\/div><div class=\"blockGridContainer \" style='padding-top:90px; padding-bottom:90px; ' data-padding-top=\"90\" data-padding-bottom=\"90\" >   <div class=\"row\">       <div class=\"blockGrid  \" >\n<div class=\"blockGrid--50\" data-mobile-position=\"0\" style=''><div class='textBlock' ><h2>PRODUKTIONSPROGRAMM<\/h2>\n<ul>\n<li>Wellen und Achsen bis zu einem Durchmesser von 700 mm und einer L\u00e4nge von 3000 mm<\/li>\n<li>Teile von Turbinen und Ventilen<\/li>\n<li>Laufringe und Flansche<\/li>\n<li>Kleine Maschinenteile: Buchsen, Ringe, Achsen<\/li>\n<li>Getriebegeh\u00e4use<\/li>\n<li>Saiten und Riemenscheiben<\/li>\n<li>Rollenlinien<\/li>\n<li>Teile von Profilierungs- und Kalibrierungslinien<\/li>\n<\/ul>\n<\/div>\n<\/div><div class=\"blockGrid--50\" data-mobile-position=\"0\" style=''><div class=\"sliderContainer \" data-navigation-arrows=\"2\" data-visible-slides=\"1\">   <div class=\"sliderInner\">  <div class=\"slider\" data-visible=\"1\" data-autoplay=\"false\" data-interval=\"5000\"><div class=\"slider--item\"><img src='https:\/\/www.rotis-lj.si\/wp-content\/uploads\/2018\/04\/strojni_del_5.jpg' title='Rotis_machine_part_1' alt='' \/><\/div><div class=\"slider--item\"><img src='https:\/\/www.rotis-lj.si\/wp-content\/uploads\/2018\/04\/strojni_del_8.jpg' title='Rotis_machine_part_4' alt='' \/><\/div>  <\/div>  <div class=\"slider--arrows\"><\/div>   <\/div><\/div>\n<\/div>\n       <\/div>   <\/div><\/div><\/p>\n<div class=\"ctaBlock\" data-button-position=\"0\" style=' padding-top:60px; padding-bottom:60px;'>    <div class=\"row\">        <div class=\"ctaBlock--text\"><\/p>\n<h2 style=\"text-align: center;\">Optimieren Sie Ihre Einkaufskosten?<\/h2>\n<p style=\"text-align: center;\">Schicken Sie uns Ihre technischen Anforderungen und wir unterbreiten Ihnen gerne ein unverbindliches Angebot.<\/p>\n<p><\/div><div class=\"ctaBlock--actions\"><a href=\"https:\/\/www.rotis-lj.si\/de\/maschinenteile\/maschinenteile-und-baugruppen\/\" class=\"btn\"  data-popup-toggle=\"2584\" target=\"_self\">ANFRAGE SENDEN<\/a><\/div>    <\/div><\/div>\n<div class=\"blockGridContainer \" style='' >   <div class=\"row\">       <div class=\"blockGrid  \" >\n<div class=\"blockGrid--50\" data-mobile-position=\"0\" style=''><\/div> <div class=\"blockGrid--50\" data-mobile-position=\"0\" style=''><\/div>\n       <\/div>   <\/div><\/div>\n","protected":false},"excerpt":{"rendered":"","protected":false},"author":2,"featured_media":0,"parent":2646,"menu_order":0,"comment_status":"closed","ping_status":"closed","template":"","meta":{"om_disable_all_campaigns":false,"_monsterinsights_skip_tracking":false,"_monsterinsights_sitenote_active":false,"_monsterinsights_sitenote_note":"","_monsterinsights_sitenote_category":0,"_uf_show_specific_survey":0,"_uf_disable_surveys":false,"footnotes":""},"aioseo_notices":[],"_links":{"self":[{"href":"https:\/\/www.rotis-lj.si\/de\/wp-json\/wp\/v2\/pages\/2647"}],"collection":[{"href":"https:\/\/www.rotis-lj.si\/de\/wp-json\/wp\/v2\/pages"}],"about":[{"href":"https:\/\/www.rotis-lj.si\/de\/wp-json\/wp\/v2\/types\/page"}],"author":[{"embeddable":true,"href":"https:\/\/www.rotis-lj.si\/de\/wp-json\/wp\/v2\/users\/2"}],"replies":[{"embeddable":true,"href":"https:\/\/www.rotis-lj.si\/de\/wp-json\/wp\/v2\/comments?post=2647"}],"version-history":[{"count":6,"href":"https:\/\/www.rotis-lj.si\/de\/wp-json\/wp\/v2\/pages\/2647\/revisions"}],"predecessor-version":[{"id":3730,"href":"https:\/\/www.rotis-lj.si\/de\/wp-json\/wp\/v2\/pages\/2647\/revisions\/3730"}],"up":[{"embeddable":true,"href":"https:\/\/www.rotis-lj.si\/de\/wp-json\/wp\/v2\/pages\/2646"}],"wp:attachment":[{"href":"https:\/\/www.rotis-lj.si\/de\/wp-json\/wp\/v2\/media?parent=2647"}],"curies":[{"name":"wp","href":"https:\/\/api.w.org\/{rel}","templated":true}]}}