{"id":2648,"date":"2018-06-27T18:15:53","date_gmt":"2018-06-27T18:15:53","guid":{"rendered":"https:\/\/www.rotis-lj.si\/?page_id=2648"},"modified":"2018-11-22T07:57:54","modified_gmt":"2018-11-22T07:57:54","slug":"schweisskonstruktionen","status":"publish","type":"page","link":"https:\/\/www.rotis-lj.si\/de\/maschinenteile\/schweisskonstruktionen\/","title":{"rendered":"Schweisskonstruktionen"},"content":{"rendered":"<div class=\"pageTitle\" style=\"\"  data-text-color=\"#023c5b\" data-line-color=\"#e8b200\"><div class=\"pageTitle--content\"><\/p>\n<div class=\"title\">\n<div class=\"title--inner\">\n<h1>SCHWEISSKONSTRUKTIONEN<\/h1>\n<\/div>\n<\/div>\n<p><\/div><div class=\"pageTitle--background\" style=\" background-image: url(https:\/\/www.rotis-lj.si\/wp-content\/uploads\/2018\/06\/VARJENE-konstrukcije.jpg); background-repeat:no-repeat; background-position:center center; background-size:cover; \"><\/div><\/div>\n<div class=\"blockGridContainer \" style='background-color:#f8f8f8;padding-top:50px; padding-bottom:60px; ' data-padding-top=\"50\" data-padding-bottom=\"60\" >   <div class=\"row\">       <div class=\"blockGrid  \" >\n<div class=\"blockGrid--100\" data-mobile-position=\"0\" style=''><div class='textBlock' data-content-limit=\"1\" data-content-center=\"0\"><h2 style=\"text-align: left;\">Warum Schwei\u00dfkonstruktionen von Rotis?<\/h2>\n<p>Auf der Grundlage Ihrer Vorgaben und technischer Zeichnungen fertigen wir f\u00fcr Sie Schwei\u00dfkonstruktionen. Langj\u00e4hrige Erfahrungen auf dem Gebiet des Schwei\u00dfens erm\u00f6glicht uns, komplexe und anspruchsvolle Schwei\u00dfkonstruktionen herzustellen.<\/p>\n<p>Wir produzieren mechanisch behandelte Schwei\u00dfkonstruktionen bis zu 5 Tonnen. Die geschwei\u00dften Teile k\u00f6nnen auf CNC-Bearbeitungsmaschinen thermisch und mechanisch bearbeitet werden.<\/p>\n<\/div>\n<\/div>\n       <\/div>   <\/div><\/div>\n<div class=\"ctaBlock\" data-button-position=\"0\" style=' padding-top:60px; padding-bottom:60px;'>    <div class=\"row\">        <div class=\"ctaBlock--text\"><\/div><div class=\"ctaBlock--actions\"><a href=\"https:\/\/www.rotis-lj.si\/de\/maschinenteile\/schweisskonstruktionen\/\" class=\"btn\"  data-popup-toggle=\"2584\" target=\"_self\">ANFRAGE SENDEN<\/a><\/div>    <\/div><\/div>\n<div class=\"blockGridContainer \" style='padding-top:90px; padding-bottom:90px; ' data-padding-top=\"90\" data-padding-bottom=\"90\" >   <div class=\"row\">       <div class=\"blockGrid  \" >\n<div class=\"blockGrid--50\" data-mobile-position=\"0\" style=''><div class='textBlock' ><h2>PRODUKTIONSPROGRAMM<\/h2>\n<ul>\n<li>Stahlkonstruktionen, einschlie\u00dflich Feinkornstahl bis STE 690<\/li>\n<li>legierte St\u00e4hle<\/li>\n<li>Stahlschwei\u00dfen zum Zementieren<\/li>\n<\/ul>\n<\/div>\n<\/div><div class=\"blockGrid--50\" data-mobile-position=\"0\" style=''><div class=\"sliderContainer \" data-navigation-arrows=\"2\" data-visible-slides=\"1\">   <div class=\"sliderInner\">  <div class=\"slider\" data-visible=\"1\" data-autoplay=\"false\" data-interval=\"5000\"><div class=\"slider--item\"><img src='https:\/\/www.rotis-lj.si\/wp-content\/uploads\/2018\/04\/Varjenje1-min.jpg' title='Rotis_welded_construction_1' alt='' \/><\/div><div class=\"slider--item\"><img src='https:\/\/www.rotis-lj.si\/wp-content\/uploads\/2018\/04\/Varjenje5.png' title='Rotis_welded_construction_2' alt='' \/><\/div><div class=\"slider--item\"><img src='https:\/\/www.rotis-lj.si\/wp-content\/uploads\/2018\/04\/Varjenje3.png' title='Rotis_welded_construction_3' alt='' \/><\/div><div class=\"slider--item\"><img src='https:\/\/www.rotis-lj.si\/wp-content\/uploads\/2018\/04\/Varjenje4.png' title='Rotis_welded_construction_4' alt='' \/><\/div>  <\/div>  <div class=\"slider--arrows\"><\/div>   <\/div><\/div>\n<\/div>\n       <\/div>   <\/div><\/div>\n<div class=\"ctaBlock\" data-button-position=\"0\" style=' padding-top:60px; padding-bottom:60px;'>    <div class=\"row\">        <div class=\"ctaBlock--text\"><\/p>\n<h2 style=\"text-align: center;\">Optimieren Sie Ihre Einkaufskosten?<\/h2>\n<p style=\"text-align: center;\">Schicken Sie uns Ihre technischen Anforderungen und wir unterbreiten Ihnen gerne ein unverbindliches Angebot.<\/p>\n<p><\/div><div class=\"ctaBlock--actions\"><a href=\"https:\/\/www.rotis-lj.si\/de\/maschinenteile\/schweisskonstruktionen\/\" class=\"btn\"  data-popup-toggle=\"2583\" target=\"_self\">ANFRAGE SENDEN<\/a><\/div>    <\/div><\/div>\n","protected":false},"excerpt":{"rendered":"","protected":false},"author":2,"featured_media":0,"parent":2646,"menu_order":0,"comment_status":"closed","ping_status":"closed","template":"","meta":{"om_disable_all_campaigns":false,"_monsterinsights_skip_tracking":false,"_monsterinsights_sitenote_active":false,"_monsterinsights_sitenote_note":"","_monsterinsights_sitenote_category":0,"_uf_show_specific_survey":0,"_uf_disable_surveys":false,"footnotes":""},"aioseo_notices":[],"_links":{"self":[{"href":"https:\/\/www.rotis-lj.si\/de\/wp-json\/wp\/v2\/pages\/2648"}],"collection":[{"href":"https:\/\/www.rotis-lj.si\/de\/wp-json\/wp\/v2\/pages"}],"about":[{"href":"https:\/\/www.rotis-lj.si\/de\/wp-json\/wp\/v2\/types\/page"}],"author":[{"embeddable":true,"href":"https:\/\/www.rotis-lj.si\/de\/wp-json\/wp\/v2\/users\/2"}],"replies":[{"embeddable":true,"href":"https:\/\/www.rotis-lj.si\/de\/wp-json\/wp\/v2\/comments?post=2648"}],"version-history":[{"count":5,"href":"https:\/\/www.rotis-lj.si\/de\/wp-json\/wp\/v2\/pages\/2648\/revisions"}],"predecessor-version":[{"id":4270,"href":"https:\/\/www.rotis-lj.si\/de\/wp-json\/wp\/v2\/pages\/2648\/revisions\/4270"}],"up":[{"embeddable":true,"href":"https:\/\/www.rotis-lj.si\/de\/wp-json\/wp\/v2\/pages\/2646"}],"wp:attachment":[{"href":"https:\/\/www.rotis-lj.si\/de\/wp-json\/wp\/v2\/media?parent=2648"}],"curies":[{"name":"wp","href":"https:\/\/api.w.org\/{rel}","templated":true}]}}