{"id":2649,"date":"2018-06-27T18:15:57","date_gmt":"2018-06-27T18:15:57","guid":{"rendered":"https:\/\/www.rotis-lj.si\/?page_id=2649"},"modified":"2018-11-22T07:58:52","modified_gmt":"2018-11-22T07:58:52","slug":"zahnraeder","status":"publish","type":"page","link":"https:\/\/www.rotis-lj.si\/de\/maschinenteile\/zahnraeder\/","title":{"rendered":"Zahnr\u00e4der"},"content":{"rendered":"<div class=\"pageTitle\" style=\"\"  data-text-color=\"#023c5b\" data-line-color=\"#e8b200\"><div class=\"pageTitle--content\"><\/p>\n<div class=\"title\">\n<div class=\"title--inner\">\n<h1>ZAHNR\u00c4DER<\/h1>\n<\/div>\n<\/div>\n<p><\/div><div class=\"pageTitle--background\" style=\" background-image: url(https:\/\/www.rotis-lj.si\/wp-content\/uploads\/2018\/06\/Zobniki-rotis.jpg); background-repeat:no-repeat; background-position:center center; background-size:cover; \"><\/div><\/div>\n<div class=\"blockGridContainer \" style='background-color:#f8f8f8;padding-top:50px; padding-bottom:60px; ' data-padding-top=\"50\" data-padding-bottom=\"60\" >   <div class=\"row\">       <div class=\"blockGrid  \" >\n<div class=\"blockGrid--100\" data-mobile-position=\"0\" style=''><div class='textBlock' data-content-limit=\"1\" data-content-center=\"0\"><h2 style=\"text-align: left;\">Warum Zahnr\u00e4der von Rotis?<\/h2>\n<p>Ben\u00f6tigen Sie eine ganze Serie oder nur einen einzigen Prototypen? Wir bieten Ihnen eine integrierte L\u00f6sung sowohl bei der Konstruktion bzw. Fertigung eines einzelnen Zahnrades als auch bei der Serienfertigung von Getrieben.<\/p>\n<p>F\u00fcr den Fall, dass wir gemeinsam ein neues Produkt entwickeln, arbeiten wir vom Konzept bis zur Umsetzung eng mit Ihnen zusammen. W\u00e4hrend des gesamten Produktentwicklungsprozesses bieten wir Ihnen professionelle technische Unterst\u00fctzung und k\u00fcmmern uns um die Entwicklung, die f\u00fcr die Herstellung des Prototyps erforderlich ist.<\/p>\n<p>Alternativ k\u00f6nnen wir aber auch Zahnr\u00e4der produzieren, die ganz Ihren technischen Spezifikationen entsprechen. In beiden F\u00e4llen verwenden wir die hochwertigsten Materialien, die von anerkannten europ\u00e4ischen Lieferanten geliefert werden.<\/p>\n<\/div><br \/>\n<div class=\"ctaBlock\" data-button-position=\"0\" style=' padding-top:60px; padding-bottom:60px;'>    <div class=\"row\">        <div class=\"ctaBlock--text\"><\/div><div class=\"ctaBlock--actions\"><a href=\"https:\/\/www.rotis-lj.si\/de\/maschinenteile\/zahnraeder\/\" class=\"btn\"  data-popup-toggle=\"2584\" target=\"_self\">ANFRAGE SENDEN<\/a><\/div>    <\/div><\/div><\/p>\n<\/div>\n       <\/div>   <\/div><\/div>\n<div class=\"blockGridContainer \" style='padding-top:90px; padding-bottom:90px; ' data-padding-top=\"90\" data-padding-bottom=\"90\" >   <div class=\"row\">       <div class=\"blockGrid  \" >\n<div class=\"blockGrid--50\" data-mobile-position=\"0\" style=''><div class='textBlock' ><h2>PRODUKTIONSPROGRAMM<\/h2>\n<ul>\n<li>Stirnrad- und Stirnradgetriebe bis zu einem Durchmesser von 5000 mm<\/li>\n<li>Kegelr\u00e4der bis 800 mm Durchmesser<\/li>\n<li>Zahnradgetriebe sowie<\/li>\n<li>spiralverzahnte Getriebe bis zu einem Durchmesser von 600 mm<\/li>\n<\/ul>\n<\/div>\n<\/div><div class=\"blockGrid--50\" data-mobile-position=\"0\" style=''><div class=\"sliderContainer \" data-navigation-arrows=\"2\" data-visible-slides=\"1\">   <div class=\"sliderInner\">  <div class=\"slider\" data-visible=\"1\" data-autoplay=\"false\" data-interval=\"5000\">  <\/div>  <div class=\"slider--arrows\"><\/div>   <\/div><\/div>\n<\/div>       <\/div>   <\/div><\/div><div class=\"ctaBlock\" data-button-position=\"0\" style=' padding-top:60px; padding-bottom:60px;'>    <div class=\"row\">        <div class=\"ctaBlock--text\"><\/p>\n<h2 style=\"text-align: center;\">Optimieren Sie Ihre Einkaufskosten?<\/h2>\n<p style=\"text-align: center;\">Schicken Sie uns Ihre technischen Anforderungen und wir unterbreiten Ihnen gerne ein unverbindliches Angebot.<\/p>\n<p><\/div><div class=\"ctaBlock--actions\"><a href=\"https:\/\/www.rotis-lj.si\/de\/maschinenteile\/zahnraeder\/\" class=\"btn\"  data-popup-toggle=\"2583\" target=\"_self\">ANFRAGE SENDEN<\/a><\/div>    <\/div><\/div><\/p>\n","protected":false},"excerpt":{"rendered":"","protected":false},"author":2,"featured_media":0,"parent":2646,"menu_order":0,"comment_status":"closed","ping_status":"closed","template":"","meta":{"om_disable_all_campaigns":false,"_monsterinsights_skip_tracking":false,"_monsterinsights_sitenote_active":false,"_monsterinsights_sitenote_note":"","_monsterinsights_sitenote_category":0,"_uf_show_specific_survey":0,"_uf_disable_surveys":false,"footnotes":""},"aioseo_notices":[],"_links":{"self":[{"href":"https:\/\/www.rotis-lj.si\/de\/wp-json\/wp\/v2\/pages\/2649"}],"collection":[{"href":"https:\/\/www.rotis-lj.si\/de\/wp-json\/wp\/v2\/pages"}],"about":[{"href":"https:\/\/www.rotis-lj.si\/de\/wp-json\/wp\/v2\/types\/page"}],"author":[{"embeddable":true,"href":"https:\/\/www.rotis-lj.si\/de\/wp-json\/wp\/v2\/users\/2"}],"replies":[{"embeddable":true,"href":"https:\/\/www.rotis-lj.si\/de\/wp-json\/wp\/v2\/comments?post=2649"}],"version-history":[{"count":5,"href":"https:\/\/www.rotis-lj.si\/de\/wp-json\/wp\/v2\/pages\/2649\/revisions"}],"predecessor-version":[{"id":4272,"href":"https:\/\/www.rotis-lj.si\/de\/wp-json\/wp\/v2\/pages\/2649\/revisions\/4272"}],"up":[{"embeddable":true,"href":"https:\/\/www.rotis-lj.si\/de\/wp-json\/wp\/v2\/pages\/2646"}],"wp:attachment":[{"href":"https:\/\/www.rotis-lj.si\/de\/wp-json\/wp\/v2\/media?parent=2649"}],"curies":[{"name":"wp","href":"https:\/\/api.w.org\/{rel}","templated":true}]}}