{"id":980,"date":"2017-12-04T15:36:06","date_gmt":"2017-12-04T15:36:06","guid":{"rendered":"https:\/\/www.rotis-lj.si\/o-nas\/"},"modified":"2018-10-29T09:57:20","modified_gmt":"2018-10-29T09:57:20","slug":"o-nas","status":"publish","type":"page","link":"https:\/\/www.rotis-lj.si\/en\/o-nas\/","title":{"rendered":"O nas"},"content":{"rendered":"<div class=\"pageTitle\" style=\"\"  data-background=\"false\" data-text-color=\"\" data-line-color=\"\"><div class=\"pageTitle--inner\"><div class=\"pageTitle--content\"><\/p>\n<div class=\"title\">\n<div class=\"title--inner\">\n<h1>O PODJETJU<\/h1>\n<\/div>\n<\/div>\n<p><\/div><div class=\"pageTitle--image\" data-valign=\"\"><img decoding=\"async\" src=\"https:\/\/www.rotis-lj.si\/wp-content\/uploads\/2017\/12\/o-nas.png\" style=\"margin-top:0px;\"\/><\/div><\/div><\/div>\n<div class=\"blockGridContainer \" style='background-color:#f8f8f8;padding-top:80px; padding-bottom:80px; ' data-padding-top=\"80\" data-padding-bottom=\"80\" >   <div class=\"row\">       <div class=\"blockGrid  \" >\n<div class=\"blockGrid--100\" data-mobile-position=\"0\" style=''><div class='textBlock' ><p>Podjetje Rotis je \u017ee dve desetletji najve\u010dji proizvajalec le\u017eajev, zobnikov, sornikov, pu\u0161 in drugih strojnih elementov v Sloveniji.<br \/>\nOd \u010dasa ustanovitve pa do danes dru\u017ebo Rotis zaznamuje agresivna in aktivna dejavnost usmerjanja na evropski in svetovni<br \/>\ntrg kot priznan in kvaliteten proizvajalec le\u017eajev, zobnikov in drugih strojnih delov.<\/p>\n<p>Na doma\u010dem trgu je upo\u0161tevan in priznan dobavitelj jeklenih polproizvodov in raznovrstne rabljene in nove strojne opreme.<\/p>\n<p><img decoding=\"async\" class=\"about--us-img\" style=\"margin-top: 70px;\" src=\"https:\/\/www.rotis-lj.si\/wp-content\/uploads\/2017\/12\/skupinska.jpg\" \/><\/p>\n<\/div>\n<\/div>\n       <\/div>   <\/div><\/div>\n<div class=\"blockGridContainer \" style='padding-top:120px; padding-bottom:180px; ' data-padding-top=\"120\" data-padding-bottom=\"180\" >   <div class=\"row\">       <div class=\"blockGrid  \" >\n<div class=\"blockGrid--100\" data-mobile-position=\"0\" style=''><div class='textBlock' ><h2>VIZIJA<\/h2>\n<p>Rotis nenehno spremlja razvoj na podro\u010djih, ki jih pokriva s svojim proizvodnim in prodajnim programom. Nenehno si<br \/>\nprizadevamo utrjevati ugled posameznih priznanih proizvodov tako na doma\u010dem kot na tujih trgih ter tako pove\u010dati<br \/>\ntr\u017ene dele\u017ee na posameznih tr\u017ei\u0161\u010dih.<\/p>\n<p>Na\u0161a vizija je postati eno izmed vodilnih podjetij na podro\u010dju proizvodnje in prodaje le\u017eajev, zobnikov, sornikov, pu\u0161<br \/>\nter drugih strojnih elementov in varjenih konstrukcij na Balkanu in v Evropi.<\/p>\n<p>To vizijo danes la\u017eje uresni\u010dujemo, saj smo investirali v nakup dodatnih proizvodnih kapacitet v Srbiji. Investicija<br \/>\nnam omogo\u010da pove\u010danje obstoje\u010dih kapacitet. S tem smo dobili mo\u017enost za razvoj novih programov kot so<br \/>\nzvarjene konstrukcije.<\/p>\n<\/div><br \/>\n<div class=\"sliderContainer multiple\" data-navigation-arrows=\"1\" data-visible-slides=\"3\">   <div class=\"sliderInner\">  <div class=\"slider\" data-visible=\"3\" data-autoplay=\"true\" data-interval=\"5000\"><div class=\"slider--item\"><img src='https:\/\/www.rotis-lj.si\/wp-content\/uploads\/2017\/12\/primer-aplikacije-3.png' title='primer-aplikacije-3' alt='' \/><\/div><div class=\"slider--item\"><img src='https:\/\/www.rotis-lj.si\/wp-content\/uploads\/2017\/12\/primer-aplikacije-1.png' title='primer-aplikacije-1' alt='' \/><\/div><div class=\"slider--item\"><img src='https:\/\/www.rotis-lj.si\/wp-content\/uploads\/2017\/12\/primer-aplikacije-2.png' title='primer-aplikacije-2' alt='' \/><\/div><div class=\"slider--item\"><img src='https:\/\/www.rotis-lj.si\/wp-content\/uploads\/2017\/12\/primer-aplikacije-1.png' title='primer-aplikacije-1' alt='' \/><\/div>  <\/div>  <div class=\"slider--arrows\"><\/div>   <\/div><\/div><\/p>\n<\/div>\n       <\/div>   <\/div><\/div>\n<div class=\"blockGridContainer \" style='padding-bottom:200px; ' data-padding-bottom=\"200\" >   <div class=\"row\">       <div class=\"blockGrid  \" >\n<div class=\"blockGrid--50\" data-mobile-position=\"0\" style=''><div class='textBlock' ><h2>POSLANSTVO<\/h2>\n<p>Danes in v prihodnosti je na\u0161e poslanstvo proizvodnja in prodaja razli\u010dnih strojnih elementov doma in v tujini. Z garancijskim in servisnim vzdr\u017eevanjem proizvedenih ter prodanih proizvodov zagotavljamo ustrezno, s standardi dolo\u010deno, obratovalno delovanje.<\/p>\n<p>Te dejavnosti so rezultat minulega dela in opredeljujejo bistvo poslovanja Rotisa ter usmerjajo na\u0161 razvoj v prihodnosti z osnovnim namenom ustre\u010di standardom in zahtevam naro\u010dnikov in dobaviteljev proizvodov ter poslovnih partnerjev, in sicer predvsem s kakovostnimi proizvodi ter v dogovorjenih rokih in ceni.<\/p>\n<p>Poslanstvo vseh zaposlenih v podjetju je ustvarjati zadovoljstvo na\u0161ih kupcev in poslovnih partnerjev.<\/p>\n<\/div>\n<\/div><div class=\"blockGrid--50\" data-mobile-position=\"0\" style=''><div class='textBlock' ><h2>VREDNOTE<\/h2>\n<p>Ponosni smo na dose\u017eke preteklosti in motivirani za izzive prihodnosti. Prilagajanje spremembam v okolju, sposobnost odkrivanja in izkori\u0161\u010danja tr\u017enih prilo\u017enosti, nenehen razvoj, u\u010denje<br \/>\nin izpopolnjevanje, zadovoljstvo strank, znanje in podjetnost so na\u0161e vrednote, s katerimi smo zabele\u017eili dvajsetletno pot uspe\u0161nega poslovanja.<\/p>\n<p>Usmerjeni smo v prihodnost, v nove izzive in ideje, ki nam predstavljajo prilo\u017enost za nadaljno rast in razvoj.<\/p>\n<p>V Rotisu spodbujamo izobra\u017eevanje in prenos znanja med zaposlene. Slednji imajo visoko strokovno znanje, odgovoren odnos do dobaviteljev in naro\u010dnikov, sposobnost prilagajanja razvoju proizvodov in tehnologiji proizvodnje ter spremembam v okolju.<\/p>\n<\/div>\n<\/div>\n       <\/div>   <\/div><\/div>\n<div class=\"ctaBlock\" data-button-position=\"0\" style='background-color:#f8f8f8; padding-top:60px; padding-bottom:60px;'>    <div class=\"row\">        <div class=\"ctaBlock--text\"><\/p>\n<h2 style=\"text-align: center;\">Zaposlitev<\/h2>\n<p style=\"text-align: center;\"><span style=\"color: #023c5b;\">V podjetju Rotis \u017ee od samega za\u010detka poslovanja dajemo poudarek strokovnemu razvoju kadrov, <\/span><\/p>\n<p style=\"text-align: center;\"><span style=\"color: #023c5b;\">zato dolo\u010dena finan\u010dna sredstva stalno namenjamo pove\u010devanju znanja in s tem <\/span><\/p>\n<p style=\"text-align: center;\"><span style=\"color: #023c5b;\">kompetenc zaposlenih iz podro\u010dja dela, ki ga posameznik opravlja.<\/span><\/p>\n<p><\/div><div class=\"ctaBlock--actions\"><a href=\"https:\/\/www.rotis-lj.si\/sl\/zaposlimo\/\" class=\"btn\"   target=\"_self\">PROSTA DELOVNA MESTA<\/a><\/div>    <\/div><\/div>\n","protected":false},"excerpt":{"rendered":"","protected":false},"author":2,"featured_media":0,"parent":0,"menu_order":0,"comment_status":"closed","ping_status":"closed","template":"","meta":{"om_disable_all_campaigns":false,"_monsterinsights_skip_tracking":false,"_monsterinsights_sitenote_active":false,"_monsterinsights_sitenote_note":"","_monsterinsights_sitenote_category":0,"_uf_show_specific_survey":0,"_uf_disable_surveys":false,"footnotes":""},"aioseo_notices":[],"_links":{"self":[{"href":"https:\/\/www.rotis-lj.si\/en\/wp-json\/wp\/v2\/pages\/980"}],"collection":[{"href":"https:\/\/www.rotis-lj.si\/en\/wp-json\/wp\/v2\/pages"}],"about":[{"href":"https:\/\/www.rotis-lj.si\/en\/wp-json\/wp\/v2\/types\/page"}],"author":[{"embeddable":true,"href":"https:\/\/www.rotis-lj.si\/en\/wp-json\/wp\/v2\/users\/2"}],"replies":[{"embeddable":true,"href":"https:\/\/www.rotis-lj.si\/en\/wp-json\/wp\/v2\/comments?post=980"}],"version-history":[{"count":3,"href":"https:\/\/www.rotis-lj.si\/en\/wp-json\/wp\/v2\/pages\/980\/revisions"}],"predecessor-version":[{"id":3115,"href":"https:\/\/www.rotis-lj.si\/en\/wp-json\/wp\/v2\/pages\/980\/revisions\/3115"}],"wp:attachment":[{"href":"https:\/\/www.rotis-lj.si\/en\/wp-json\/wp\/v2\/media?parent=980"}],"curies":[{"name":"wp","href":"https:\/\/api.w.org\/{rel}","templated":true}]}}