{"id":12,"date":"2017-12-04T15:34:31","date_gmt":"2017-12-04T15:34:31","guid":{"rendered":"https:\/\/www.rotis-lj.si\/?page_id=12"},"modified":"2018-10-29T09:17:34","modified_gmt":"2018-10-29T09:17:34","slug":"strojni-deli","status":"publish","type":"page","link":"https:\/\/www.rotis-lj.si\/sl\/strojni-deli\/","title":{"rendered":"Strojni deli"},"content":{"rendered":"<div class=\"pageTitle\" style=\"\"  data-text-color=\"#023c5b\" data-line-color=\"#e8b200\"><div class=\"pageTitle--content\"><\/p>\n<div class=\"title\">\n<div class=\"title--inner\">\n<h1>STROJNI<\/h1>\n<h1>DELI<\/h1>\n<\/div>\n<\/div>\n<p><\/div><div class=\"pageTitle--background\" style=\" background-image: url(https:\/\/www.rotis-lj.si\/wp-content\/uploads\/2018\/03\/Lathe2-1500x531.jpg); background-repeat:no-repeat; background-position:center center; background-size:cover; \"><\/div><\/div>\n<div class=\"blockGridContainer \" style='background-color:#f8f8f8;padding-top:50px; padding-bottom:0px; ' data-padding-top=\"50\" data-padding-bottom=\"0\" >   <div class=\"row\">       <div class=\"blockGrid  \" >\n<div class=\"blockGrid--100\" data-mobile-position=\"0\" style=''><div class='textBlock' data-content-limit=\"1\" data-content-center=\"0\"><h2 style=\"text-align: left;\">Zakaj Rotis strojni deli?<\/h2>\n<\/div><br \/>\n<div class='textBlock' data-content-limit=\"1\" data-content-center=\"0\"><h2 style=\"text-align: left;\"><\/h2>\n<p style=\"text-align: left;\">Visoka stopnja prilagodljivosti proizvodnje, prilagajanje tehni\u010dnim zahtevam kupca, optimizacija stro\u0161kov nabave ter dobava na rok, so tiste zna\u010dilnosti podjetja Rotis, zaradi katerih boste vedno znova radi sodelovali z nami.<\/p>\n<p style=\"text-align: left;\">Na\u010drtujemo in proizvajamo posamezne sklope in velike serije, izdelane iz kakovostnega materiala, ki ga dobavljajo atestirani in uveljavljeni dobavitelji iz Evrope. Izvedemo lahko le posamezno operacijo ali pa proizvedemo celoten izdelek &#8211; vse v skladu z va\u0161imi na\u010drti. Pomagamo vam tudi pri uresni\u010devanju va\u0161ih poslovnih idej! Ekipa strokovnjakov vam lahko svetuje, na\u010drtuje in skupaj z vami razvija izdelek vse od prve testne razli\u010dice pa do kon\u010dne serijske proizvodnje.<\/p>\n<\/div><\/p>\n<\/div>\n       <\/div>   <\/div><\/div>\n<div class=\"blockGridContainer \" style='background-color:#f8f8f8;padding-top:50px; padding-bottom:50px; ' data-padding-top=\"50\" data-padding-bottom=\"50\" >   <div class=\"row\">       <div class=\"blockGrid  \" >\n<div class=\"blockGrid--100\" data-mobile-position=\"0\" style=''><\/div>\n       <\/div>   <\/div><\/div>\n<div class=\"blockGridContainer \" style='background-image: url(https:\/\/www.rotis-lj.si\/wp-content\/uploads\/2017\/12\/strojni-deli-partial-bg.jpg); background-repeat:no-repeat; background-position:center right; background-size:cover;padding-top:120px; padding-bottom:100px; ' data-padding-top=\"120\" data-padding-bottom=\"100\" >   <div class=\"row\">       <div class=\"blockGrid  \" >\n<div class=\"blockGrid--100\" data-mobile-position=\"0\" style=''><div class=\"blockGrid blockListBG\" data-block-layout=\"0\" data-block-type=\"0\"  style=\"\"><div class=\"blockGrid--item txtThumb\">   <div>       <h2>STROJNI<br \/>\nDELI,<\/h2>       <p>katere<br \/>\nizdelujemo<\/p>   <\/div><\/div>\n<a href=\"https:\/\/www.rotis-lj.si\/sl\/strojni-deli\/zobniki\/\" target=\"_self\" class=\"blockGrid--item imgTxtThumb\" ><div class=\"imgTxtThumb--image not-background\"><img decoding=\"async\" src=\"https:\/\/www.rotis-lj.si\/wp-content\/uploads\/2017\/12\/zobniki-thumb-1.png\"\/><\/div><div class=\"imgTxtThumb--name\">ZOBNIKI<\/div><\/a>\n<a href=\"https:\/\/www.rotis-lj.si\/sl\/strojni-deli\/varjene-konstrukcije\/\" target=\"_self\" class=\"blockGrid--item imgTxtThumb\" ><div class=\"imgTxtThumb--image not-background\"><img decoding=\"async\" src=\"https:\/\/www.rotis-lj.si\/wp-content\/uploads\/2017\/12\/zvarjene-konstrukcije-thumb-1.png\"\/><\/div><div class=\"imgTxtThumb--name\">VARJENE KONSTRUKCIJE<\/div><\/a>\n<a href=\"https:\/\/www.rotis-lj.si\/sl\/strojni-deli\/\" target=\"_self\" class=\"blockGrid--item imgTxtThumb\" ><div class=\"imgTxtThumb--image not-background\"><img decoding=\"async\" src=\"https:\/\/www.rotis-lj.si\/wp-content\/uploads\/2017\/12\/strojni-deli-thumb.png\"\/><\/div><div class=\"imgTxtThumb--name\">STROJNI DELI IN SKLOPI<\/div><\/a>\n<\/div>\n<\/div>       <\/div>   <\/div><\/div><div class=\"blockGridContainer \" style='padding-top:80px; padding-bottom:80px; ' data-padding-top=\"80\" data-padding-bottom=\"80\" >   <div class=\"row\">       <div class=\"blockGrid  \" >\n<div class=\"blockGrid--50\" data-mobile-position=\"0\" style=''><div class='textBlock' ><h2>Proizvodne zmogljivosti<\/h2>\n<p>Strojni park podjetja Rotis sestavljajo razli\u010dni visoko tehnolo\u0161ki stroji. Med njimi so CNC-vertikalne stru\u017enice, horizontalne stru\u017enice, stroji za ozobljenje, obdelovalni centri, stroji za vrtanje in induktivno kaljenje ter \u0161tevilni drugi stroji, ki nam omogo\u010dajo, da lahko proizvodni proces izpeljemo povsem samostojno od za\u010detka do konca v na\u0161ih lastnih proizvodnih prostorih.<\/p>\n<p><a class=\"btn\" href=\"https:\/\/www.rotis-lj.si\/sl\/kakovost-rotis\/\">OGLEJTE SI VE\u010c<\/a><\/p>\n<\/div>\n<\/div><div class=\"blockGrid--50\" data-mobile-position=\"0\" style=''><div class=\"sliderContainer \" data-navigation-arrows=\"2\" data-visible-slides=\"1\">   <div class=\"sliderInner\">  <div class=\"slider\" data-visible=\"1\" data-autoplay=\"false\" data-interval=\"5000\"><div class=\"slider--item\"><img src='https:\/\/www.rotis-lj.si\/wp-content\/uploads\/2018\/03\/Rotis_production_capacities_0-17_S.jpg' title='Rotis_production_capacities_0-17_S' alt='' \/><\/div><div class=\"slider--item\"><img src='https:\/\/www.rotis-lj.si\/wp-content\/uploads\/2018\/03\/Rotis_production_capacities_0_10_S.jpg' title='Rotis_production_capacities_0_10_S' alt='' \/><\/div><div class=\"slider--item\"><img src='https:\/\/www.rotis-lj.si\/wp-content\/uploads\/2018\/03\/Rotis_production_capacities_0-24_S.jpg' title='Rotis_production_capacities_0-24_S' alt='' \/><\/div><div class=\"slider--item\"><img src='https:\/\/www.rotis-lj.si\/wp-content\/uploads\/2018\/03\/Rotis_production_capacities_16.jpg' title='Rotis_production_capacities_16' alt='' \/><\/div><div class=\"slider--item\"><img src='https:\/\/www.rotis-lj.si\/wp-content\/uploads\/2018\/03\/Rotis_production_capacities_15.jpg' title='Rotis_production_capacities_15' alt='' \/><\/div>  <\/div>  <div class=\"slider--arrows\"><\/div>   <\/div><\/div>\n<\/div>\n       <\/div>   <\/div><\/div><\/p>\n<div class=\"ctaBlock\" data-button-position=\"0\" style='background-color:#f8f8f8; padding-top:60px; padding-bottom:60px;'>    <div class=\"row\">        <div class=\"ctaBlock--text\"><\/p>\n<h2 style=\"text-align: center;\">Sku\u0161ate optimizirati stro\u0161ke nabave?<\/h2>\n<p style=\"text-align: center;\"><span style=\"color: #023c5b;\">Po\u0161ljite nam svoj tehni\u010dni na\u010drt, mi pa vam bomo poslali neobvezujo\u010do ponudbo.<\/span><\/p>\n<p><\/div><div class=\"ctaBlock--actions\"><a href=\"https:\/\/www.rotis-lj.si\/sl\/strojni-deli\/\" class=\"btn\"  data-popup-toggle=\"1295\" target=\"_self\">PO\u0160LJITE POVPRA\u0160EVANJE<\/a><\/div>    <\/div><\/div>\n","protected":false},"excerpt":{"rendered":"","protected":false},"author":2,"featured_media":0,"parent":0,"menu_order":0,"comment_status":"closed","ping_status":"closed","template":"","meta":{"om_disable_all_campaigns":false,"_monsterinsights_skip_tracking":false,"_monsterinsights_sitenote_active":false,"_monsterinsights_sitenote_note":"","_monsterinsights_sitenote_category":0,"_uf_show_specific_survey":0,"_uf_disable_surveys":false,"footnotes":""},"aioseo_notices":[],"_links":{"self":[{"href":"https:\/\/www.rotis-lj.si\/sl\/wp-json\/wp\/v2\/pages\/12"}],"collection":[{"href":"https:\/\/www.rotis-lj.si\/sl\/wp-json\/wp\/v2\/pages"}],"about":[{"href":"https:\/\/www.rotis-lj.si\/sl\/wp-json\/wp\/v2\/types\/page"}],"author":[{"embeddable":true,"href":"https:\/\/www.rotis-lj.si\/sl\/wp-json\/wp\/v2\/users\/2"}],"replies":[{"embeddable":true,"href":"https:\/\/www.rotis-lj.si\/sl\/wp-json\/wp\/v2\/comments?post=12"}],"version-history":[{"count":47,"href":"https:\/\/www.rotis-lj.si\/sl\/wp-json\/wp\/v2\/pages\/12\/revisions"}],"predecessor-version":[{"id":4267,"href":"https:\/\/www.rotis-lj.si\/sl\/wp-json\/wp\/v2\/pages\/12\/revisions\/4267"}],"wp:attachment":[{"href":"https:\/\/www.rotis-lj.si\/sl\/wp-json\/wp\/v2\/media?parent=12"}],"curies":[{"name":"wp","href":"https:\/\/api.w.org\/{rel}","templated":true}]}}