{"id":14,"date":"2017-12-04T15:34:45","date_gmt":"2017-12-04T15:34:45","guid":{"rendered":"https:\/\/www.rotis-lj.si\/?page_id=14"},"modified":"2018-10-04T06:35:53","modified_gmt":"2018-10-04T06:35:53","slug":"drugi-strojni-deli","status":"publish","type":"page","link":"https:\/\/www.rotis-lj.si\/sl\/strojni-deli\/drugi-strojni-deli\/","title":{"rendered":"Drugi strojni deli"},"content":{"rendered":"<div class=\"pageTitle\" style=\"\"  data-text-color=\"#023c5b\" data-line-color=\"#e8b200\"><div class=\"pageTitle--content\"><\/p>\n<div class=\"title\">\n<div class=\"title--inner\">\n<h1><span style=\"color: #023c5b;\">STROJNI<\/span><\/h1>\n<h1><span style=\"color: #023c5b;\">DELI IN<\/span><br \/>\n<span style=\"color: #023c5b;\"> SKLOPI<\/span><\/h1>\n<\/div>\n<\/div>\n<p><\/div><div class=\"pageTitle--background\" style=\" background-image: url(https:\/\/www.rotis-lj.si\/wp-content\/uploads\/2018\/06\/strojni-deli-sklopi-1.jpg); background-repeat:no-repeat; background-position:center center; background-size:cover; \"><\/div><\/div>\n<div class=\"blockGridContainer \" style='background-color:#f8f8f8;padding-top:50px; padding-bottom:60px; ' data-padding-top=\"50\" data-padding-bottom=\"60\" >   <div class=\"row\">       <div class=\"blockGrid  \" >\n<div class=\"blockGrid--100\" data-mobile-position=\"0\" style=''><div class='textBlock' data-content-limit=\"1\" data-content-center=\"0\"><h2>Zakaj strojni deli in sklopi Rotis?<\/h2>\n<p>Strojni deli so pomembni sestavni deli kon\u010dnega izdelka. Kvalitetneje kot so izdelani, dalj\u0161o \u017eivljenjsko dobo imajo kon\u010dni izdelki. V proizvodnji podjetja Rotis zato skrbno izbiramo materiale, iz katerih izdelujemo strojne dele. Na\u010drtujemo in proizvajamo lahko tako posamezne sklope kot velike serije strojnih delov. Po potrebi pa mehanske dele tudi dodatno obdelamo v skladu z va\u0161imi potrebami.<\/p>\n<\/div><br \/>\n<div class=\"ctaBlock\" data-button-position=\"0\" style=' padding-top:60px; padding-bottom:60px;'>    <div class=\"row\">        <div class=\"ctaBlock--text\"><\/div><div class=\"ctaBlock--actions\"><a href=\"https:\/\/www.rotis-lj.si\/sl\/strojni-deli\/drugi-strojni-deli\/\" class=\"btn\"  data-popup-toggle=\"1295\" target=\"_self\">PO\u0160LJITE POVPRA\u0160EVANJE<\/a><\/div>    <\/div><\/div><\/p>\n<\/div>       <\/div>   <\/div><\/div><div class=\"blockGridContainer \" style='padding-top:90px; padding-bottom:90px; ' data-padding-top=\"90\" data-padding-bottom=\"90\" >   <div class=\"row\">       <div class=\"blockGrid  \" >\n<div class=\"blockGrid--50\" data-mobile-position=\"0\" style=''><div class='textBlock' ><h2>Proizvodni program<\/h2>\n<ul>\n<li>Gredi in osi do premera 700 mm in dol\u017eine 3.000 mm<\/li>\n<li>Deli turbin in ventilov<\/li>\n<li>Tekalni obro\u010di in prirobnice<\/li>\n<li>Manj\u0161i strojni deli: pu\u0161e, obro\u010di, osi<\/li>\n<li>Ohi\u0161ja reduktorjev<\/li>\n<li>Vrvenice in jermenice<\/li>\n<li>Valjarske linije<\/li>\n<li>Deli linij za profiliranje in umerjanje<\/li>\n<\/ul>\n<\/div>\n<\/div><div class=\"blockGrid--50\" data-mobile-position=\"0\" style=''><div class=\"sliderContainer \" data-navigation-arrows=\"2\" data-visible-slides=\"1\">   <div class=\"sliderInner\">  <div class=\"slider\" data-visible=\"1\" data-autoplay=\"false\" data-interval=\"5000\"><div class=\"slider--item\"><img src='https:\/\/www.rotis-lj.si\/wp-content\/uploads\/2018\/04\/strojni_del_5.jpg' title='Rotis_machine_part_1' alt='' \/><\/div><div class=\"slider--item\"><img src='https:\/\/www.rotis-lj.si\/wp-content\/uploads\/2018\/07\/Rotis_machine_part_3_skompr.jpg' title='Rotis_machine_part_3_skompr' alt='' \/><\/div><div class=\"slider--item\"><img src='https:\/\/www.rotis-lj.si\/wp-content\/uploads\/2018\/07\/Rotis_machine_part_1_skompr.jpg' title='Rotis_machine_part_1_skompr' alt='' \/><\/div><div class=\"slider--item\"><img src='https:\/\/www.rotis-lj.si\/wp-content\/uploads\/2018\/04\/strojni_del_8.jpg' title='Rotis_machine_part_4' alt='' \/><\/div>  <\/div>  <div class=\"slider--arrows\"><\/div>   <\/div><\/div>\n<\/div>\n       <\/div>   <\/div><\/div><\/p>\n<div class=\"ctaBlock\" data-button-position=\"0\" style='background-color:#f8f8f8; padding-top:60px; padding-bottom:60px;'>    <div class=\"row\">        <div class=\"ctaBlock--text\"><\/p>\n<h2 style=\"text-align: center;\">Sku\u0161ate optimizirati stro\u0161ke nabave?<\/h2>\n<p style=\"text-align: center;\"><span style=\"color: #023c5b;\">Po\u0161ljite nam svoj <\/span><span style=\"color: #023c5b;\">tehni\u010dni na\u010drt, mi pa vam bomo poslali neobvezujo\u010do ponudbo.<\/span><\/p>\n<p><\/div><div class=\"ctaBlock--actions\"><a href=\"https:\/\/www.rotis-lj.si\/sl\/strojni-deli\/drugi-strojni-deli\/\" class=\"btn\"  data-popup-toggle=\"1295\" target=\"_self\">PO\u0160LJITE POVPRA\u0160EVANJE<\/a><\/div>    <\/div><\/div>\n","protected":false},"excerpt":{"rendered":"","protected":false},"author":2,"featured_media":0,"parent":12,"menu_order":0,"comment_status":"closed","ping_status":"closed","template":"","meta":{"om_disable_all_campaigns":false,"_monsterinsights_skip_tracking":false,"_monsterinsights_sitenote_active":false,"_monsterinsights_sitenote_note":"","_monsterinsights_sitenote_category":0,"_uf_show_specific_survey":0,"_uf_disable_surveys":false,"footnotes":""},"aioseo_notices":[],"_links":{"self":[{"href":"https:\/\/www.rotis-lj.si\/sl\/wp-json\/wp\/v2\/pages\/14"}],"collection":[{"href":"https:\/\/www.rotis-lj.si\/sl\/wp-json\/wp\/v2\/pages"}],"about":[{"href":"https:\/\/www.rotis-lj.si\/sl\/wp-json\/wp\/v2\/types\/page"}],"author":[{"embeddable":true,"href":"https:\/\/www.rotis-lj.si\/sl\/wp-json\/wp\/v2\/users\/2"}],"replies":[{"embeddable":true,"href":"https:\/\/www.rotis-lj.si\/sl\/wp-json\/wp\/v2\/comments?post=14"}],"version-history":[{"count":29,"href":"https:\/\/www.rotis-lj.si\/sl\/wp-json\/wp\/v2\/pages\/14\/revisions"}],"predecessor-version":[{"id":4192,"href":"https:\/\/www.rotis-lj.si\/sl\/wp-json\/wp\/v2\/pages\/14\/revisions\/4192"}],"up":[{"embeddable":true,"href":"https:\/\/www.rotis-lj.si\/sl\/wp-json\/wp\/v2\/pages\/12"}],"wp:attachment":[{"href":"https:\/\/www.rotis-lj.si\/sl\/wp-json\/wp\/v2\/media?parent=14"}],"curies":[{"name":"wp","href":"https:\/\/api.w.org\/{rel}","templated":true}]}}