{"id":16,"date":"2017-12-04T15:34:59","date_gmt":"2017-12-04T15:34:59","guid":{"rendered":"https:\/\/www.rotis-lj.si\/?page_id=16"},"modified":"2018-10-29T09:23:27","modified_gmt":"2018-10-29T09:23:27","slug":"varjene-konstrukcije","status":"publish","type":"page","link":"https:\/\/www.rotis-lj.si\/sl\/strojni-deli\/varjene-konstrukcije\/","title":{"rendered":"Varjene konstrukcije"},"content":{"rendered":"<div class=\"pageTitle\" style=\"\"  data-text-color=\"#023c5b\" data-line-color=\"#e8b200\"><div class=\"pageTitle--content\"><\/p>\n<div class=\"title\">\n<div class=\"title--inner\">\n<h1>VARJENE<br \/>\nKONSTRUKCIJE<\/h1>\n<\/div>\n<\/div>\n<p><\/div><div class=\"pageTitle--background\" style=\" background-image: url(https:\/\/www.rotis-lj.si\/wp-content\/uploads\/2018\/06\/VARJENE-konstrukcije.jpg); background-repeat:no-repeat; background-position:center center; background-size:cover; \"><\/div><\/div>\n<div class=\"blockGridContainer \" style='background-color:#f8f8f8;padding-top:50px; padding-bottom:60px; ' data-padding-top=\"50\" data-padding-bottom=\"60\" >   <div class=\"row\">       <div class=\"blockGrid  \" >\n<div class=\"blockGrid--100\" data-mobile-position=\"0\" style=''><div class='textBlock' data-content-limit=\"1\" data-content-center=\"0\"><h2>Zakaj varjene konstrukcije\u00a0Rotis?<\/h2>\n<p>Na podlagi predlo\u017eene dokumentacije, za vas izdelamo varjeno konstrukcijo. Dolgoletne izku\u0161nje na podro\u010dju varjenja nam omogo\u010dajo, da izdelujemo kompleksne in zahtevne varjene konstrukcije.<\/p>\n<p>Izdelujemo mehansko obdelane varjene konstrukcije do 5 ton. Zvarjence lahko po varjenju tudi termi\u010dno in mehansko obdelamo na CNC obdelovalnih strojih.<\/p>\n<\/div><br \/>\n<div class=\"ctaBlock\" data-button-position=\"0\" style=' padding-top:60px; padding-bottom:60px;'>    <div class=\"row\">        <div class=\"ctaBlock--text\"><\/div><div class=\"ctaBlock--actions\"><a href=\"https:\/\/www.rotis-lj.si\/sl\/strojni-deli\/varjene-konstrukcije\/\" class=\"btn\"  data-popup-toggle=\"1295\" target=\"_self\">PO\u0160LJITE POVPRA\u0160EVANJE<\/a><\/div>    <\/div><\/div><\/p>\n<\/div>\n       <\/div>   <\/div><\/div>\n<div class=\"blockGridContainer \" style='padding-top:90px; padding-bottom:90px; ' data-padding-top=\"90\" data-padding-bottom=\"90\" >   <div class=\"row\">       <div class=\"blockGrid  \" >\n<div class=\"blockGrid--50\" data-mobile-position=\"0\" style=''><div class='textBlock' ><h2>Proizvodni program<\/h2>\n<ul>\n<li>konstrukcijska jekla, vklju\u010dno s finozrnatimi jekli do kakovosti STE 690<\/li>\n<li>legirana jekla<\/li>\n<li>varjenje jekel za cementiranje<\/li>\n<\/ul>\n<\/div>\n<\/div><div class=\"blockGrid--50\" data-mobile-position=\"0\" style=''><div class=\"sliderContainer \" data-navigation-arrows=\"2\" data-visible-slides=\"1\">   <div class=\"sliderInner\">  <div class=\"slider\" data-visible=\"1\" data-autoplay=\"false\" data-interval=\"5000\"><div class=\"slider--item\"><img src='https:\/\/www.rotis-lj.si\/wp-content\/uploads\/2018\/04\/Varjenje1-min.jpg' title='Rotis_welded_construction_1' alt='' \/><\/div><div class=\"slider--item\"><img src='https:\/\/www.rotis-lj.si\/wp-content\/uploads\/2018\/04\/Varjenje5.png' title='Rotis_welded_construction_2' alt='' \/><\/div><div class=\"slider--item\"><img src='https:\/\/www.rotis-lj.si\/wp-content\/uploads\/2018\/04\/Varjenje3.png' title='Rotis_welded_construction_3' alt='' \/><\/div><div class=\"slider--item\"><img src='https:\/\/www.rotis-lj.si\/wp-content\/uploads\/2018\/04\/Varjenje4.png' title='Rotis_welded_construction_4' alt='' \/><\/div>  <\/div>  <div class=\"slider--arrows\"><\/div>   <\/div><\/div>\n<\/div>       <\/div>   <\/div><\/div><div class=\"ctaBlock\" data-button-position=\"0\" style='background-color:#f8f8f8; padding-top:60px; padding-bottom:60px;'>    <div class=\"row\">        <div class=\"ctaBlock--text\"><\/p>\n<h2 style=\"text-align: center;\">Sku\u0161ate optimizirati stro\u0161ke nabave?<\/h2>\n<p style=\"text-align: center;\"><span style=\"color: #023c5b;\">Po\u0161ljite nam svoj tehni\u010dni na\u010drt, mi pa vam bomo poslali neobvezujo\u010do ponudbo.<\/span><\/p>\n<p><\/div><div class=\"ctaBlock--actions\"><a href=\"https:\/\/www.rotis-lj.si\/sl\/strojni-deli\/varjene-konstrukcije\/\" class=\"btn\"  data-popup-toggle=\"1295\" target=\"_self\">PO\u0160LJITE POVPRA\u0160EVANJE<\/a><\/div>    <\/div><\/div><\/p>\n","protected":false},"excerpt":{"rendered":"","protected":false},"author":2,"featured_media":0,"parent":12,"menu_order":0,"comment_status":"closed","ping_status":"closed","template":"","meta":{"om_disable_all_campaigns":false,"_monsterinsights_skip_tracking":false,"_monsterinsights_sitenote_active":false,"_monsterinsights_sitenote_note":"","_monsterinsights_sitenote_category":0,"_uf_show_specific_survey":0,"_uf_disable_surveys":false,"footnotes":""},"aioseo_notices":[],"_links":{"self":[{"href":"https:\/\/www.rotis-lj.si\/sl\/wp-json\/wp\/v2\/pages\/16"}],"collection":[{"href":"https:\/\/www.rotis-lj.si\/sl\/wp-json\/wp\/v2\/pages"}],"about":[{"href":"https:\/\/www.rotis-lj.si\/sl\/wp-json\/wp\/v2\/types\/page"}],"author":[{"embeddable":true,"href":"https:\/\/www.rotis-lj.si\/sl\/wp-json\/wp\/v2\/users\/2"}],"replies":[{"embeddable":true,"href":"https:\/\/www.rotis-lj.si\/sl\/wp-json\/wp\/v2\/comments?post=16"}],"version-history":[{"count":31,"href":"https:\/\/www.rotis-lj.si\/sl\/wp-json\/wp\/v2\/pages\/16\/revisions"}],"predecessor-version":[{"id":4269,"href":"https:\/\/www.rotis-lj.si\/sl\/wp-json\/wp\/v2\/pages\/16\/revisions\/4269"}],"up":[{"embeddable":true,"href":"https:\/\/www.rotis-lj.si\/sl\/wp-json\/wp\/v2\/pages\/12"}],"wp:attachment":[{"href":"https:\/\/www.rotis-lj.si\/sl\/wp-json\/wp\/v2\/media?parent=16"}],"curies":[{"name":"wp","href":"https:\/\/api.w.org\/{rel}","templated":true}]}}