{"id":18,"date":"2017-12-04T15:35:09","date_gmt":"2017-12-04T15:35:09","guid":{"rendered":"https:\/\/www.rotis-lj.si\/?page_id=18"},"modified":"2018-10-29T09:19:37","modified_gmt":"2018-10-29T09:19:37","slug":"zobniki","status":"publish","type":"page","link":"https:\/\/www.rotis-lj.si\/sl\/strojni-deli\/zobniki\/","title":{"rendered":"Zobniki"},"content":{"rendered":"<div class=\"pageTitle\" style=\"\"  data-text-color=\"#023c5b\" data-line-color=\"#e8b200\"><div class=\"pageTitle--content\"><\/p>\n<div class=\"title\">\n<div class=\"title--inner\">\n<h1>ZOBNIKI<\/h1>\n<\/div>\n<\/div>\n<p><\/div><div class=\"pageTitle--background\" style=\" background-image: url(https:\/\/www.rotis-lj.si\/wp-content\/uploads\/2018\/06\/zobniki-rotis-ljubljana-1.jpg); background-repeat:no-repeat; background-position:top center; background-size:cover; \"><\/div><\/div>\n<div class=\"blockGridContainer \" style='background-color:#f8f8f8;padding-top:50px; padding-bottom:60px; ' data-padding-top=\"50\" data-padding-bottom=\"60\" >   <div class=\"row\">       <div class=\"blockGrid  \" >\n<div class=\"blockGrid--100\" data-mobile-position=\"0\" style=''><div class='textBlock' data-content-limit=\"1\" data-content-center=\"0\"><h2>Zakaj zobniki Rotis?<\/h2>\n<p>Potrebujete celotno serijo ali le posamezen prototip zobnika? Ponudimo vam lahko celostno re\u0161itev tako pri na\u010drtovanju in proizvodnji posameznega zobnika, kot tudi pri serijski proizvodnji zobnikov.<\/p>\n<p>V primeru, da nov izdelek razvijamo skupaj, bomo z vami tesno sodelovali vse od idejne zasnove do realizacije. Ves \u010das razvijanja izdelka, vam bomo nudili strokovno tehni\u010dno podporo in poskrbeli za celoten razvoj, ki je potreben za izdelavo prototipa.<\/p>\n<p>Lahko pa proizvedemo zobnike tudi popolnoma v skladu z va\u0161imi tehni\u010dnimi specifikacijami. V obeh primerih za izdelavo zobnikov uporabljamo najkakovostnej\u0161e materiale, ki nam jih dobavljajo priznani in atestirani dobavitelji iz Evrope.<\/p>\n<\/div><br \/>\n<div class=\"ctaBlock\" data-button-position=\"0\" style=' padding-top:60px; padding-bottom:60px;'>    <div class=\"row\">        <div class=\"ctaBlock--text\"><\/div><div class=\"ctaBlock--actions\"><a href=\"https:\/\/www.rotis-lj.si\/sl\/strojni-deli\/zobniki\/\" class=\"btn\"  data-popup-toggle=\"1295\" target=\"_self\">PO\u0160LJITE POVPRA\u0160EVANJE<\/a><\/div>    <\/div><\/div><\/p>\n<\/div>       <\/div>   <\/div><\/div><div class=\"blockGridContainer \" style='padding-top:90px; padding-bottom:90px; ' data-padding-top=\"90\" data-padding-bottom=\"90\" >   <div class=\"row\">       <div class=\"blockGrid  \" >\n<div class=\"blockGrid--50\" data-mobile-position=\"0\" style=''><div class='textBlock' ><h2>Proizvodni program<\/h2>\n<ul>\n<li>\u010delni zobniki in zobniki s po\u0161evnim ozobljenjem do premera 5.000 mm<\/li>\n<li>sto\u017e\u010dasti zobniki do premera 800 mm<\/li>\n<li>zobni\u0161ki sklopi ter<\/li>\n<li>ciklopoloidno ozobljenje do premera 600 mm<\/li>\n<\/ul>\n<\/div>\n<\/div><div class=\"blockGrid--50\" data-mobile-position=\"0\" style=''><div class=\"sliderContainer \" data-navigation-arrows=\"2\" data-visible-slides=\"1\">   <div class=\"sliderInner\">  <div class=\"slider\" data-visible=\"1\" data-autoplay=\"false\" data-interval=\"5000\"><div class=\"slider--item\"><img src='https:\/\/www.rotis-lj.si\/wp-content\/uploads\/2018\/07\/Rotis_Gearwheel_1_skompr.jpg' title='Rotis_Gearwheel_1_skompr' alt='' \/><\/div><div class=\"slider--item\"><img src='https:\/\/www.rotis-lj.si\/wp-content\/uploads\/2018\/07\/Rotis_Gearwheel_2_skompr.jpg' title='Rotis_Gearwheel_2_skompr' alt='' \/><\/div><div class=\"slider--item\"><img src='https:\/\/www.rotis-lj.si\/wp-content\/uploads\/2018\/07\/Rotis_Gearwheel_3_skompr.jpg' title='Rotis_Gearwheel_3_skompr' alt='' \/><\/div><div class=\"slider--item\"><img src='https:\/\/www.rotis-lj.si\/wp-content\/uploads\/2018\/07\/Rotis_Gearwheel_4_skompr.jpg' title='Rotis_Gearwheel_4_skompr' alt='' \/><\/div>  <\/div>  <div class=\"slider--arrows\"><\/div>   <\/div><\/div>\n<\/div>\n       <\/div>   <\/div><\/div><\/p>\n<div class=\"ctaBlock\" data-button-position=\"0\" style='background-color:#f8f8f8; padding-top:60px; padding-bottom:60px;'>    <div class=\"row\">        <div class=\"ctaBlock--text\"><\/p>\n<h2 style=\"text-align: center;\">Sku\u0161ate optimizirati stro\u0161ke nabave?<\/h2>\n<p style=\"text-align: center;\"><span style=\"color: #023c5b;\">Po\u0161ljite nam svoj tehni\u010dni na\u010drt, mi pa vam bomo poslali neobvezujo\u010do ponudbo.<\/span><\/p>\n<p><\/div><div class=\"ctaBlock--actions\"><a href=\"https:\/\/www.rotis-lj.si\/sl\/strojni-deli\/zobniki\/\" class=\"btn\"  data-popup-toggle=\"1295\" target=\"_self\">PO\u0160LJITE POVPRA\u0160EVANJE<\/a><\/div>    <\/div><\/div>\n","protected":false},"excerpt":{"rendered":"","protected":false},"author":2,"featured_media":0,"parent":12,"menu_order":0,"comment_status":"closed","ping_status":"closed","template":"","meta":{"om_disable_all_campaigns":false,"_monsterinsights_skip_tracking":false,"_monsterinsights_sitenote_active":false,"_monsterinsights_sitenote_note":"","_monsterinsights_sitenote_category":0,"_uf_show_specific_survey":0,"_uf_disable_surveys":false,"footnotes":""},"aioseo_notices":[],"_links":{"self":[{"href":"https:\/\/www.rotis-lj.si\/sl\/wp-json\/wp\/v2\/pages\/18"}],"collection":[{"href":"https:\/\/www.rotis-lj.si\/sl\/wp-json\/wp\/v2\/pages"}],"about":[{"href":"https:\/\/www.rotis-lj.si\/sl\/wp-json\/wp\/v2\/types\/page"}],"author":[{"embeddable":true,"href":"https:\/\/www.rotis-lj.si\/sl\/wp-json\/wp\/v2\/users\/2"}],"replies":[{"embeddable":true,"href":"https:\/\/www.rotis-lj.si\/sl\/wp-json\/wp\/v2\/comments?post=18"}],"version-history":[{"count":41,"href":"https:\/\/www.rotis-lj.si\/sl\/wp-json\/wp\/v2\/pages\/18\/revisions"}],"predecessor-version":[{"id":4271,"href":"https:\/\/www.rotis-lj.si\/sl\/wp-json\/wp\/v2\/pages\/18\/revisions\/4271"}],"up":[{"embeddable":true,"href":"https:\/\/www.rotis-lj.si\/sl\/wp-json\/wp\/v2\/pages\/12"}],"wp:attachment":[{"href":"https:\/\/www.rotis-lj.si\/sl\/wp-json\/wp\/v2\/media?parent=18"}],"curies":[{"name":"wp","href":"https:\/\/api.w.org\/{rel}","templated":true}]}}