{"id":20,"date":"2017-12-04T15:35:23","date_gmt":"2017-12-04T15:35:23","guid":{"rendered":"https:\/\/www.rotis-lj.si\/?page_id=20"},"modified":"2023-10-23T08:44:00","modified_gmt":"2023-10-23T07:44:00","slug":"proizvodne-zmogljivosti","status":"publish","type":"page","link":"https:\/\/www.rotis-lj.si\/sl\/proizvodne-zmogljivosti\/","title":{"rendered":"Proizvodne zmogljivosti"},"content":{"rendered":"<div class=\"pageTitle\" style=\"\"  data-text-color=\"#023c5b\" data-line-color=\"#e8b200\"><div class=\"pageTitle--content\"><\/p>\n<div class=\"title\">\n<div class=\"title--inner\">\n<h1>PROIZVODNE<\/h1>\n<h1>ZMOGLJIVOSTI<\/h1>\n<\/div>\n<\/div>\n<p><\/div><div class=\"pageTitle--background\" style=\" background-image: url(https:\/\/www.rotis-lj.si\/wp-content\/uploads\/2018\/06\/proizvodne-kapacitete-1.jpg); background-repeat:no-repeat; background-position:center center; background-size:cover; \"><\/div><\/div>\n<div class=\"blockGridContainer \" style='background-color:#f8f8f8;padding-top:60px; padding-bottom:150px; ' data-padding-top=\"60\" data-padding-bottom=\"150\" >   <div class=\"row\">       <div class=\"blockGrid  \" >\n<div class=\"blockGrid--100\" data-mobile-position=\"0\" style=''><div class='textBlock' ><h2 style=\"text-align: left;\"><span style=\"font-size: 30px;\">Proizvodne zmogljivosti<\/span><\/h2>\n<\/div><br \/>\n<div class='textBlock' ><p>Strojni park podjetja Rotis sestavljajo razli\u010dni visoko tehnolo\u0161ki stroji. Med njimi so CNC-vertikalne stru\u017enice, horizontalne stru\u017enice, stroji za ozobljenje, obdelovalni centri, stroji za vrtanje in\u00a0induktivno kaljenje ter \u0161tevilni drugi stroji, ki nam omogo\u010dajo, da lahko proizvodni proces izpeljemo povsem samostojno od za\u010detka do konca v lastnih proizvodnih prostorih.<\/p>\n<\/div><\/p>\n<\/div>\n       <\/div>   <\/div><\/div>\n<div class=\"blockGridContainer \" style='background-color:#f8f8f8;padding-top:60px; padding-bottom:100px; ' data-padding-top=\"60\" data-padding-bottom=\"100\" >   <div class=\"row\">       <div class=\"blockGrid  \" >\n<div class=\"blockGrid--100\" data-mobile-position=\"0\" style=''><div class=\"imageTextList\">\n<div class=\"imageTextList--item\"><div class=\"imageTextList--item-image\" style=\"background-image:url(https:\/\/www.rotis-lj.si\/wp-content\/uploads\/2018\/01\/Infografika_4_n.png);\"><\/div><div class=\"imageTextList--item-content\"><h2 class=\"imageTextList--item-title\">STRU\u017dENJE<\/h2><div class=\"imageTextList--item-subtitle\">(fi: 5000 mm, h: 2000 mm)<\/div><div class=\"imageTextList--item-text\">\nStrojni park obsega najsodobnej\u0161e stru\u017enice, ki omogo\u010dajo stru\u017eenje do premera 5000 mm in vi\u0161ine 2000 mm ter stru\u017eenje osi od premera 700 mm in dol\u017eine 3000 mm.<br \/>\n<\/div><\/div><\/div>\n<div class=\"imageTextList--item\"><div class=\"imageTextList--item-image\" style=\"background-image:url(https:\/\/www.rotis-lj.si\/wp-content\/uploads\/2018\/01\/Infografika_3_n.png);\"><\/div><div class=\"imageTextList--item-content\"><h2 class=\"imageTextList--item-title\">OZOBLJENJE<\/h2><div class=\"imageTextList--item-subtitle\">(fi: 5000 mm, h: 500 mm)<\/div><div class=\"imageTextList--item-text\">\nZunanje in notranje ozobljenje do premera obro\u010dev 5000 mm.<br \/>\n<\/div><\/div><\/div>\n<div class=\"imageTextList--item\"><div class=\"imageTextList--item-image\" style=\"background-image:url(https:\/\/www.rotis-lj.si\/wp-content\/uploads\/2018\/01\/Infografika_2_n.png);\"><\/div><div class=\"imageTextList--item-content\"><h2 class=\"imageTextList--item-title\">VRTANJE\/REZKANJE<\/h2><div class=\"imageTextList--item-subtitle\">(fi: 5000 mm, h: 2000 mm)<\/div><div class=\"imageTextList--item-text\">\nOmogo\u010damo rezkanje zvarjencev in strojnih delov dimenzij 2500 mm x 3000 mm x 2000 mm ter vrtanje zobnikov do premera 5000 mm.<br \/>\n<\/div><\/div><\/div>\n<div class=\"imageTextList--item\"><div class=\"imageTextList--item-image\" style=\"background-image:url(https:\/\/www.rotis-lj.si\/wp-content\/uploads\/2018\/01\/Infografika_6_n.png);\"><\/div><div class=\"imageTextList--item-content\"><h2 class=\"imageTextList--item-title\">INDUKTIVNO KALJENJE<\/h2><div class=\"imageTextList--item-subtitle\">(fi: 5000 mm, h: 1000 mm, do modula 50)<\/div><div class=\"imageTextList--item-text\">\nInduktivno kaljenje zobnikov in drugih strojnih delov do premera 5000 mm in globine kaljenja do 12 mm.<br \/>\n<\/div><\/div><\/div>\n<div class=\"imageTextList--item\"><div class=\"imageTextList--item-image\" style=\"background-image:url(https:\/\/www.rotis-lj.si\/wp-content\/uploads\/2018\/01\/Infografika_1_n.png);\"><\/div><div class=\"imageTextList--item-content\"><h2 class=\"imageTextList--item-title\">KONTROLA KAKOVOSTI<\/h2><div class=\"imageTextList--item-subtitle\"><\/div><div class=\"imageTextList--item-text\">\n<a class=\"btn\" href=\"https:\/\/www.rotis-lj.si\/sl\/kakovost-rotis\/\">PREBERITE VE\u010c<\/a><br \/>\n<\/div><\/div><\/div>\n<\/div>\n<\/div>\n       <\/div>   <\/div><\/div>\n<div class=\"blockGridContainer \" style='padding-top:100px; padding-bottom:60px; ' data-padding-top=\"100\" data-padding-bottom=\"60\" >   <div class=\"row\">       <div class=\"blockGrid  \" >\n<div class=\"blockGrid--100\" data-mobile-position=\"0\" style=''><div class='textBlock' ><h2 style=\"text-align: center;\">Stroji<\/h2>\n<\/div><br \/>\n<div class=\"blockGrid blockListBG\" data-margin-top=\"60\" data-margin-bottom=\"40\" data-block-layout=\"1\" data-block-type=\"2\"  style=\"margin-top:60px;margin-bottom:40px;\">\n<a href=\"https:\/\/www.rotis-lj.si\/sl\/proizvodne-zmogljivosti\/\" target=\"_self\" class=\"blockGrid--item imgTxtThumb\"  data-popup-trigger=\"1\"><div class=\"imgTxtThumb--image background\" style=\"background-image:url(https:\/\/www.rotis-lj.si\/wp-content\/uploads\/2017\/12\/stroj-6.jpg);  background-repeat:no-repeat; background-position:center center; background-size:cover;\"><\/div><div class=\"imgTxtThumb--name\">   <div class=\"imgTxtThumb--name-large\">VERTIKALNE STRU\u017dNICE<\/div>   <div class=\"imgTxtThumb--name-small\">Seznam strojev<i class=\"icon-arrow-right\"><\/i><\/div><\/div><\/a><div class=\"blockList--popup\" data-popup-id=\"1\">  <i class=\"icon-remove blockList--popup-remove\"><\/i>  <h2>VERTIKALNE STRU\u017dNICE<\/h2>  <div>\n<ol>\n<li><strong>Vertikalna stru\u017enica YOU JI VTL 4000ATC<\/strong><br \/>\nTIP VTL4000ATC; DELOVNA MIZA: 4000 MM; MAKSIMALNI PREMER\u00a0 4900 MM<\/li>\n<li><strong>Vertikalna stru\u017enica YOU JI VTL 2500ATC-2R<\/strong><br \/>\nTIP VTL-2500ATC-2R; DELOVNA MIZA: 2500 MM; MAKSIMALNI PREMER\u00a0 3000 MM<\/li>\n<li><strong>Vertikalna stru\u017enica TOS HULIN SKIQ 20 CNC<\/strong><br \/>\nTIP SKQ 20; DELOVNA MIZA: 2000 MM; MAKSIMALNI PREMER 2260 MM<\/li>\n<li><strong>Vertikalna stru\u017enica TOS HULIN SKI 16 CNC<\/strong><br \/>\n2 STROJA &#8211; TIP SKI 16; DELOVNA MIZA: 1600 MM; MAKSIMALNI PREMER\u00a0 2000 MM<\/li>\n<li><strong>Vertikalna stru\u017enica YOU JI YU 1600ATC+C<\/strong><br \/>\nTIP YU 1600ATC+C; DELOVNA MIZA 1600 MM: MAKSIMALNI PREMER 2000 MM<\/li>\n<li><strong>Vertikalna stru\u017enica YOU JI<\/strong><br \/>\n<span style=\"font-size: 17px;\">TIP: YV-1200; DELOVNA MIZA: 1200 MM; MAKSIMALNI PREMER\u00a0 1600 MM<\/span><\/li>\n<li><strong>Vertikalna stru\u017enica TOS HULIN SKIQ 8 CNC<\/strong><br \/>\nTIP: SKIQ8CNC-A; DELOVNA MIZA: 800 MM; MAKSIMALNI PREMER\u00a0 1100 MM<\/li>\n<li><strong>Vertikalna stru\u017enica TOS HULIN SKI 8 CNC<\/strong><br \/>\nTIP: SKI 8CNC; DELOVNA MIZA: 800 MM; MAKSIMALNI PREMER\u00a0 1100 MM<\/li>\n<li><strong>Vertikalna stru\u017enica TOS HULIN SKQ 8 CNC<\/strong><br \/>\nTIP: SKQ8NC-A; DELOVNA MIZA: 800 MM; MAKSIMALNI PREMER\u00a0 1100 MM<\/li>\n<li><strong>Vertikalna stru\u017enica DOOSAN<\/strong><br \/>\nTIP: V740T; DELOVNA MIZA: 600 MM; MAKSIMALNI PREMER\u00a0 700 MM<\/li>\n<li><strong>Stru\u017enica CNC-TAKANG<\/strong><br \/>\nTIP: TNC40NE; MAKSIMALNI PREMER: 750 MM; STRU\u017dNA DOL\u017dINA: 2650 MM<\/li>\n<\/ol>\n<\/div><\/div>\n<a href=\"https:\/\/www.rotis-lj.si\/sl\/proizvodne-zmogljivosti\/\" target=\"_self\" class=\"blockGrid--item imgTxtThumb\"  data-popup-trigger=\"2\"><div class=\"imgTxtThumb--image background\" style=\"background-image:url(https:\/\/www.rotis-lj.si\/wp-content\/uploads\/2017\/12\/stroj-2.jpg);  background-repeat:no-repeat; background-position:center center; background-size:cover;\"><\/div><div class=\"imgTxtThumb--name\">   <div class=\"imgTxtThumb--name-large\">STROJI ZA INDUKTIVNO KALJENJE<\/div>   <div class=\"imgTxtThumb--name-small\">Seznam strojev<i class=\"icon-arrow-right\"><\/i><\/div><\/div><\/a><div class=\"blockList--popup\" data-popup-id=\"2\">  <i class=\"icon-remove blockList--popup-remove\"><\/i>  <h2>STROJI ZA INDUKTIVNO KALJENJE<\/h2>  <div>\n<ol>\n<li><strong>Stroj za induktivno kaljenje SAET CNC<\/strong><br \/>\nTIP: 1GLI; FREKVENCA: FROM 2 KHZ UP TO 10 KHZ; MO\u010c: 300 KW; PREMER 4800 MM, DOL\u017dINA 1500 MM<\/li>\n<li><strong>Stroj za induktivno kaljenje SAET CNC<\/strong><br \/>\nTIP: 2 HNK; FREKVENCA: 550 KHZ; MO\u010c: 80 KW ; PREMER 4000 MM, DOL\u017dINA 1200 MM<\/li>\n<li><strong>Stroj za induktivno kaljenje SAET CNC<\/strong><br \/>\nTIP: 2 HNK; FREKVENCA: 2-10 KHZ; MO\u010c: 80 KW ; PREMER 4000 MM, DOL\u017dINA 1200 MM<\/li>\n<\/ol>\n<\/div><\/div>\n<a href=\"https:\/\/www.rotis-lj.si\/sl\/proizvodne-zmogljivosti\/\" target=\"_self\" class=\"blockGrid--item imgTxtThumb\"  data-popup-trigger=\"3\"><div class=\"imgTxtThumb--image background\" style=\"background-image:url(https:\/\/www.rotis-lj.si\/wp-content\/uploads\/2020\/09\/ozobljenje_1-.jpg);  background-repeat:no-repeat; background-position:center center; background-size:cover;\"><\/div><div class=\"imgTxtThumb--name\">   <div class=\"imgTxtThumb--name-large\">STROJI ZA OZOBLJENJE<\/div>   <div class=\"imgTxtThumb--name-small\">Seznam strojev<i class=\"icon-arrow-right\"><\/i><\/div><\/div><\/a><div class=\"blockList--popup\" data-popup-id=\"3\">  <i class=\"icon-remove blockList--popup-remove\"><\/i>  <h2>STROJI ZA OZOBLJENJE<\/h2>  <div>\n<ol>\n<li><strong>Stroj za ozobljenje LIEBHERR<\/strong><br \/>\nTIP: LIEBHERR L2200; DELOVNA MIZA: 1800 MM; MAKSIMALNI PREMER\u00a0 2200 MM<\/li>\n<li><strong>Stroj za ozobljenje TOS<\/strong><br \/>\nTIP: TOS OF-16; DELOVNA MIZA: 1200 MM; MAKSIMALNI PREMER\u00a0 2000 MM<\/li>\n<li><strong>Stroj za ozobljenje LIEBHERR<\/strong><br \/>\nTIP: LIEBHERR L 901; DELOVNA MIZA: 700 MM;\u00a0 MAKSIMALNI PREMER\u00a0 850 MM<\/li>\n<li><strong>Stroj za ozobljenje KOMSOMOLJEC<\/strong><br \/>\nTIP: E 3C-213.1; DELOVNA MIZA: 600 MM;\u00a0 MAKSIMALNI PREMER\u00a0 1000 MM<\/li>\n<li><strong>Stroj za ozobljenje WMW MODUL<\/strong><br \/>\nTIP: ZFW 10\/12; DELOVNA MIZA: 900 MM; MAKSIMALNI PREMER\u00a0 1500 MM<\/li>\n<li><strong>Stroj za ozobljenje LIEBHERR<\/strong><br \/>\nTIP: L901; DELOVNA MIZA: 710 MM; MAKSIMALNI PREMER: 900 MM<\/li>\n<li><strong>Stroj za ozobljenje LIEBHERR<\/strong><br \/>\nTIP: L3002; DELOVNA MIZA: 2000 MM, MAKSIMALNI PREMER: 4000 MM<\/li>\n<li><span class=\"fontstyle0\"><strong>Stroj za ozobljenje SerWeMa SW WF 3200<\/strong><br \/>\n<\/span><span class=\"fontstyle0\">TIP: SERWEMA SW WF 3200, DELOVNA MIZA: 2500 MM, MAKSIMALNI PREMER 3200 MM<\/span><\/li>\n<\/ol>\n<\/div><\/div>\n<a href=\"https:\/\/www.rotis-lj.si\/sl\/proizvodne-zmogljivosti\/\" target=\"_self\" class=\"blockGrid--item imgTxtThumb\"  data-popup-trigger=\"4\"><div class=\"imgTxtThumb--image background\" style=\"background-image:url(https:\/\/www.rotis-lj.si\/wp-content\/uploads\/2020\/09\/fermat1.jpg);  background-repeat:no-repeat; background-position:center center; background-size:cover;\"><\/div><div class=\"imgTxtThumb--name\">   <div class=\"imgTxtThumb--name-large\">REZKALNI IN VRTALNI STROJI<\/div>   <div class=\"imgTxtThumb--name-small\">Seznam strojev<i class=\"icon-arrow-right\"><\/i><\/div><\/div><\/a><div class=\"blockList--popup\" data-popup-id=\"4\">  <i class=\"icon-remove blockList--popup-remove\"><\/i>  <h2>REZKALNI IN VRTALNI STROJI<\/h2>  <div>\n<ol>\n<li><strong>Rezkalni in vrtalni stroj ILR: 2 stroja<\/strong><br \/>\nTIP ILR BH-90-D; DELOVNA MIZA: 900 MM X 700 MM<\/li>\n<li><span class=\"fontstyle0\"><strong>Horizontalni vrtalni stroj FERMAT WFT- 13R-CNC<\/strong><br \/>\n<\/span><span class=\"fontstyle0\">TIP: FERMAT WFT- 13R-CNC, DELOVNA MIZA: 2500 MM X 2500 MM<\/span><\/li>\n<\/ol>\n<\/div><\/div>\n<a href=\"https:\/\/www.rotis-lj.si\/sl\/proizvodne-zmogljivosti\/\" target=\"_self\" class=\"blockGrid--item imgTxtThumb\"  data-popup-trigger=\"5\"><div class=\"imgTxtThumb--image background\" style=\"background-image:url(https:\/\/www.rotis-lj.si\/wp-content\/uploads\/2017\/12\/stroj-4.jpg);  background-repeat:no-repeat; background-position:center center; background-size:cover;\"><\/div><div class=\"imgTxtThumb--name\">   <div class=\"imgTxtThumb--name-large\">STROJI ZA OBLIKOVANJE ZOB<\/div>   <div class=\"imgTxtThumb--name-small\">Seznam strojev<i class=\"icon-arrow-right\"><\/i><\/div><\/div><\/a><div class=\"blockList--popup\" data-popup-id=\"5\">  <i class=\"icon-remove blockList--popup-remove\"><\/i>  <h2>STROJI ZA OBLIKOVANJE ZOB<\/h2>  <div>\n<ol>\n<li><strong>Stroj za oblikovanje zob STANKOIMPORT<\/strong><br \/>\n2 STROJA &#8211; TIP: 5M161; DELOVNA MIZA: 1000 MM; MAKSIMALNI PREMER 1500 MM<\/li>\n<li><strong>Stroj za oblikovanje zob STANKOIMPORT<\/strong><br \/>\nTIP: KC 3-15; DELOVNA MIZA: 1700 MM; MAKSIMALNI PREMER 2500 MM<\/li>\n<li><strong>Stroj za oblikovanje zob STANKOIMPORT<\/strong><br \/>\n<span style=\"font-size: 17px;\">TIP: 5B150; DELOVNA MIZA: 1000 MM; MAKSIMALNI PREMER 1500 MM<\/span><\/li>\n<li><strong>Stroj za oblikovanje zob STANKOIMPORT<\/strong><br \/>\nTIP: 5140; DELOVNA MIZA: 300 MM; MAKSIMALNI PREMER 500MM<\/li>\n<li><strong>Stroj za oblikovanje zob STANKOIMPORT<\/strong><br \/>\n2 STROJA &#8211; TIP: 5B150; DELOVNA MIZA: 800 MM; MAKSIMALNI PREMER 1000 MM<\/li>\n<\/ol>\n<\/div><\/div>\n<a href=\"https:\/\/www.rotis-lj.si\/sl\/proizvodne-zmogljivosti\/\" target=\"_self\" class=\"blockGrid--item imgTxtThumb\"  data-popup-trigger=\"6\"><div class=\"imgTxtThumb--image background\" style=\"background-image:url(https:\/\/www.rotis-lj.si\/wp-content\/uploads\/2020\/09\/8_20200313_092737-1.jpg);  background-repeat:no-repeat; background-position:center center; background-size:cover;\"><\/div><div class=\"imgTxtThumb--name\">   <div class=\"imgTxtThumb--name-large\">OSTALI STROJI<\/div>   <div class=\"imgTxtThumb--name-small\">Seznam strojev<i class=\"icon-arrow-right\"><\/i><\/div><\/div><\/a><div class=\"blockList--popup\" data-popup-id=\"6\">  <i class=\"icon-remove blockList--popup-remove\"><\/i>  <h2>OSTALI STROJI<\/h2>  <div>\n<ol>\n<li><strong>Vertikalni obdelovalni center FULLAND MACHINERY CO. (portal machining center)<\/strong><br \/>\nTIP: DMC-1725; DELOVNA MIZA: 1700 MM X 2700 MM; MAKSIMALNI PREMER\u00a0 3500 MM<\/li>\n<li><span class=\"fontstyle0\"><strong>Vertikalni obdelovalni center JOHN FORD SMC-2800-2H<\/strong><br \/>\n<\/span><span class=\"fontstyle0\">TIP: JOHN FORD SMC-2800-2H , DELOVNA MIZA: 2800 MM<\/span><\/li>\n<li><strong>Obdelovalni center HURCO<\/strong><br \/>\nTIP: BMC6434\/0SM; DELOVNA MIZA: 1100 MM X 500 MM X 750 MM<\/li>\n<li><strong>Vertikalni obdelovalni center FULLAND<\/strong><br \/>\nTIP: TND 1600: DELOVNA MIZA: 810 MM X 1700 MM, MAX. 850 MM X 1700 MM<\/li>\n<li><span class=\"fontstyle0\"><strong>Vrtalni stroj<\/strong><br \/>\n<\/span><span class=\"fontstyle0\">TIP: RD 1600 H, Z OBRA\u010cALNO MIZO MRNC 1650<\/span><\/li>\n<li><span class=\"fontstyle0\"><strong>Stroj za plazemsko rezanje OMNICUT<\/strong><br \/>\n<\/span><span class=\"fontstyle0\">TIP: OMNICUT 3600; DELOVNA MIZA: 2500 MM X 7000 MM<\/span><\/li>\n<li><strong><span class=\"fontstyle0\">Varilni robot KUKA<\/span><\/strong><\/li>\n<\/ol>\n<\/div><\/div>\n<\/div><br \/>\n<div class='textBlock' ><p style=\"text-align: center;\"><a class=\"link--pdf\" href=\"https:\/\/www.rotis-lj.si\/wp-content\/uploads\/2023\/10\/MachineList-19-10-2023.pdf\" target=\"_blank\" rel=\"noopener\">SEZNAM VSEH STROJEV<\/a><\/p>\n<\/div><\/p>\n<\/div>       <\/div>   <\/div><\/div><div class=\"ctaBlock\" data-button-position=\"0\" style='background-color:#f8f8f8; padding-top:60px; padding-bottom:60px;'>    <div class=\"row\">        <div class=\"ctaBlock--text\"><\/p>\n<h2 style=\"text-align: center;\">Sku\u0161ate optimizirati stro\u0161ke nabave?<\/h2>\n<p style=\"text-align: center;\"><span style=\"color: #023c5b;\">Po\u0161ljite nam svoj <\/span><span style=\"color: #023c5b;\">tehni\u010dni na\u010drt, mi pa vam bomo poslali neobvezujo\u010do ponudbo!<\/span><\/p>\n<p><\/div><div class=\"ctaBlock--actions\"><a href=\"https:\/\/www.rotis-lj.si\/sl\/proizvodne-zmogljivosti\/\" class=\"btn\"  data-popup-toggle=\"1295\" target=\"_self\">PO\u0160LJITE POVPRA\u0160EVANJE<\/a><\/div>    <\/div><\/div><\/p>\n","protected":false},"excerpt":{"rendered":"","protected":false},"author":2,"featured_media":0,"parent":0,"menu_order":0,"comment_status":"closed","ping_status":"closed","template":"","meta":{"om_disable_all_campaigns":false,"_monsterinsights_skip_tracking":false,"_monsterinsights_sitenote_active":false,"_monsterinsights_sitenote_note":"","_monsterinsights_sitenote_category":0,"_uf_show_specific_survey":0,"_uf_disable_surveys":false,"footnotes":""},"aioseo_notices":[],"_links":{"self":[{"href":"https:\/\/www.rotis-lj.si\/sl\/wp-json\/wp\/v2\/pages\/20"}],"collection":[{"href":"https:\/\/www.rotis-lj.si\/sl\/wp-json\/wp\/v2\/pages"}],"about":[{"href":"https:\/\/www.rotis-lj.si\/sl\/wp-json\/wp\/v2\/types\/page"}],"author":[{"embeddable":true,"href":"https:\/\/www.rotis-lj.si\/sl\/wp-json\/wp\/v2\/users\/2"}],"replies":[{"embeddable":true,"href":"https:\/\/www.rotis-lj.si\/sl\/wp-json\/wp\/v2\/comments?post=20"}],"version-history":[{"count":91,"href":"https:\/\/www.rotis-lj.si\/sl\/wp-json\/wp\/v2\/pages\/20\/revisions"}],"predecessor-version":[{"id":4905,"href":"https:\/\/www.rotis-lj.si\/sl\/wp-json\/wp\/v2\/pages\/20\/revisions\/4905"}],"wp:attachment":[{"href":"https:\/\/www.rotis-lj.si\/sl\/wp-json\/wp\/v2\/media?parent=20"}],"curies":[{"name":"wp","href":"https:\/\/api.w.org\/{rel}","templated":true}]}}