{"id":22,"date":"2017-12-04T15:35:32","date_gmt":"2017-12-04T15:35:32","guid":{"rendered":"https:\/\/www.rotis-lj.si\/?page_id=22"},"modified":"2026-01-06T12:43:36","modified_gmt":"2026-01-06T11:43:36","slug":"kakovost-rotis","status":"publish","type":"page","link":"https:\/\/www.rotis-lj.si\/sl\/kakovost-rotis\/","title":{"rendered":"Kakovost Rotis"},"content":{"rendered":"<div class=\"pageTitle\" style=\"\"  data-text-color=\"#023c5b\" data-line-color=\"#e8b200\"><div class=\"pageTitle--content\"><\/p>\n<div class=\"title\">\n<div class=\"title--inner\">\n<h1>KAKOVOST<\/h1>\n<\/div>\n<\/div>\n<p><\/div><div class=\"pageTitle--background\" style=\" background-image: url(https:\/\/www.rotis-lj.si\/wp-content\/uploads\/2018\/06\/kakovost-rotis2.jpg); background-repeat:no-repeat; background-position:center right; background-size:cover; \"><\/div><\/div>\n<div class=\"blockGridContainer \" style='background-color:#f8f8f8;padding-top:50px; padding-bottom:50px; ' data-padding-top=\"50\" data-padding-bottom=\"50\" >   <div class=\"row\">       <div class=\"blockGrid  \" >\n<div class=\"blockGrid--100\" data-mobile-position=\"0\" style=''><div class='textBlock' data-content-limit=\"1\" data-content-center=\"0\"><h2>Sledljivost proizvodnje<\/h2>\n<p>Z uporabo \u010drtne kode skozi celoten proces proizvodnje dokumentirano sledimo vsakemu sestavnemu elementu in vsaki posamezni tehnolo\u0161ki operaciji ter jih nadzorujemo.<\/p>\n<p>Vsak izdelek podjetja Rotis je ozna\u010den s projektno in serijsko \u0161tevilko, prek katerih sledimo materialu, ki je vgrajen v posamezen izdelek, ter vsem tehnolo\u0161kim operacijam, ki so potrebne za nastanek izdelka. Tudi vsi dokumenti, ki jih uporabljamo v proizvodnji, so ozna\u010deni s \u010drtnimi kodami in povezani z merilnimi protokoli, ki jih zahteva kupec. Na ta na\u010din zagotavljamo enako visok standard kakovosti vseh kon\u010dnih izdelkov.<\/p>\n<\/div>\n<\/div>\n       <\/div>   <\/div><\/div>\n<div class=\"blockGridContainer \" style='' >   <div class=\"row\">       <div class=\"blockGrid  \" >\n<div class=\"blockGrid--100\" data-mobile-position=\"0\" style=''><div class=\"procedure\"><div class=\"procedure--title\"><h2>Postopki kontrole<\/h2><\/div>\n<div class=\"procedure--item active\">    <div class=\"procedure--name\">1. Meritev trdote kaljenja<\/div>    <div class=\"procedure--image\" style=\"background-image:url(https:\/\/www.rotis-lj.si\/wp-content\/uploads\/2018\/04\/Preverjanje-trdote-induktivnega-kaljenja-0-12.jpg)\"><\/div><\/div>\n<div class=\"procedure--item \">    <div class=\"procedure--name\">2. Meritev globine kaljenja<\/div>    <div class=\"procedure--image\" style=\"background-image:url(https:\/\/www.rotis-lj.si\/wp-content\/uploads\/2018\/04\/Preverjanje-globine-induktivnega-kaljenja-0-11.jpg)\"><\/div><\/div>\n<div class=\"procedure--item \">    <div class=\"procedure--name\">3. Meritev dovoljenih odstopanj<\/div>    <div class=\"procedure--image\" style=\"background-image:url(https:\/\/www.rotis-lj.si\/wp-content\/uploads\/2018\/04\/Meritev-toleran\u010dnih-vi\u0161in-s-kljunastim-merilom-0-16.jpg)\"><\/div><\/div>\n<div class=\"procedure--item \">    <div class=\"procedure--name\">4. Magnetoflux<\/div>    <div class=\"procedure--image\" style=\"background-image:url(https:\/\/www.rotis-lj.si\/wp-content\/uploads\/2018\/04\/Odkrivanje-manj\u0161ih-razpok-v-materialu-s-postopkom-magnetofluksa-0-20.jpg)\"><\/div><\/div>\n<div class=\"procedure--item \">    <div class=\"procedure--name\">5. Meritev nanosa povr\u0161inske za\u0161\u010dite<\/div>    <div class=\"procedure--image\" style=\"background-image:url(https:\/\/www.rotis-lj.si\/wp-content\/uploads\/2018\/04\/Meritev-debeline-nanosa-barve-za\u0161\u010dite-0-21.jpg)\"><\/div><\/div>\n<div class=\"procedure--item \">    <div class=\"procedure--name\">6. Meritev prednapetosti in zra\u010dnosti<\/div>    <div class=\"procedure--image\" style=\"background-image:url(https:\/\/www.rotis-lj.si\/wp-content\/uploads\/2018\/04\/6.Meritev-zra\u010dnosti-le\u017eaja-1.jpg)\"><\/div><\/div>\n<\/div>\n<\/div>\n       <\/div>   <\/div><\/div>\n<div class=\"blockGridContainer \" style='background-color:#f8f8f8;padding-top:80px; padding-bottom:70px; ' data-padding-top=\"80\" data-padding-bottom=\"70\" >   <div class=\"row\">       <div class=\"blockGrid  \" >\n<div class=\"blockGrid--100\" data-mobile-position=\"0\" style=''><div class='textBlock' ><h2 style=\"text-align: center;\">Certifikati<\/h2>\n<p style=\"text-align: center;\">Vsi le\u017eaji podjetja Rotis so izdelani skladno s standardom EN 10.204 in na \u017eeljo kon\u010dnega<br \/>\nuporabnika tudi certificirani s strani dru\u017eb kot so: DNV GL, BV, LRS, GOST in \u0161tevilne druge.<\/p>\n<p style=\"text-align: center;\">Smo tudi imetnik standarda ISO 9001:2015.<\/p>\n<p style=\"text-align: center;\"><a class=\"btn image--certificate\" href=\"https:\/\/www.rotis-lj.si\/wp-content\/uploads\/2026\/01\/ISO9001-2015.pdf\" target=\"_blank\" rel=\"noopener\">ISO 9001:2015 certifikat<\/a><\/p>\n<p style=\"text-align: center;\"><a class=\"btn image--certificate\" href=\"https:\/\/www.rotis-lj.si\/wp-content\/uploads\/2025\/01\/ISO_14001-ENG-C721356-0-20250109.pdf\" target=\"_blank\" rel=\"noopener\">ISO 14001:2015 certifikat<\/a><\/p>\n<\/div><br \/>\n<div class=\"ctaBlock\" data-button-position=\"0\" style=' padding-top:100px; padding-bottom:100px;'>    <div class=\"row\">        <div class=\"ctaBlock--text\"><\/p>\n<h2>Optimizirajte va\u0161e stro\u0161ke nabave!<\/h2>\n<p><span style=\"color: #023c5b;\">Po\u0161ljite nam povpra\u0161evanje!<\/span><br \/>\n<\/div><div class=\"ctaBlock--actions\"><a href=\"https:\/\/www.rotis-lj.si\/sl\/kakovost-rotis\/\" class=\"btn\"  data-popup-toggle=\"2575\" target=\"_self\">PO\u0160LJITE POVPRA\u0160EVANJE<\/a><\/div>    <\/div><\/div><\/p>\n<\/div>       <\/div>   <\/div><\/div>\n","protected":false},"excerpt":{"rendered":"","protected":false},"author":2,"featured_media":0,"parent":0,"menu_order":0,"comment_status":"closed","ping_status":"closed","template":"","meta":{"om_disable_all_campaigns":false,"_monsterinsights_skip_tracking":false,"_monsterinsights_sitenote_active":false,"_monsterinsights_sitenote_note":"","_monsterinsights_sitenote_category":0,"_uf_show_specific_survey":0,"_uf_disable_surveys":false,"footnotes":""},"aioseo_notices":[],"_links":{"self":[{"href":"https:\/\/www.rotis-lj.si\/sl\/wp-json\/wp\/v2\/pages\/22"}],"collection":[{"href":"https:\/\/www.rotis-lj.si\/sl\/wp-json\/wp\/v2\/pages"}],"about":[{"href":"https:\/\/www.rotis-lj.si\/sl\/wp-json\/wp\/v2\/types\/page"}],"author":[{"embeddable":true,"href":"https:\/\/www.rotis-lj.si\/sl\/wp-json\/wp\/v2\/users\/2"}],"replies":[{"embeddable":true,"href":"https:\/\/www.rotis-lj.si\/sl\/wp-json\/wp\/v2\/comments?post=22"}],"version-history":[{"count":60,"href":"https:\/\/www.rotis-lj.si\/sl\/wp-json\/wp\/v2\/pages\/22\/revisions"}],"predecessor-version":[{"id":5180,"href":"https:\/\/www.rotis-lj.si\/sl\/wp-json\/wp\/v2\/pages\/22\/revisions\/5180"}],"wp:attachment":[{"href":"https:\/\/www.rotis-lj.si\/sl\/wp-json\/wp\/v2\/media?parent=22"}],"curies":[{"name":"wp","href":"https:\/\/api.w.org\/{rel}","templated":true}]}}