{"id":24,"date":"2017-12-04T15:35:42","date_gmt":"2017-12-04T15:35:42","guid":{"rendered":"https:\/\/www.rotis-lj.si\/?page_id=24"},"modified":"2018-12-13T15:33:28","modified_gmt":"2018-12-13T15:33:28","slug":"aplikacije","status":"publish","type":"page","link":"https:\/\/www.rotis-lj.si\/sl\/aplikacije\/","title":{"rendered":"Aplikacije"},"content":{"rendered":"<div class=\"pageTitle\" style=\"\"  data-background=\"false\" data-text-color=\"#023c5b\" data-line-color=\"#e8b200\"><div class=\"pageTitle--inner\"><div class=\"pageTitle--content\"><\/p>\n<div class=\"title\">\n<div class=\"title--inner\">\n<h1>APLIKACIJE<\/h1>\n<\/div>\n<\/div>\n<p><\/div><div class=\"pageTitle--image\" data-valign=\"bottom\"><img decoding=\"async\" src=\"https:\/\/www.rotis-lj.si\/wp-content\/uploads\/2017\/12\/aplikacije-1.jpg\" style=\"margin-top:0px;\"\/><\/div><\/div><\/div>\n<div class=\"ctaBlock\" data-button-position=\"0\" style='background-image: url(https:\/\/www.rotis-lj.si\/wp-content\/uploads\/2017\/12\/cta-bg-1.png); background-repeat:no-repeat; background-position:center right; background-size:cover; padding-top:60px; padding-bottom:60px;'>    <div class=\"row\">        <div class=\"ctaBlock--text\"><\/p>\n<p style=\"text-align: center;\"><span style=\"color: #ffffff;\">Le\u017eaji in strojni deli podjetja Rotis se \u017ee ve\u010d kot 25 let vgrajujejo v najzahtevnej\u0161a mesta vgradnje.<\/span><br \/>\n<span style=\"color: #ffffff;\"> Oglejte si spodnje primere industrijskih aplikacij in nam tudi vi po\u0161ljite specifikacije svojega projekta! <\/span><br \/>\n<span style=\"color: #ffffff;\"> Poslali vam bomo ponudbo, ki bo ustrezala zahtevam va\u0161e aplikacije.<\/span><\/p>\n<p><\/div><div class=\"ctaBlock--actions\"><a href=\"https:\/\/www.rotis-lj.si\/sl\/aplikacije\/\" class=\"btn\"  data-popup-toggle=\"1295\" target=\"_blank\">PO\u0160LJITE POVPRA\u0160EVANJE<\/a><\/div>    <\/div><\/div>\n<div class='tabContainer'>   <div data-tab-fs='true' class='tabContainer--navigation'>       <div class='tabContainer--navigation-inner'><a href='#industrijski-stroji' data-tab-trigger='1' class='active'><span>INDUSTRIJSKI STROJI<\/span><\/a><a href='#teka-mehanizacija' data-tab-trigger='2' class=''><span>TE\u017dKA MEHANIZACIJA<\/span><\/a><a href='#obnovljivi-viri-energije' data-tab-trigger='3' class=''><span>OBNOVLJIVI VIRI ENERGIJE<\/span><\/a><a href='#naftna-industrija' data-tab-trigger='4' class=''><span>NAFTNA INDUSTRIJA<\/span><\/a><a href='#vesolje-in-obramba' data-tab-trigger='5' class=''><span>VESOLJE IN OBRAMBA<\/span><\/a><a href='#drugo' data-tab-trigger='6' class=''><span>DRUGO<\/span><\/a><\/div>   <\/div>   <div class='tabContainer--tabs'>\n<div data-tab=\"1\" class=\"tab active\" data-tab-section-id=\"industrijski-stroji\">   <div class=\"blockGrid tabsBG\">\n<div class=\"sliderContainer \" data-navigation-arrows=\"2\" data-visible-slides=\"1\">   <div class=\"sliderInner\">  <div class=\"slider\" data-visible=\"1\" data-autoplay=\"false\" data-interval=\"5000\"><div class=\"slider--item\"><img src='https:\/\/www.rotis-lj.si\/wp-content\/uploads\/2017\/12\/sample-slide-large-e1522057997983.png' title='sample-slide-large' alt='' \/><\/div><div class=\"slider--item\"><img src='https:\/\/www.rotis-lj.si\/wp-content\/uploads\/2018\/03\/TowerCrane.jpg' title='TowerCrane' alt='' \/><\/div><div class=\"slider--item\"><img src='https:\/\/www.rotis-lj.si\/wp-content\/uploads\/2018\/03\/Dock_Cranes2.jpg' title='Dock_Cranes2' alt='' \/><\/div><div class=\"slider--item\"><img src='https:\/\/www.rotis-lj.si\/wp-content\/uploads\/2018\/03\/Conveyor.jpg' title='Conveyor' alt='' \/><\/div><div class=\"slider--item\"><img src='https:\/\/www.rotis-lj.si\/wp-content\/uploads\/2018\/03\/RoboArm-e1522058250576.jpg' title='RoboArm' alt='' \/><\/div><div class=\"slider--item\"><img src='https:\/\/www.rotis-lj.si\/wp-content\/uploads\/2018\/03\/WaterPurification.jpg' title='WaterPurification' alt='' \/><\/div><div class=\"slider--item\"><img src='https:\/\/www.rotis-lj.si\/wp-content\/uploads\/2018\/11\/120R_Scrap_Hires_6.jpg' title='120R_Scrap_Hires_6' alt='' \/><\/div><div class=\"slider--item\"><img src='https:\/\/www.rotis-lj.si\/wp-content\/uploads\/2018\/12\/Konrad.jpg' title='Konrad' alt='' \/><\/div>  <\/div>  <div class=\"slider--arrows\"><\/div>   <\/div><\/div>\n<div class='textBlock' data-content-limit=\"1\" data-content-center=\"1\"><h3>Najpogostej\u0161i primeri vgradnje le\u017eajev Rotis:<\/h3>\n<ul>\n<li>Teleskopsko avtodvigalo<\/li>\n<li>Dvigala<\/li>\n<li>Gradbeni \u017eerjavi<\/li>\n<li>Cestno-\u017eelezni\u0161ki \u017eerjavi<\/li>\n<li>Pakirni stroji<\/li>\n<li>Roboti<\/li>\n<li>Tekstilni stroji<\/li>\n<li>Polnilne linije<\/li>\n<li>\u010cistilne naprave<\/li>\n<li>Stroji za predelavo odpadkov<\/li>\n<\/ul>\n<\/div>\n    <\/div><\/div><div data-tab=\"2\" class=\"tab \" data-tab-section-id=\"teka-mehanizacija\">   <div class=\"blockGrid tabsBG\">\n<div class=\"sliderContainer \" data-navigation-arrows=\"2\" data-visible-slides=\"1\">   <div class=\"sliderInner\">  <div class=\"slider\" data-visible=\"1\" data-autoplay=\"false\" data-interval=\"5000\"><div class=\"slider--item\"><img src='https:\/\/www.rotis-lj.si\/wp-content\/uploads\/2018\/03\/BucketWheelExcavator.jpg' title='BucketWheelExcavator' alt='' \/><\/div><div class=\"slider--item\"><img src='https:\/\/www.rotis-lj.si\/wp-content\/uploads\/2018\/03\/Crane2.jpg' title='Crane2' alt='' \/><\/div><div class=\"slider--item\"><img src='https:\/\/www.rotis-lj.si\/wp-content\/uploads\/2018\/03\/TBM2-e1522058401714.jpg' title='TBM2' alt='' \/><\/div><div class=\"slider--item\"><img src='https:\/\/www.rotis-lj.si\/wp-content\/uploads\/2018\/03\/TBM-e1522059113846.jpg' title='TBM' alt='' \/><\/div>  <\/div>  <div class=\"slider--arrows\"><\/div>   <\/div><\/div>\n<div class='textBlock' data-content-limit=\"1\" data-content-center=\"1\"><h3>Najpogostej\u0161i primeri vgradnje le\u017eajev Rotis:<\/h3>\n<ul>\n<li>Bagri<\/li>\n<li>Ladijska dvigala<\/li>\n<li>Bagri za dnevne kope<\/li>\n<li>Stroji za vrtanje predorov<\/li>\n<li>Stroji za cementno industrijo<\/li>\n<\/ul>\n<\/div>\n    <\/div><\/div><div data-tab=\"3\" class=\"tab \" data-tab-section-id=\"obnovljivi-viri-energije\">   <div class=\"blockGrid tabsBG\">\n<div class=\"sliderContainer \" data-navigation-arrows=\"2\" data-visible-slides=\"1\">   <div class=\"sliderInner\">  <div class=\"slider\" data-visible=\"1\" data-autoplay=\"false\" data-interval=\"5000\"><div class=\"slider--item\"><img src='https:\/\/www.rotis-lj.si\/wp-content\/uploads\/2018\/03\/WindFarm.jpg' title='WindFarm' alt='' \/><\/div><div class=\"slider--item\"><img src='https:\/\/www.rotis-lj.si\/wp-content\/uploads\/2018\/03\/WindTurbine.jpg' title='WindTurbine' alt='' \/><\/div><div class=\"slider--item\"><img src='https:\/\/www.rotis-lj.si\/wp-content\/uploads\/2018\/03\/SolarFarm.jpg' title='SolarFarm' alt='' \/><\/div>  <\/div>  <div class=\"slider--arrows\"><\/div>   <\/div><\/div>\n<div class='textBlock' data-content-limit=\"1\" data-content-center=\"1\"><h3>Najpogostej\u0161i primeri vgradnje le\u017eajev Rotis:<\/h3>\n<ul>\n<li>Vetrne turbine<\/li>\n<li>Solarni sistemi<\/li>\n<\/ul>\n<\/div>\n    <\/div><\/div><div data-tab=\"4\" class=\"tab \" data-tab-section-id=\"naftna-industrija\">   <div class=\"blockGrid tabsBG\">\n<div class=\"sliderContainer \" data-navigation-arrows=\"0\" data-visible-slides=\"1\">   <div class=\"sliderInner\">  <div class=\"slider\" data-visible=\"1\" data-autoplay=\"false\" data-interval=\"5000\"><div class=\"slider--item\"><img src='https:\/\/www.rotis-lj.si\/wp-content\/uploads\/2018\/03\/CableShip.jpg' title='CableShip' alt='' \/><\/div>  <\/div>  <div class=\"slider--arrows\"><\/div>   <\/div><\/div>\n<div class='textBlock' data-content-limit=\"1\" data-content-center=\"1\"><h3>Najpogostej\u0161i primeri vgradnje le\u017eajev Rotis:<\/h3>\n<ul>\n<li>Ladijska dvigala<\/li>\n<li>Sistemi za zasidranje<\/li>\n<li>Stroji in oprema na naftnih plo\u0161\u010dadih<\/li>\n<li>Plovila za polaganje cevi<\/li>\n<li>Pipe laying ships<\/li>\n<\/ul>\n<\/div>\n    <\/div><\/div><div data-tab=\"5\" class=\"tab \" data-tab-section-id=\"vesolje-in-obramba\">   <div class=\"blockGrid tabsBG\">\n<div class=\"sliderContainer \" data-navigation-arrows=\"2\" data-visible-slides=\"1\">   <div class=\"sliderInner\">  <div class=\"slider\" data-visible=\"1\" data-autoplay=\"false\" data-interval=\"5000\"><div class=\"slider--item\"><img src='https:\/\/www.rotis-lj.si\/wp-content\/uploads\/2018\/03\/Radar-e1522058928911.jpg' title='Radar' alt='' \/><\/div><div class=\"slider--item\"><img src='https:\/\/www.rotis-lj.si\/wp-content\/uploads\/2018\/03\/Telescope.jpg' title='Telescope' alt='' \/><\/div><div class=\"slider--item\"><img src='https:\/\/www.rotis-lj.si\/wp-content\/uploads\/2018\/03\/MilitaryVehicle-e1522058891478.jpg' title='MilitaryVehicle' alt='' \/><\/div>  <\/div>  <div class=\"slider--arrows\"><\/div>   <\/div><\/div>\n<div class='textBlock' data-content-limit=\"1\" data-content-center=\"1\"><h3>Najpogostej\u0161i primeri vgradnje le\u017eajev Rotis:<\/h3>\n<ul>\n<li>Radarji (fiksni in mobilni)<\/li>\n<li>Teleskopi<\/li>\n<li>Vrtljive topovske kupole<\/li>\n<li>Lansirne rampe<\/li>\n<\/ul>\n<\/div>\n    <\/div><\/div><div data-tab=\"6\" class=\"tab \" data-tab-section-id=\"drugo\">   <div class=\"blockGrid tabsBG\">\n<div class=\"sliderContainer \" data-navigation-arrows=\"2\" data-visible-slides=\"1\">   <div class=\"sliderInner\">  <div class=\"slider\" data-visible=\"1\" data-autoplay=\"false\" data-interval=\"5000\"><div class=\"slider--item\"><img src='https:\/\/www.rotis-lj.si\/wp-content\/uploads\/2018\/03\/Bus.jpg' title='Bus' alt='' \/><\/div><div class=\"slider--item\"><img src='https:\/\/www.rotis-lj.si\/wp-content\/uploads\/2018\/03\/Lunapark.jpg' title='Lunapark' alt='' \/><\/div>  <\/div>  <div class=\"slider--arrows\"><\/div>   <\/div><\/div>\n<div class='textBlock' data-content-limit=\"1\" data-content-center=\"1\"><h3>Najpogostej\u0161i primeri vgradnje le\u017eajev Rotis:<\/h3>\n<ul>\n<li>Gozdarski stroji<\/li>\n<li>Zgibni avtobusi<\/li>\n<li>Oprema za zabavi\u0161\u010dne parke<\/li>\n<\/ul>\n<\/div>\n    <\/div><\/div>   <\/div><\/div><div class=\"ctaBlock\" data-button-position=\"0\" style='background-color:transparent; padding-top:60px; padding-bottom:60px;'>    <div class=\"row\">        <div class=\"ctaBlock--text\"><\/p>\n<h2>Sku\u0161ate optimizirati stro\u0161ke nabave?<\/h2>\n<p>Po\u0161ljite nam svoj tehni\u010dni na\u010drt, mi pa vam bomo poslali neobvezujo\u010do ponudbo.<br \/>\n<\/div><div class=\"ctaBlock--actions\"><a href=\"https:\/\/www.rotis-lj.si\/sl\/aplikacije\/\" class=\"btn\"  data-popup-toggle=\"1295\" target=\"_self\">PO\u0160LJITE POVPRA\u0160EVANJE<\/a><\/div>    <\/div><\/div><\/p>\n","protected":false},"excerpt":{"rendered":"","protected":false},"author":2,"featured_media":0,"parent":0,"menu_order":0,"comment_status":"closed","ping_status":"closed","template":"","meta":{"om_disable_all_campaigns":false,"_monsterinsights_skip_tracking":false,"_monsterinsights_sitenote_active":false,"_monsterinsights_sitenote_note":"","_monsterinsights_sitenote_category":0,"_uf_show_specific_survey":0,"_uf_disable_surveys":false,"footnotes":""},"aioseo_notices":[],"_links":{"self":[{"href":"https:\/\/www.rotis-lj.si\/sl\/wp-json\/wp\/v2\/pages\/24"}],"collection":[{"href":"https:\/\/www.rotis-lj.si\/sl\/wp-json\/wp\/v2\/pages"}],"about":[{"href":"https:\/\/www.rotis-lj.si\/sl\/wp-json\/wp\/v2\/types\/page"}],"author":[{"embeddable":true,"href":"https:\/\/www.rotis-lj.si\/sl\/wp-json\/wp\/v2\/users\/2"}],"replies":[{"embeddable":true,"href":"https:\/\/www.rotis-lj.si\/sl\/wp-json\/wp\/v2\/comments?post=24"}],"version-history":[{"count":94,"href":"https:\/\/www.rotis-lj.si\/sl\/wp-json\/wp\/v2\/pages\/24\/revisions"}],"predecessor-version":[{"id":4302,"href":"https:\/\/www.rotis-lj.si\/sl\/wp-json\/wp\/v2\/pages\/24\/revisions\/4302"}],"wp:attachment":[{"href":"https:\/\/www.rotis-lj.si\/sl\/wp-json\/wp\/v2\/media?parent=24"}],"curies":[{"name":"wp","href":"https:\/\/api.w.org\/{rel}","templated":true}]}}