{"id":28,"date":"2017-12-04T15:35:58","date_gmt":"2017-12-04T15:35:58","guid":{"rendered":"https:\/\/www.rotis-lj.si\/?page_id=28"},"modified":"2026-01-06T12:10:51","modified_gmt":"2026-01-06T11:10:51","slug":"novice","status":"publish","type":"page","link":"https:\/\/www.rotis-lj.si\/sl\/novice\/","title":{"rendered":"Novice"},"content":{"rendered":"<div class=\"pageTitle\" style=\"background-color:#f8f8f8\"  data-text-color=\"#023c5b\" data-line-color=\"#e8b200\"><div class=\"pageTitle--content\"><\/p>\n<div class=\"title\">\n<div class=\"title--inner\">\n<h1>NOVICE<\/h1>\n<\/div>\n<\/div>\n<p><\/div><div class=\"pageTitle--background\" style=\" background-image: url(https:\/\/www.rotis-lj.si\/wp-content\/uploads\/2018\/03\/News-1-1500x531.jpg); background-repeat:no-repeat; background-position:center center; background-size:cover; \"><\/div><\/div>\n<div class=\"blockGridContainer newsWrapper\" style='padding-top:90px; padding-bottom:50px; ' data-padding-top=\"90\" data-padding-bottom=\"50\" >   <div class=\"row\">       <div class=\"blockGrid  \" >\n<div class=\"blockGrid--66\" data-mobile-position=\"0\" style=''><div class='textBlock' data-content-limit=\"1\" data-content-center=\"0\"><h6 style=\"text-align: center;\">6.1.2026<\/h6>\n<h3>NOVO! &#8211; ROTIS d.o.o. ima novega lastnika<\/h3>\n<p style=\"font-weight: 400;\">Obve\u0161\u010damo vas o pomembnem dogodku v nadaljnem razvoju podjetja Rotis d.o.o.<\/p>\n<p style=\"font-weight: 400;\">\u010ce\u0161ka industrijska skupina<strong> ANACOT CAPITAL a.s. <\/strong>je postala novi lastnik podjetja<strong> ROTIS d.o.o..<\/strong><\/p>\n<p style=\"font-weight: 400;\">Skupina <strong>ANACOT CAPITAL a.s.<\/strong> je dolgoro\u010dno usmerjena industrijska skupina, osredoto\u010dena na razvoj stabilnih in perspektivnih podjetij. Prevzem podjetja ROTIS d.o.o. temelji na njegovih dose\u017eenih rezultatih, strokovnem znanju ter visoki ravni profesionalnosti zaposlenih. V prihodnje bo skupina aktivno podpirala nadaljnjo rast podjetja in krepitev njegovega polo\u017eaja na trgu.<\/p>\n<p style=\"font-weight: 400;\">Podjetje ROTIS je bilo prevzeto kot <strong>uspe\u0161no in stabilno podjetje<\/strong>, ki se odli\u010dno vklju\u010duje v in\u017eenirski koncern ANACOT CAPITAL.<br \/>\nDel tega koncerna je tudi <strong>TRIANGOLO spol. s r.o.<\/strong>, eden od dolgoletnih dobaviteljev podjetja ROTIS.<\/p>\n<p style=\"font-weight: 400;\">Ta sprememba <strong>ne bo vplivala na obstoje\u010de poslovne odnose in vsakodnevno poslovanje<\/strong> podjetja. ROTIS d.o.o. nadaljuje svoje dejavnosti z enakim fokusom, z istimi pogodbenimi partnerji ter z nespremenjeno ekipo zaposlenih, ki ostaja temelj na\u0161ega uspeha in zanesljivosti.<\/p>\n<p style=\"font-weight: 400;\">S pridru\u017eitvijo skupini ANACOT CAPITAL podjetje ROTIS d.o.o. postaja del <strong>mo\u010dne evropske in\u017eenirske skupine<\/strong>, kar odpira nove prilo\u017enosti za razvoj, izmenjavo znanja ter dostop do novih trgov.<br \/>\nVerjamemo, da bo to sodelovanje dodatno okrepilo stabilnost in dolgoro\u010dno zanesljivost na\u0161ega poslovanja.<\/p>\n<\/div><br \/>\n<div class='textBlock' data-content-limit=\"1\" data-content-center=\"0\"><h6 style=\"text-align: center;\">23.9.2023<\/h6>\n<h3>Odkrijte zanimiv svet na\u0161ega novega proizvodnega obrata<\/h3>\n<p><iframe loading=\"lazy\" title=\"YouTube video player\" src=\"https:\/\/www.youtube.com\/embed\/BtCSNublzK8\" width=\"100%\" height=\"600\" frameborder=\"0\" allowfullscreen=\"allowfullscreen\"><\/iframe><\/p>\n<\/div><br \/>\n<div class='textBlock' data-content-limit=\"1\" data-content-center=\"0\"><h6 style=\"text-align: center;\">13.3.2023<\/h6>\n<h3 style=\"text-align: center;\"><a href=\"https:\/\/www.rotis-lj.si\/en\/rotis-novice\/4820-2\/\"><b>Javni razpis za sofinanciranje za\u010detnih investicij v podporo investicijam za ve\u010djo produktivnost, konkuren\u010dnost, odpornost in dekarbonizacijo gospodarstva na obmejnih problemskih obmo\u010djih<\/b><\/a><\/h3>\n<h3 style=\"text-align: center;\"><b>(JR NOO OPO 2022)<\/b><\/h3>\n<\/div><\/p>\n<\/div><div class=\"blockGrid--33\" data-mobile-position=\"0\" style=''><div class='textBlock' ><h4>ARHIV NOVIC<\/h4>\n<ul class=\"ul-archive\"><li><a href=\"?arhiv=2023\">2023<\/a><\/li><li><a href=\"?arhiv=2021\">2021<\/a><\/li><li><a href=\"?arhiv=2020\">2020<\/a><\/li><li><a href=\"?arhiv=2018\">2018<\/a><\/li><li><a href=\"?arhiv=2017\">2017<\/a><\/li><li><a href=\"?arhiv=2016\">2016<\/a><\/li><\/ul>\n<\/div>\n<\/div>       <\/div>   <\/div><\/div>\n","protected":false},"excerpt":{"rendered":"","protected":false},"author":2,"featured_media":0,"parent":0,"menu_order":0,"comment_status":"closed","ping_status":"closed","template":"","meta":{"om_disable_all_campaigns":false,"_monsterinsights_skip_tracking":false,"_monsterinsights_sitenote_active":false,"_monsterinsights_sitenote_note":"","_monsterinsights_sitenote_category":0,"_uf_show_specific_survey":0,"_uf_disable_surveys":false,"footnotes":""},"aioseo_notices":[],"_links":{"self":[{"href":"https:\/\/www.rotis-lj.si\/sl\/wp-json\/wp\/v2\/pages\/28"}],"collection":[{"href":"https:\/\/www.rotis-lj.si\/sl\/wp-json\/wp\/v2\/pages"}],"about":[{"href":"https:\/\/www.rotis-lj.si\/sl\/wp-json\/wp\/v2\/types\/page"}],"author":[{"embeddable":true,"href":"https:\/\/www.rotis-lj.si\/sl\/wp-json\/wp\/v2\/users\/2"}],"replies":[{"embeddable":true,"href":"https:\/\/www.rotis-lj.si\/sl\/wp-json\/wp\/v2\/comments?post=28"}],"version-history":[{"count":33,"href":"https:\/\/www.rotis-lj.si\/sl\/wp-json\/wp\/v2\/pages\/28\/revisions"}],"predecessor-version":[{"id":5164,"href":"https:\/\/www.rotis-lj.si\/sl\/wp-json\/wp\/v2\/pages\/28\/revisions\/5164"}],"wp:attachment":[{"href":"https:\/\/www.rotis-lj.si\/sl\/wp-json\/wp\/v2\/media?parent=28"}],"curies":[{"name":"wp","href":"https:\/\/api.w.org\/{rel}","templated":true}]}}