{"id":3134,"date":"2018-08-17T08:49:11","date_gmt":"2018-08-17T08:49:11","guid":{"rendered":"https:\/\/www.rotis-lj.si\/?page_id=3134"},"modified":"2018-08-22T12:11:17","modified_gmt":"2018-08-22T12:11:17","slug":"politika-varstva-osebnih-podatkov","status":"publish","type":"page","link":"https:\/\/www.rotis-lj.si\/sl\/politika-varstva-osebnih-podatkov\/","title":{"rendered":"Politika varstva osebnih podatkov"},"content":{"rendered":"<div class=\"pageTitle\" style=\"background-color:#f8f8f8\"  data-text-color=\"#023c5b\" data-line-color=\"#e8b200\"><div class=\"pageTitle--content\"><\/p>\n<div class=\"title\">\n<div class=\"title--inner\">\n<h1>Politika varstva osebnih podatkov<\/h1>\n<\/div>\n<\/div>\n<p><\/div><div class=\"pageTitle--background\" style=\" background-image: url(https:\/\/www.rotis-lj.si\/wp-content\/uploads\/2018\/03\/Zaposlitev-1500x531.jpg); background-repeat:no-repeat; background-position:center center; background-size:cover; \"><\/div><\/div>\n<div class=\"blockGridContainer privacyContainer\" style='padding-top:80px; padding-bottom:150px; ' data-padding-top=\"80\" data-padding-bottom=\"150\" >   <div class=\"row\">       <div class=\"blockGrid  \" >\n<div class=\"blockGrid--66\" data-mobile-position=\"0\" style=''><div class='textBlock' ><h4>Upravljavec osebnih podatkov in kontaktni podatki<\/h4>\n<p>Ta politika velja za obdelavo (uporabo) katerihkoli osebnih podatkov, ki ga izvaja dru\u017eba <strong>Rotis d.o.o.<\/strong> (<strong>upravljavec<\/strong>) ali ki se izvaja v imenu upravljavca.<\/p>\n<p><strong>Podatki o upravljavcu:<\/strong><br \/>\nRotis, dru\u017eba za proizvodnjo in trgovino na debelo in drobno z me\u0161anim blagom, d.o.o.<br \/>\nBrodi\u0161\u010de 5, 1236 Trzin<br \/>\nMati\u010dna \u0161tevilka: 3580881000<br \/>\nTelefon: +386 (0)1 530 09 60<br \/>\nE-po\u0161ta: info@rotis-lj.si<\/p>\n<h4>Katere osebne podatke obdelujemo<\/h4>\n<p>Podatki o uporabi na\u0161ih spletnih strani (kliki na povezave, porabljen \u010das, iz katere dr\u017eave in iz katere spletne strani ste pri\u0161li na na\u0161o stran itd..) in podatki glede odziva na na\u0161a e-po\u0161tna sporo\u010dila (ali je bilo sporo\u010dilo odprto, na katere povezave ste kliknili);<br \/>\nPodatki, ki jih potrebujemo za izpolnitev pogodbe in dostavo kupljenega blaga (predmet nakupa, cena, naslov za dostavo, \u010das dostave, na\u010din pla\u010dila, datum pla\u010dila, podatki o reklamacijah, podatki o izdanem ra\u010dunu ipd.).<\/p>\n<h4>Pravne podlage za obdelavo osebnih podatkov<\/h4>\n<p>Va\u0161e osebne podatke lahko obdelujemo na naslednjih pravnih podlagah:<br \/>\nkadar je obdelava va\u0161ih osebnih podatkov potrebna za sklenitev in izpolnitev <strong>pogodbe<\/strong>, ki ste jo sklenili z nami ali ker ste od nas \u017eeleli ponudbo;<br \/>\nkadar ste za obdelavo svojih osebnih podatkov podali <strong>privolitev<\/strong> za obdelavo za posamezen namen obdelave, pri \u010demer imate vedno pravico, da dano privolitev prekli\u010dete (npr. za prilagojeno obve\u0161\u010danje o na\u0161i ponudbi, ki temelji na oblikovanju profilov);<br \/>\nkadar imamo za obdelavo va\u0161ih osebnih podatkov zakonit interes (primer bi lahko bil: ko vam po\u0161ljemo e-po\u0161to v primeru, da ste zapustili kontaktni na na\u0161i spletni strani ne da bi ga dokon\u010dali in kliknili gumb \u00bbPo\u0161lji\u00ab).<\/p>\n<h4>Nameni obdelave osebnih podatkov<\/h4>\n<p>Va\u0161e osebne podatke lahko uporabljamo za enega ali ve\u010d navedenih namenov:<br \/>\nkomuniciranje z vami glede zagotavljanja na\u0161ih storitev ter odgovarjanja na va\u0161a povpra\u0161evanja;<br \/>\nsklenitev pogodbe in izpolnitev obveznosti, ki izhajajo iz sklenjene pogodbe;<br \/>\ntr\u017eno komuniciranje (po\u0161iljanje e-po\u0161te, navadne po\u0161te in SMS sporo\u010dil);<br \/>\ntr\u017eno komuniciranje na podlagi prilagojenih oz. individualiziranih ponudb in sporo\u010dil, na podlagi oblikovanja uporabni\u0161kih profilov oziroma razvr\u0161\u010danja v skupine, od katerih lahko vsaka prejema tr\u017eno komunikacijo z druga\u010dno vsebino. Pri oblikovanju profilov spremljamo tudi posameznikovo aktivnost (kot npr. \u010das, ki ga posameznik pre\u017eivi na dolo\u010deni vsebini, katere vsebine ga zanimajo in odpiranje e-po\u0161tnih sporo\u010dil) ter frekvenco in vrednost preteklih nakupov;<br \/>\nza uveljavljanje kakr\u0161nihkoli pravnih zahtevkov in re\u0161evanje sporov;<br \/>\nza statisti\u010dne analize o uporabi na\u0161ih spletnih strani;<\/p>\n<h4>Kako dolgo hranimo va\u0161e osebne podatke in kaj se z njimi zgodi potem<\/h4>\n<p>Osnovne osebne podatke hranimo trajno oz. do preklica te privolitve z va\u0161e strani.<\/p>\n<p>Osebne podatke, ki jih obdelujemo na podlagi va\u0161e privolitve, hranimo trajno oz. do preklica te privolitve z va\u0161e strani.<\/p>\n<p>Podatke o izdanih ra\u010dunih hranimo 10 let od izdaje.<\/p>\n<p>Podatke, ki si potrebni za sklenitev in izpolnitev pogodbe med vami in nami, hranimo \u0161e 5 let od izpolnitve pogodbe (dobave blaga).<\/p>\n<p>Po poteku roka hrambe osebne podatke u\u010dinkovito izbri\u0161emo ali anonimiziramo, kar pomeni, da jih obdelamo na tak na\u010din, da jih nikakor ni ve\u010d mogo\u010de povezati z vami oziroma ji pripisati vam.<\/p>\n<h4>Prostovoljnost posredovanja podatkov in posledice neposredovanja<\/h4>\n<p>Posredovanje osebnih podatkov je prostovoljno. Osebnih podatkov nam niste dol\u017eni posredovati, vendar pa v primeru, da jih ne posredujete, ne more prejeti dolo\u010denih storitev oziroma z nami skleniti pogodbe. Kateri podatki so taki, da njihovo neposredovanje povzro\u010di navedene posledice, bomo navedli vsaki\u010d, ko bomo od vas pridobivali osebne podatke.<\/p>\n<h4>Kdo ima dostop do va\u0161ih osebnih podatkov<\/h4>\n<p>Va\u0161ih osebnih podatkov ne posredujemo in ne omogo\u010damo seznanitve z njimi tretjim osebam (izven dru\u017ebe Rotis d.o.o.) razen tistim, ki imajo z nami sklenjeno pisno pogodbo, na podlagi katere izvajajo dolo\u010dena opravila v zvezi z obdelavo podatkov in so dol\u017eni spo\u0161tovati zakonodajo glede obdelave in varstva osebnih podatkov (t.i. pogodbeni obdelovalci). Pogodbeni obdelovalci, ki jim posredujemo osebne podatke, so:<br \/>\n&#8211; ponudniki storitev marketinga;<br \/>\n&#8211; ponudniki klicnih studiev;<br \/>\n&#8211; ponudniki po\u0161iljanja e-po\u0161tnih sporo\u010dil;<br \/>\n&#8211; ponudniki gostovanja in vzdr\u017eevanja spletne strani<\/p>\n<p>Pogodbeni obdelovalci smejo osebne podatke obdelovati zgolj v okviru na\u0161ih navodil in osebnih podatkov ne smejo obdelovati za lastne namene. Zavezani so, skupaj s svojimi zaposlenimi, k varovanju zaupnosti va\u0161ih osebnih podatkov.<\/p>\n<p>Pogodbeni obdelovalci osebnih podatkov ne izna\u0161ajo v tretje dr\u017eave (izven dr\u017eav \u010dlanic Evropskega gospodarskega prostora \u2013 to so \u010dlanice EU ter Islandija, Norve\u0161ka in Liechtenstein).<\/p>\n<h4>Kak\u0161ne pravice imate v zvezi z osebnimi podatki, kako lahko prekli\u010dete privolitev za obdelavo in kak\u0161ne so posledice preklica<\/h4>\n<p>Glede svojih osebnih podatkov imate naslednje pravice:<br \/>\nda od nas kadarkoli zahtevate:<br \/>\npotrditev, ali obdelujemo va\u0161e osebne podatke;<br \/>\ndostop do osebnih podatkov in naslednje informacije: namene obdelave; vrste osebnih podatkov; uporabnike ali kategorije uporabnikov, ki so jim bili ali jim bodo razkriti osebni podatki, zlasti uporabnike v tretjih dr\u017eavah ali mednarodnih organizacijah; predvideno obdobje hrambe osebnih podatkov ali, \u010de to ni mogo\u010de, merila, ki se uporabijo za dolo\u010ditev tega obdobja; obstoj avtomatiziranega sprejemanja odlo\u010ditev, vklju\u010dno z oblikovanjem profilov ter razloge zanj kot tudi pomen in predvidene posledice take obdelave za vas;<br \/>\neno (brezpla\u010dno) kopijo osebnih podatkov v obliki, ki jo dolo\u010dite sami (\u010de je zahteva podana z elektronskim sredstvom za komunikacijo in ne zahtevate druga\u010de, se kopija zagotovi v elektronski obliki); za dodatne kopije, ki jih zahtevate, lahko zara\u010dunamo razumno pristojbino ob upo\u0161tevanju stro\u0161kov;<br \/>\npopravek neto\u010dnih osebnih podatkov;<br \/>\nomejitev obdelave, kadar:<br \/>\noporekate to\u010dnosti osebnih podatkov, in sicer za obdobje, ki nam omogo\u010da preveriti to\u010dnost osebnih podatkov;<br \/>\nje obdelava nezakonita in nasprotujete izbrisu osebnih podatkov ter namesto tega zahtevate omejitev njihove uporabe;<br \/>\nosebnih podatkov ne potrebujemo ve\u010d za namene obdelave, pa jih vi potrebuje za uveljavljanje, izvajanje ali obrambo pravnih zahtevkov;<br \/>\nizbris vseh osebnih podatkov (pravica do pozabe), \u010de so izpolnjene predpostavke iz \u010dlena 17 Splo\u0161ne uredbe o varstvu podatkov, predvsem pa v primeru, kadar prekli\u010dete privolitev za obdelavo osebnih podatkov;<br \/>\nizpis osebnih podatkov v strukturirani, splo\u0161no uporabljani in strojno berljivi obliki, s pravico, da te podatke posredujete drugemu upravljavcu, ne da bi vas mi pri tem ovirali;<br \/>\nprenehanje uporabe osebnih podatkov za namene neposrednega tr\u017eenja, vklju\u010dno z oblikovanjem profilov;<br \/>\nda za vas ne velja odlo\u010ditev, ki temelji zgolj na avtomatizirani obdelavi, vklju\u010dno z oblikovanjem profilov \u010de so izpolnjene predpostavke iz \u010dlena 22 Splo\u0161ne uredbe o varstvu podatkov.<br \/>\npravico, da zoper nas vlo\u017eite prito\u017ebo pri Informacijskem poobla\u0161\u010dencu, \u010de menite, da obdelava va\u0161ih osebnih podatkov kr\u0161i Splo\u0161no uredbo o varstvu podatkov.<\/p>\n<h4>Postopek uveljavljanja pravic<\/h4>\n<p>Svoje zahteve, ki se ti\u010dejo uveljavljanja pravic v zvezi z osebnimi podatki lahko naslovite v pisni obliki na katerikoli kontakt, ki je naveden na vrhu tega dokumenta pod Upravljavec osebnih podatkov in kontaktni podatki.<\/p>\n<p>Za potrebe zanesljive identifikacije v primeru uveljavljanja pravic v zvezi z osebnimi podatki lahko od vas zahtevamo dodatne podatke, ukrepanje pa lahko zavrnemo le v primeru, da doka\u017eemo, da vas ne moremo zanesljivo identificirati.<\/p>\n<p>Na va\u0161o zahtevo s katero uveljavljate svoje pravice v zvezi z osebnimi podatki, moramo odgovoriti brez nepotrebnega odla\u0161anja in najpozneje v enem mesecu od prejema va\u0161e zahteve.<\/p>\n<\/div>\n<\/div><div class=\"blockGrid--33\" data-mobile-position=\"0\" style=''><\/div>\n       <\/div>   <\/div><\/div>\n","protected":false},"excerpt":{"rendered":"","protected":false},"author":2,"featured_media":0,"parent":0,"menu_order":0,"comment_status":"closed","ping_status":"closed","template":"","meta":{"om_disable_all_campaigns":false,"_monsterinsights_skip_tracking":false,"_monsterinsights_sitenote_active":false,"_monsterinsights_sitenote_note":"","_monsterinsights_sitenote_category":0,"_uf_show_specific_survey":0,"_uf_disable_surveys":false,"footnotes":""},"aioseo_notices":[],"_links":{"self":[{"href":"https:\/\/www.rotis-lj.si\/sl\/wp-json\/wp\/v2\/pages\/3134"}],"collection":[{"href":"https:\/\/www.rotis-lj.si\/sl\/wp-json\/wp\/v2\/pages"}],"about":[{"href":"https:\/\/www.rotis-lj.si\/sl\/wp-json\/wp\/v2\/types\/page"}],"author":[{"embeddable":true,"href":"https:\/\/www.rotis-lj.si\/sl\/wp-json\/wp\/v2\/users\/2"}],"replies":[{"embeddable":true,"href":"https:\/\/www.rotis-lj.si\/sl\/wp-json\/wp\/v2\/comments?post=3134"}],"version-history":[{"count":4,"href":"https:\/\/www.rotis-lj.si\/sl\/wp-json\/wp\/v2\/pages\/3134\/revisions"}],"predecessor-version":[{"id":3491,"href":"https:\/\/www.rotis-lj.si\/sl\/wp-json\/wp\/v2\/pages\/3134\/revisions\/3491"}],"wp:attachment":[{"href":"https:\/\/www.rotis-lj.si\/sl\/wp-json\/wp\/v2\/media?parent=3134"}],"curies":[{"name":"wp","href":"https:\/\/api.w.org\/{rel}","templated":true}]}}