{"id":695,"date":"2017-12-13T18:47:28","date_gmt":"2017-12-13T18:47:28","guid":{"rendered":"https:\/\/www.rotis-lj.si\/?page_id=695"},"modified":"2018-09-25T14:08:53","modified_gmt":"2018-09-25T14:08:53","slug":"tip-7000-troredni-valjcni-lezaj","status":"publish","type":"page","link":"https:\/\/www.rotis-lj.si\/sl\/lezaji\/tipi-lezajev\/tip-7000-troredni-valjcni-lezaj\/","title":{"rendered":"TIP 7000 &#8211; Troredni valj\u010dni le\u017eaj"},"content":{"rendered":"<div class=\"pageTitle\" style=\"\"  data-background=\"false\" data-text-color=\"#023c5b\" data-line-color=\"#e8b200\"><div class=\"pageTitle--inner\"><div class=\"pageTitle--content\"><\/p>\n<div class=\"title\">\n<div class=\"title--inner\">\n<h1>TROREDNI<br \/>\nVALJ\u010cNI<\/h1>\n<h1>LE\u017dAJI<\/h1>\n<\/div>\n<\/div>\n<p><\/div><div class=\"pageTitle--image\" data-valign=\"bottom\"><img decoding=\"async\" src=\"https:\/\/www.rotis-lj.si\/wp-content\/uploads\/2017\/12\/tipi-lezajev.png\" style=\"margin-top:0px;\"\/><\/div><\/div><\/div>\n<div class='tabContainer'>   <div data-tab-fs='false' class='tabContainer--navigation'>       <div class='tabContainer--navigation-inner'><a href='#notranje-ozobljenje' data-tab-trigger='1' class='active'><span>NOTRANJE OZOBLJENJE<\/span><\/a><a href='#zunanje-ozobljenje' data-tab-trigger='2' class=''><span>ZUNANJE OZOBLJENJE<\/span><\/a><\/div>   <\/div>   <div class='tabContainer--tabs'>\n<div data-tab=\"1\" class=\"tab active\" data-tab-section-id=\"notranje-ozobljenje\">   <div class=\"blockGrid tabsBG\">\n<div class=\"blockGrid blockListBG\" data-block-layout=\"1\" data-block-type=\"2\"  style=\"\">\n<a href=\"https:\/\/www.rotis-lj.si\/wp-content\/uploads\/2018\/09\/7000no1a4SLO1.slika_.pdf\" target=\"_blank\" class=\"blockGrid--item imgTxtThumb\" ><div class=\"imgTxtThumb--image not-background\"><img decoding=\"async\" src=\"https:\/\/www.rotis-lj.si\/wp-content\/uploads\/2018\/04\/Triredni_valjcni_NO.png\"\/><\/div><div class=\"imgTxtThumb--name\">   <div class=\"imgTxtThumb--name-large\"><\/div>   <div class=\"imgTxtThumb--name-small\">Tehni\u010dne specifikacije<i class=\"icon-arrow-right\"><\/i><\/div><\/div><\/a>\n<a href=\"https:\/\/www.rotis-lj.si\/wp-content\/uploads\/2018\/09\/7000no2a4SLO2.slika_.pdf\" target=\"_blank\" class=\"blockGrid--item imgTxtThumb\" ><div class=\"imgTxtThumb--image not-background\"><img decoding=\"async\" src=\"https:\/\/www.rotis-lj.si\/wp-content\/uploads\/2018\/04\/Triredni_valjcni_-NO.png\"\/><\/div><div class=\"imgTxtThumb--name\">   <div class=\"imgTxtThumb--name-large\"><\/div>   <div class=\"imgTxtThumb--name-small\">Tehni\u010dne specifikacije<i class=\"icon-arrow-right\"><\/i><\/div><\/div><\/a>\n<\/div>\n<div class='textBlock' ><h3>Najbolj pogosta uporaba le\u017eaja Tip 7000<\/h3>\n<p>Troredni valj\u010dni le\u017eaji Tip 7000 se najve\u010dkrat uporabljajo v rudarski in pomorski industriji, npr. v plavajo\u010dih dvigalih.<\/p>\n<\/div>\n    <\/div><\/div><div data-tab=\"2\" class=\"tab \" data-tab-section-id=\"zunanje-ozobljenje\">   <div class=\"blockGrid tabsBG\">\n<div class=\"blockGrid blockListBG\" data-block-layout=\"1\" data-block-type=\"2\"  style=\"\">\n<a href=\"https:\/\/www.rotis-lj.si\/wp-content\/uploads\/2018\/09\/7000zo1a4SLO1.slika_.pdf\" target=\"_blank\" class=\"blockGrid--item imgTxtThumb\" ><div class=\"imgTxtThumb--image not-background\"><img decoding=\"async\" src=\"https:\/\/www.rotis-lj.si\/wp-content\/uploads\/2018\/04\/Triredni_valjcni_ZO.png\"\/><\/div><div class=\"imgTxtThumb--name\">   <div class=\"imgTxtThumb--name-large\"><\/div>   <div class=\"imgTxtThumb--name-small\">Tehni\u010dne specifikacije<i class=\"icon-arrow-right\"><\/i><\/div><\/div><\/a>\n<a href=\"https:\/\/www.rotis-lj.si\/wp-content\/uploads\/2018\/09\/7000zo2a4SLO2.slika_.pdf\" target=\"_blank\" class=\"blockGrid--item imgTxtThumb\" ><div class=\"imgTxtThumb--image not-background\"><img decoding=\"async\" src=\"https:\/\/www.rotis-lj.si\/wp-content\/uploads\/2018\/04\/Triredni_valjcni_ZO.png\"\/><\/div><div class=\"imgTxtThumb--name\">   <div class=\"imgTxtThumb--name-large\"><\/div>   <div class=\"imgTxtThumb--name-small\">Tehni\u010dne specifikacije<i class=\"icon-arrow-right\"><\/i><\/div><\/div><\/a>\n<\/div>\n<div class='textBlock' ><h3>Najbolj pogosta uporaba le\u017eaja Tip 7000<\/h3>\n<p>Troredni valj\u010dni le\u017eaji Tip 7000 se najve\u010dkrat uporabljajo v rudarski in pomorski industriji, npr. v plavajo\u010dih dvigalih.<\/p>\n<\/div>\n    <\/div><\/div>   <\/div><\/div><div class=\"ctaBlock\" data-button-position=\"0\" style=' padding-top:90px; padding-bottom:80px;'>    <div class=\"row\">        <div class=\"ctaBlock--text\"><\/p>\n<h2>Ne najdete ustreznega tipa le\u017eaja?<\/h2>\n<p><span style=\"color: #023c5b;\">Ve\u010d kot 60 % le\u017eajev naredimo po naro\u010dilu. Zaupajte nam, kak\u0161ne so va\u0161e\u00a0<\/span><span style=\"color: #023c5b;\">zahteve in Rotisovi strokovnjaki bomo na podlagi prera\u010dunov naredili\u00a0<\/span><span style=\"color: #023c5b;\">le\u017eaj prilagojen va\u0161im potrebam!<\/span><br \/>\n<\/div><div class=\"ctaBlock--actions\"><a href=\"https:\/\/www.rotis-lj.si\/sl\/lezaji\/tipi-lezajev\/tip-7000-troredni-valjcni-lezaj\/\" class=\"btn\"  data-popup-toggle=\"2575\" target=\"_self\">PO\u0160LJITE NAM VA\u0160E TEHNI\u010cNE ZAHTEVE<\/a><\/div>    <\/div><\/div><\/p>\n","protected":false},"excerpt":{"rendered":"","protected":false},"author":2,"featured_media":0,"parent":76,"menu_order":0,"comment_status":"closed","ping_status":"closed","template":"","meta":{"om_disable_all_campaigns":false,"_monsterinsights_skip_tracking":false,"_monsterinsights_sitenote_active":false,"_monsterinsights_sitenote_note":"","_monsterinsights_sitenote_category":0,"_uf_show_specific_survey":0,"_uf_disable_surveys":false,"footnotes":""},"aioseo_notices":[],"_links":{"self":[{"href":"https:\/\/www.rotis-lj.si\/sl\/wp-json\/wp\/v2\/pages\/695"}],"collection":[{"href":"https:\/\/www.rotis-lj.si\/sl\/wp-json\/wp\/v2\/pages"}],"about":[{"href":"https:\/\/www.rotis-lj.si\/sl\/wp-json\/wp\/v2\/types\/page"}],"author":[{"embeddable":true,"href":"https:\/\/www.rotis-lj.si\/sl\/wp-json\/wp\/v2\/users\/2"}],"replies":[{"embeddable":true,"href":"https:\/\/www.rotis-lj.si\/sl\/wp-json\/wp\/v2\/comments?post=695"}],"version-history":[{"count":12,"href":"https:\/\/www.rotis-lj.si\/sl\/wp-json\/wp\/v2\/pages\/695\/revisions"}],"predecessor-version":[{"id":3897,"href":"https:\/\/www.rotis-lj.si\/sl\/wp-json\/wp\/v2\/pages\/695\/revisions\/3897"}],"up":[{"embeddable":true,"href":"https:\/\/www.rotis-lj.si\/sl\/wp-json\/wp\/v2\/pages\/76"}],"wp:attachment":[{"href":"https:\/\/www.rotis-lj.si\/sl\/wp-json\/wp\/v2\/media?parent=695"}],"curies":[{"name":"wp","href":"https:\/\/api.w.org\/{rel}","templated":true}]}}