{"id":697,"date":"2017-12-13T18:47:51","date_gmt":"2017-12-13T18:47:51","guid":{"rendered":"https:\/\/www.rotis-lj.si\/?page_id=697"},"modified":"2018-09-07T12:23:25","modified_gmt":"2018-09-07T12:23:25","slug":"tip-8000-posebna-izvedba","status":"publish","type":"page","link":"https:\/\/www.rotis-lj.si\/sl\/lezaji\/tipi-lezajev\/tip-8000-posebna-izvedba\/","title":{"rendered":"TIP 8000 &#8211; Posebna izvedba"},"content":{"rendered":"<div class=\"pageTitle\" style=\"\"  data-background=\"false\" data-text-color=\"#023c5b\" data-line-color=\"#e8b200\"><div class=\"pageTitle--inner\"><div class=\"pageTitle--content\"><\/p>\n<div class=\"title\">\n<div class=\"title--inner\">\n<h1>LE\u017dAJI<\/h1>\n<h1>TIP 8000 &#8211; POSEBNA IZVEDBA<\/h1>\n<\/div>\n<\/div>\n<p><\/div><div class=\"pageTitle--image\" data-valign=\"bottom\"><img decoding=\"async\" src=\"https:\/\/www.rotis-lj.si\/wp-content\/uploads\/2017\/12\/tipi-lezajev.png\" style=\"margin-top:0px;\"\/><\/div><\/div><\/div>\n<div class=\"ctaBlock\" data-button-position=\"0\" style=' padding-top:90px; padding-bottom:80px;'>    <div class=\"row\">        <div class=\"ctaBlock--text\"><\/p>\n<h2>Ne najdete ustreznega tipa le\u017eaja?<\/h2>\n<p><span style=\"color: #023c5b;\">Ve\u010d kot 60 % le\u017eajev naredimo po naro\u010dilu. Zaupajte nam, kak\u0161ne so va\u0161e\u00a0<\/span><span style=\"color: #023c5b;\">zahteve in Rotisovi strokovnjaki bomo na podlagi prera\u010dunov naredili\u00a0<\/span><span style=\"color: #023c5b;\">le\u017eaj prilagojen va\u0161im potrebam!<\/span><br \/>\n<\/div><div class=\"ctaBlock--actions\"><a href=\"https:\/\/www.rotis-lj.si\/sl\/lezaji\/tipi-lezajev\/tip-8000-posebna-izvedba\/\" class=\"btn\"  data-popup-toggle=\"2575\" target=\"_self\">PO\u0160LJITE NAM VA\u0160E TEHNI\u010cNE ZAHTEVE<\/a><\/div>    <\/div><\/div>\n","protected":false},"excerpt":{"rendered":"","protected":false},"author":2,"featured_media":0,"parent":76,"menu_order":0,"comment_status":"closed","ping_status":"closed","template":"","meta":{"om_disable_all_campaigns":false,"_monsterinsights_skip_tracking":false,"_monsterinsights_sitenote_active":false,"_monsterinsights_sitenote_note":"","_monsterinsights_sitenote_category":0,"_uf_show_specific_survey":0,"_uf_disable_surveys":false,"footnotes":""},"aioseo_notices":[],"_links":{"self":[{"href":"https:\/\/www.rotis-lj.si\/sl\/wp-json\/wp\/v2\/pages\/697"}],"collection":[{"href":"https:\/\/www.rotis-lj.si\/sl\/wp-json\/wp\/v2\/pages"}],"about":[{"href":"https:\/\/www.rotis-lj.si\/sl\/wp-json\/wp\/v2\/types\/page"}],"author":[{"embeddable":true,"href":"https:\/\/www.rotis-lj.si\/sl\/wp-json\/wp\/v2\/users\/2"}],"replies":[{"embeddable":true,"href":"https:\/\/www.rotis-lj.si\/sl\/wp-json\/wp\/v2\/comments?post=697"}],"version-history":[{"count":13,"href":"https:\/\/www.rotis-lj.si\/sl\/wp-json\/wp\/v2\/pages\/697\/revisions"}],"predecessor-version":[{"id":3805,"href":"https:\/\/www.rotis-lj.si\/sl\/wp-json\/wp\/v2\/pages\/697\/revisions\/3805"}],"up":[{"embeddable":true,"href":"https:\/\/www.rotis-lj.si\/sl\/wp-json\/wp\/v2\/pages\/76"}],"wp:attachment":[{"href":"https:\/\/www.rotis-lj.si\/sl\/wp-json\/wp\/v2\/media?parent=697"}],"curies":[{"name":"wp","href":"https:\/\/api.w.org\/{rel}","templated":true}]}}