{"id":72,"date":"2017-12-05T12:49:32","date_gmt":"2017-12-05T12:49:32","guid":{"rendered":"https:\/\/www.rotis-lj.si\/?page_id=72"},"modified":"2025-12-19T09:56:07","modified_gmt":"2025-12-19T08:56:07","slug":"montaza-in-vzdrzevanje","status":"publish","type":"page","link":"https:\/\/www.rotis-lj.si\/sl\/lezaji\/montaza-in-vzdrzevanje\/","title":{"rendered":"Monta\u017ea in vzdr\u017eevanje"},"content":{"rendered":"<div class=\"pageTitle\" style=\"\"  data-text-color=\"#ffffff\" data-line-color=\"#e8b200\"><div class=\"pageTitle--content\"><\/p>\n<div class=\"title\">\n<div class=\"title--inner\">\n<h1><span style=\"color: #023c5b;\">MONTA\u017dA IN<\/span><br \/>\n<span style=\"color: #023c5b;\"> VZDR\u017dEVANJE<\/span><\/h1>\n<h1><span style=\"color: #023c5b;\">LE\u017dAJEV<\/span><\/h1>\n<\/div>\n<\/div>\n<p><\/div><div class=\"pageTitle--background\" style=\" background-image: url(https:\/\/www.rotis-lj.si\/wp-content\/uploads\/2018\/06\/montaza-vzdrzevanje-lezajev-1.jpg); background-repeat:no-repeat; background-position:center center; background-size:cover; \"><\/div><\/div>\n<div class='tabContainer'>   <div data-tab-fs='true' class='tabContainer--navigation'>       <div class='tabContainer--navigation-inner'><a href='#prevoz' data-tab-trigger='1' class='active'><span>PREVOZ<\/span><\/a><a href='#skladienje-leajev' data-tab-trigger='2' class=''><span>SKLADI\u0160\u010cENJE LE\u017dAJEV<\/span><\/a><a href='#mazanje' data-tab-trigger='3' class=''><span>MAZANJE<\/span><\/a><a href='#namestitev' data-tab-trigger='4' class=''><span>NAMESTITEV<\/span><\/a><a href='#vzdrevanje' data-tab-trigger='5' class=''><span>VZDR\u017dEVANJE<\/span><\/a><\/div>   <\/div>   <div class='tabContainer--tabs'>\n<div data-tab=\"1\" class=\"tab active\" data-tab-section-id=\"prevoz\">   <div class=\"blockGrid tabsBG\">\n<div class='textBlock' ><p>Le\u017eaje morate vedno preva\u017eati z njihovo osjo vrtenja v navpi\u010dnem polo\u017eaju in ustrezno podprte, tako da se ne morejo pojaviti deformacije. V primeru prevoza ve\u010djih le\u017eajev, kjer se ni mogo\u010de izogniti nagibu, je za zagotovitev ustrezne podpore potrebna uporaba nosilne konstrukcije, zlasti v radialni smeri.<\/p>\n<p>Ve\u010d informacij o prevozu najdete v na\u0161em \u00a0tehni\u010dnem katalogu. Za varen prevoz le\u017eajev natan\u010dno preberite navodila.<\/p>\n<p>V primeru dodatnih vpra\u0161anj se obrnite na nas\u00a0(<a href=\"mailto:rotis@rotis-lj.si\">rotis@rotis-lj.si<\/a>).<\/p>\n<p><a class=\"link--pdf\" href=\"https:\/\/www.rotis-lj.si\/wp-content\/uploads\/2022\/03\/Rotis-Slewing-Bearings-User-Manual.pdf\" target=\"_blank\" rel=\"noopener\">VZDR\u017dEVANJE<\/a><a class=\"link--pdf\" href=\"https:\/\/www.rotis-lj.si\/wp-content\/uploads\/2022\/03\/Rotis-Slewing-Bearings-Warranty.pdf\" target=\"_blank\" rel=\"noopener\">GARANCIJSKI POGOJI<\/a><a class=\"link--pdf\" href=\"https:\/\/www.rotis-lj.si\/wp-content\/uploads\/2025\/09\/Rotis-Slewing_Bearings-Technical_Specificaion_14-09-25.pdf\" target=\"_blank\" rel=\"noopener\">TEHNI\u010cNI KATALOG<\/a><\/p>\n<\/div>\n    <\/div><\/div><div data-tab=\"2\" class=\"tab \" data-tab-section-id=\"skladienje-leajev\">   <div class=\"blockGrid tabsBG\">\n<div class='textBlock' ><p>Le\u017eaje je treba skladi\u0161\u010diti v zaprtem in suhem prostoru brez prahu, prav tako pa ne smejo biti izpostavljeni neposredni son\u010dni svetlobi. Priporo\u010dena temperatura skladi\u0161\u010denja je med 10\u00a0\u00b0C in 40\u00a0\u00b0C, najvi\u0161ja relativna vla\u017enost pa naj ne presega 65\u00a0%.<\/p>\n<p>Ve\u010d informacij o skladi\u0161\u010denju najdete v na\u0161em \u00a0tehni\u010dnem katalogu. Za prepre\u010ditev po\u0161kodb zaradi zunanjih vplivov natan\u010dno preberite navodila.<\/p>\n<p>V primeru dodatnih vpra\u0161anj se obrnite na nas\u00a0(<a href=\"mailto:rotis@rotis-lj.si\">rotis@rotis-lj.si<\/a>).<\/p>\n<p><a class=\"link--pdf\" href=\"https:\/\/www.rotis-lj.si\/wp-content\/uploads\/2022\/03\/Rotis-Slewing-Bearings-User-Manual.pdf\" target=\"_blank\" rel=\"noopener\">VZDR\u017dEVANJE<\/a><a class=\"link--pdf\" href=\"https:\/\/www.rotis-lj.si\/wp-content\/uploads\/2022\/03\/Rotis-Slewing-Bearings-Warranty.pdf\" target=\"_blank\" rel=\"noopener\">GARANCIJSKI POGOJI<\/a><a class=\"link--pdf\" href=\"https:\/\/www.rotis-lj.si\/wp-content\/uploads\/2025\/09\/Rotis-Slewing_Bearings-Technical_Specificaion_14-09-25.pdf\" target=\"_blank\" rel=\"noopener\">TEHNI\u010cNI KATALOG<\/a><\/p>\n<\/div>\n    <\/div><\/div><div data-tab=\"3\" class=\"tab \" data-tab-section-id=\"mazanje\">   <div class=\"blockGrid tabsBG\">\n<div class='textBlock' ><p>Veliki le\u017eaji Rotis so ob dobavi pripravljeni na takoj\u0161njo uporabo po namestitvi, zato je te\u010dina le\u017eaja v celoti zapolnjena z mastjo na osnovi mineralnega olja in zgo\u0161\u010devalcem na osnovi litijevega mila, kar omogo\u010da uporabo pri ekstremnih tlakih in zagotavlja zaviranje obrabe. Zobnik le\u017eaja je med prevozom za\u0161\u010diten z oljem. V primeru dalj\u0161ega skladi\u0161\u010denja se uporabi dodatna za\u0161\u010dita. Navadno se za mazanje te\u010din uporabljajo maziva Castrol SPHEEROL\u00a0EPL2, za uporabo pri vi\u0161jih temperaturah pa Mobil Mobilith SHC 460.<\/p>\n<p>Med namestitvijo in zagonom je treba le\u017eaj znova namazati, dokler izpod tesnila ne prite\u010de mazivo. Med ponovnim mazanjem se mora le\u017eaj vrteti.<\/p>\n<p>Ve\u010d informacij o razli\u010dnih vrstah mazanja in mazalnih postopkih najdete v na\u0161em \u00a0tehni\u010dnem katalogu.<\/p>\n<p>V primeru dodatnih vpra\u0161anj se obrnite na nas\u00a0(<a href=\"mailto:rotis@rotis-lj.si\">rotis@rotis-lj.si<\/a>).<\/p>\n<p><a class=\"link--pdf\" href=\"https:\/\/www.rotis-lj.si\/wp-content\/uploads\/2022\/03\/Rotis-Slewing-Bearings-User-Manual.pdf\" target=\"_blank\" rel=\"noopener\">VZDR\u017dEVANJE<\/a><a class=\"link--pdf\" href=\"https:\/\/www.rotis-lj.si\/wp-content\/uploads\/2022\/03\/Rotis-Slewing-Bearings-Warranty.pdf\" target=\"_blank\" rel=\"noopener\">GARANCIJSKI POGOJI<\/a><a class=\"link--pdf\" href=\"https:\/\/www.rotis-lj.si\/wp-content\/uploads\/2025\/09\/Rotis-Slewing_Bearings-Technical_Specificaion_14-09-25.pdf\" target=\"_blank\" rel=\"noopener\">TEHNI\u010cNI KATALOG<\/a><\/p>\n<\/div>\n    <\/div><\/div><div data-tab=\"4\" class=\"tab \" data-tab-section-id=\"namestitev\">   <div class=\"blockGrid tabsBG\">\n<div class='textBlock' ><p>Le\u017eaji so natan\u010dni in ob\u010dutljivi strojni elementi, zato pri rokovanju z njimi ter pri njihovi namestitvi in vzdr\u017eevanju veljajo strogi standardi.<\/p>\n<p>Vrtljivi le\u017eaj je navadno zavit v protikorozijski papir in folijo, zato je pri odpiranju embala\u017ee potrebna previdnost. Embala\u017eo prere\u017eite in odstranite tako, da se tesnila, povr\u0161inski premaz ipd. ne po\u0161kodujejo.<\/p>\n<p>Pred namestitvijo je treba sti\u010dne povr\u0161ine in zobe zobnika o\u010distiti vseh protikorozijskih topil, ostankov maziv ali kakr\u0161nih koli drugih ne\u010disto\u010d. Uporabljajte samo \u010distilna topila in krpe, ki ne po\u0161kodujejo le\u017eaja, tj. tesnil, povr\u0161inskega premaza ipd. Le\u017eajev ne smete nikoli prati z visokotla\u010dnimi \u010distilniki. Med \u010di\u0161\u010denjem ne smejo ne\u010disto\u010de vstopiti v te\u010dino.<\/p>\n<p>Ve\u010d informacij o namestitvi najdete v na\u0161em \u00a0tehni\u010dnem katalogu.<\/p>\n<p>V primeru dodatnih vpra\u0161anj se obrnite na nas\u00a0(<a href=\"mailto:rotis@rotis-lj.si\">rotis@rotis-lj.si<\/a>).<\/p>\n<p><a class=\"link--pdf\" href=\"https:\/\/www.rotis-lj.si\/wp-content\/uploads\/2022\/03\/Rotis-Slewing-Bearings-User-Manual.pdf\" target=\"_blank\" rel=\"noopener\">VZDR\u017dEVANJE<\/a><a class=\"link--pdf\" href=\"https:\/\/www.rotis-lj.si\/wp-content\/uploads\/2022\/03\/Rotis-Slewing-Bearings-Warranty.pdf\" target=\"_blank\" rel=\"noopener\">GARANCIJSKI POGOJI<\/a><a class=\"link--pdf\" href=\"https:\/\/www.rotis-lj.si\/wp-content\/uploads\/2025\/09\/Rotis-Slewing_Bearings-Technical_Specificaion_14-09-25.pdf\" target=\"_blank\" rel=\"noopener\">TEHNI\u010cNI KATALOG<\/a><\/p>\n<\/div>\n    <\/div><\/div><div data-tab=\"5\" class=\"tab \" data-tab-section-id=\"vzdrevanje\">   <div class=\"blockGrid tabsBG\">\n<div class='textBlock' ><p>Vsako vzdr\u017eevalno delo je treba ustrezno evidentirati in dokumentirati. Vsakr\u0161no odstopanje od pri\u010dakovanih vrednosti mora preveriti in potrditi odgovorni strokovnjak ter po potrebi sporo\u010diti podjetju Rotis. Za zagotavljanje optimalne u\u010dinkovitosti le\u017eajev je potrebno redno izvajanje vzdr\u017eevalnih del.<\/p>\n<p>Ve\u010d informacij o vzdr\u017eevanju najdete v na\u0161em na\u0161em tehni\u010dnem katalogu.<\/p>\n<p>V primeru dodatnih vpra\u0161anj se obrnite na nas\u00a0(<a href=\"mailto:rotis@rotis-lj.si\">rotis@rotis-lj.si<\/a>).<\/p>\n<p><a class=\"link--pdf\" href=\"https:\/\/www.rotis-lj.si\/wp-content\/uploads\/2022\/03\/Rotis-Slewing-Bearings-User-Manual.pdf\" target=\"_blank\" rel=\"noopener\">VZDR\u017dEVANJE<\/a><a class=\"link--pdf\" href=\"https:\/\/www.rotis-lj.si\/wp-content\/uploads\/2022\/03\/Rotis-Slewing-Bearings-Warranty.pdf\" target=\"_blank\" rel=\"noopener\">GARANCIJSKI POGOJI<\/a><a class=\"link--pdf\" href=\"https:\/\/www.rotis-lj.si\/wp-content\/uploads\/2025\/09\/Rotis-Slewing_Bearings-Technical_Specificaion_14-09-25.pdf\" target=\"_blank\" rel=\"noopener\">TEHNI\u010cNI KATALOG<\/a><\/p>\n<\/div>\n    <\/div><\/div>   <\/div><\/div><div class=\"ctaBlock\" data-button-position=\"0\" style=' padding-top:90px; padding-bottom:80px;'>    <div class=\"row\">        <div class=\"ctaBlock--text\"><\/p>\n<h2>Sku\u0161ate optimizirati stro\u0161ke nabave?<\/h2>\n<p><span style=\"color: #023c5b;\">Po\u0161ljite nam va\u0161 tehni\u010dni na\u010drt, mi pa vam bomo poslali neobvezujo\u010do ponudbo!<\/span><br \/>\n<\/div><div class=\"ctaBlock--actions\"><a href=\"https:\/\/www.rotis-lj.si\/sl\/lezaji\/montaza-in-vzdrzevanje\/\" class=\"btn\"  data-popup-toggle=\"1295\" target=\"_self\">PO\u0160LJITE POVPRA\u0160EVANJE<\/a><\/div>    <\/div><\/div><\/p>\n","protected":false},"excerpt":{"rendered":"","protected":false},"author":2,"featured_media":0,"parent":9,"menu_order":0,"comment_status":"closed","ping_status":"closed","template":"","meta":{"om_disable_all_campaigns":false,"_monsterinsights_skip_tracking":false,"_monsterinsights_sitenote_active":false,"_monsterinsights_sitenote_note":"","_monsterinsights_sitenote_category":0,"_uf_show_specific_survey":0,"_uf_disable_surveys":false,"footnotes":""},"aioseo_notices":[],"_links":{"self":[{"href":"https:\/\/www.rotis-lj.si\/sl\/wp-json\/wp\/v2\/pages\/72"}],"collection":[{"href":"https:\/\/www.rotis-lj.si\/sl\/wp-json\/wp\/v2\/pages"}],"about":[{"href":"https:\/\/www.rotis-lj.si\/sl\/wp-json\/wp\/v2\/types\/page"}],"author":[{"embeddable":true,"href":"https:\/\/www.rotis-lj.si\/sl\/wp-json\/wp\/v2\/users\/2"}],"replies":[{"embeddable":true,"href":"https:\/\/www.rotis-lj.si\/sl\/wp-json\/wp\/v2\/comments?post=72"}],"version-history":[{"count":54,"href":"https:\/\/www.rotis-lj.si\/sl\/wp-json\/wp\/v2\/pages\/72\/revisions"}],"predecessor-version":[{"id":5151,"href":"https:\/\/www.rotis-lj.si\/sl\/wp-json\/wp\/v2\/pages\/72\/revisions\/5151"}],"up":[{"embeddable":true,"href":"https:\/\/www.rotis-lj.si\/sl\/wp-json\/wp\/v2\/pages\/9"}],"wp:attachment":[{"href":"https:\/\/www.rotis-lj.si\/sl\/wp-json\/wp\/v2\/media?parent=72"}],"curies":[{"name":"wp","href":"https:\/\/api.w.org\/{rel}","templated":true}]}}