{"id":74,"date":"2017-12-05T12:49:40","date_gmt":"2017-12-05T12:49:40","guid":{"rendered":"https:\/\/www.rotis-lj.si\/?page_id=74"},"modified":"2018-10-29T09:09:53","modified_gmt":"2018-10-29T09:09:53","slug":"oznacevanje-lezajev","status":"publish","type":"page","link":"https:\/\/www.rotis-lj.si\/sl\/lezaji\/oznacevanje-lezajev\/","title":{"rendered":"Ozna\u010devanje le\u017eajev"},"content":{"rendered":"<div class=\"pageTitle\" style=\"\"  data-background=\"false\" data-text-color=\"#023c5b\" data-line-color=\"#e8b200\"><div class=\"pageTitle--inner\"><div class=\"pageTitle--content\"><\/p>\n<div class=\"title\">\n<div class=\"title--inner\">\n<h1>OZNA\u010cEVANJE<\/h1>\n<h1>LE\u017dAJEV<\/h1>\n<\/div>\n<\/div>\n<p><\/div><div class=\"pageTitle--image\" data-valign=\"bottom\"><img decoding=\"async\" src=\"https:\/\/www.rotis-lj.si\/wp-content\/uploads\/2017\/12\/9-ok.png\" style=\"margin-top:0px;\"\/><\/div><\/div><\/div>\n<div class=\"blockGridContainer \" style='background-color:#f8f8f8;padding-top:80px; padding-bottom:80px; ' data-padding-top=\"80\" data-padding-bottom=\"80\" >   <div class=\"row\">       <div class=\"blockGrid  \" >\n<div class=\"blockGrid--100\" data-mobile-position=\"0\" style=''><div class=\"bearingContainer \">\n<div class=\"bearing active\">    <div class=\"bearing--trigger\" data-bearing-trigger=\"1\">2000.<\/div>    <div class=\"bearing--mobile-line\"><\/div>    <div class=\"bearing--content\" data-bearing-content=\"1\">\n<h3>PRODUKTNE SKUPINE<\/h3>\n<p><span class=\"s1\"><strong>2000<\/strong> \u2013 enoredni<span class=\"Apple-converted-space\">\u00a0 <\/span>krogli\u010dni le\u017eaj<\/span><\/p>\n<p><span class=\"s1\"><strong>3000<\/strong> \u2013 enoredni<span class=\"Apple-converted-space\">\u00a0 <\/span>krogli\u010dni le\u017eaj<\/span><\/p>\n<p><span class=\"s1\"><strong>4000<\/strong> \u2013 dvoredni krogli\u010dni le\u017eaj<\/span><\/p>\n<p><span class=\"s1\"><strong>5000<\/strong> \u2013 enoredni valj\u010dni le\u017eaj <\/span><\/p>\n<p><span class=\"s1\"><strong>7000<\/strong> \u2013 troredni valj\u010dni le\u017eaj<\/span><br \/>\n<\/div><\/div>\n<div class=\"bearing \">    <div class=\"bearing--trigger\" data-bearing-trigger=\"2\">10.<\/div>    <div class=\"bearing--mobile-line\"><\/div>    <div class=\"bearing--content\" data-bearing-content=\"2\">\n<h3>VRSTA OZOBJA<\/h3>\n<p class=\"p1\"><span class=\"s1\"><strong>10<\/strong> \u2013 brez ozobja<br \/>\n<\/span><span class=\"s1\"><strong>20<\/strong> \u2013 notranje ozobje<br \/>\n<\/span><span class=\"s1\"><strong>30<\/strong> \u2013 zunanje ozobje<\/span><\/p>\n<\/div><\/div>\n<div class=\"bearing \">    <div class=\"bearing--trigger\" data-bearing-trigger=\"3\">20.<\/div>    <div class=\"bearing--mobile-line\"><\/div>    <div class=\"bearing--content\" data-bearing-content=\"3\">\n<h3>PREMER TEKALNEGA ELEMENTA<\/h3>\n<\/div><\/div>\n<div class=\"bearing \">    <div class=\"bearing--trigger\" data-bearing-trigger=\"4\">0<\/div>    <div class=\"bearing--mobile-line\"><\/div>    <div class=\"bearing--content\" data-bearing-content=\"4\">\n<h3>KARAKTERISTIKE<\/h3>\n<\/div><\/div><div class=\"bearing extra\"><\/div>\n<div class=\"bearing \">    <div class=\"bearing--trigger\" data-bearing-trigger=\"5\">0<\/div>    <div class=\"bearing--mobile-line\"><\/div>    <div class=\"bearing--content\" data-bearing-content=\"5\">\n<h3>\u0160TEVILKA TIPA<\/h3>\n<\/div><\/div>\n<div class=\"bearing \">    <div class=\"bearing--trigger\" data-bearing-trigger=\"6\">0414.<\/div>    <div class=\"bearing--mobile-line\"><\/div>    <div class=\"bearing--content\" data-bearing-content=\"6\">\n<h3>PREMER TEKALI\u0160\u010cA LE\u017dAJA<\/h3>\n<\/div><\/div>\n<div class=\"bearing \">    <div class=\"bearing--trigger\" data-bearing-trigger=\"7\">00.<\/div>    <div class=\"bearing--mobile-line\"><\/div>    <div class=\"bearing--content\" data-bearing-content=\"7\">\n<h3>KARAKTERISTIKE<\/h3>\n<\/div><\/div>\n<\/div><div class=\"bearingContainerMobile\"><\/div>\n<\/div>\n       <\/div>   <\/div><\/div>\n<div class=\"ctaBlock\" data-button-position=\"0\" style=' padding-top:80px; padding-bottom:100px;'>    <div class=\"row\">        <div class=\"ctaBlock--text\"><\/p>\n<h2>Imate vpra\u0161anje? Kontaktirajte nas!<\/h2>\n<p><span style=\"color: #023c5b;\">Pokli\u010dite nas na <a style=\"color: #023c5b;\" href=\"tel:0038615300960\">+386 (0)1 530 09 60<\/a> ali nam pi\u0161ite. Z veseljem vam bomo pomagali.<\/span><br \/>\n<\/div><div class=\"ctaBlock--actions\"><a href=\"https:\/\/www.rotis-lj.si\/sl\/lezaji\/oznacevanje-lezajev\/\" class=\"btn\"  data-popup-toggle=\"1295\" target=\"_self\">PO\u0160LJITE NAM SPORO\u010cILO<\/a><\/div>    <\/div><\/div>\n","protected":false},"excerpt":{"rendered":"","protected":false},"author":2,"featured_media":0,"parent":9,"menu_order":0,"comment_status":"closed","ping_status":"closed","template":"","meta":{"om_disable_all_campaigns":false,"_monsterinsights_skip_tracking":false,"_monsterinsights_sitenote_active":false,"_monsterinsights_sitenote_note":"","_monsterinsights_sitenote_category":0,"_uf_show_specific_survey":0,"_uf_disable_surveys":false,"footnotes":""},"aioseo_notices":[],"_links":{"self":[{"href":"https:\/\/www.rotis-lj.si\/sl\/wp-json\/wp\/v2\/pages\/74"}],"collection":[{"href":"https:\/\/www.rotis-lj.si\/sl\/wp-json\/wp\/v2\/pages"}],"about":[{"href":"https:\/\/www.rotis-lj.si\/sl\/wp-json\/wp\/v2\/types\/page"}],"author":[{"embeddable":true,"href":"https:\/\/www.rotis-lj.si\/sl\/wp-json\/wp\/v2\/users\/2"}],"replies":[{"embeddable":true,"href":"https:\/\/www.rotis-lj.si\/sl\/wp-json\/wp\/v2\/comments?post=74"}],"version-history":[{"count":25,"href":"https:\/\/www.rotis-lj.si\/sl\/wp-json\/wp\/v2\/pages\/74\/revisions"}],"predecessor-version":[{"id":4263,"href":"https:\/\/www.rotis-lj.si\/sl\/wp-json\/wp\/v2\/pages\/74\/revisions\/4263"}],"up":[{"embeddable":true,"href":"https:\/\/www.rotis-lj.si\/sl\/wp-json\/wp\/v2\/pages\/9"}],"wp:attachment":[{"href":"https:\/\/www.rotis-lj.si\/sl\/wp-json\/wp\/v2\/media?parent=74"}],"curies":[{"name":"wp","href":"https:\/\/api.w.org\/{rel}","templated":true}]}}