{"id":76,"date":"2017-12-05T12:49:48","date_gmt":"2017-12-05T12:49:48","guid":{"rendered":"https:\/\/www.rotis-lj.si\/?page_id=76"},"modified":"2018-10-29T08:48:01","modified_gmt":"2018-10-29T08:48:01","slug":"tipi-lezajev","status":"publish","type":"page","link":"https:\/\/www.rotis-lj.si\/sl\/lezaji\/tipi-lezajev\/","title":{"rendered":"Tipi le\u017eajev"},"content":{"rendered":"<div class=\"pageTitle\" style=\"\"  data-text-color=\"#023c5b\" data-line-color=\"#e8b200\"><div class=\"pageTitle--content\"><\/p>\n<div class=\"title\">\n<div class=\"title--inner\">\n<h1>TIPI<\/h1>\n<h1>LE\u017dAJEV<\/h1>\n<\/div>\n<\/div>\n<p><\/div><div class=\"pageTitle--background\" style=\" background-image: url(https:\/\/www.rotis-lj.si\/wp-content\/uploads\/2018\/03\/SlewBearingType-1500x531.jpg); background-repeat:no-repeat; background-position:center center; background-size:cover; \"><\/div><\/div>\n<div class=\"ctaBlock\" data-button-position=\"0\" style='background-color:#f8f8f8; padding-top:70px; padding-bottom:70px;'>    <div class=\"row\">        <div class=\"ctaBlock--text\"><\/p>\n<p style=\"text-align: center;\">Potrebujete eno-, dvo- ali troredni le\u017eaj? Krogli\u010dnega, valj\u010dnega ali kombiniranega? Z notranjim ali zunanjim ozobljenjem? Le\u017eaje<br \/>\nproizvajamo v \u0161tevilnih razli\u010dicah. Najpogostej\u0161e tipe le\u017eajev si lahko ogledate na spodnjem seznamu. V kolikor tipa le\u017eaja, ki ga potrebujete<br \/>\nna seznamu ne najdete, nas kontaktirajte! Za vas bomo v skladu z va\u0161imi tehni\u010dnimi zahtevami proizvedli popolnoma po meri izdelan le\u017eaj.<\/p>\n<p><\/div><div class=\"ctaBlock--actions\"><a href=\"https:\/\/www.rotis-lj.si\/sl\/lezaji\/tipi-lezajev\/\" class=\"btn\"  data-popup-toggle=\"2575\" target=\"_self\">PO\u0160LJITE POVPRA\u0160EVANJE<\/a><\/div>    <\/div><\/div>\n<div class=\"blockGridContainer \" style='padding-top:170px; padding-bottom:60px; ' data-padding-top=\"170\" data-padding-bottom=\"60\" >   <div class=\"row\">       <div class=\"blockGrid  \" >\n<div class=\"blockGrid--100\" data-mobile-position=\"0\" style=''><div class='textBlock' ><h2 style=\"text-align: center;\"><a href=\"https:\/\/www.rotis-lj.si\/sl\/lezaji\/tipi-lezajev\/tip-2000-enoredni-kroglicni-lezaj\/\">TIP 2000 &#8211; ENOREDNI KROGLI\u010cNI LE\u017dAJ<\/a><\/h2>\n<\/div><br \/>\n<div class=\"blockGrid blockListBG\" data-margin-top=\"80\" data-margin-bottom=\"150\" data-block-layout=\"1\" data-block-type=\"2\"  style=\"margin-top:80px;margin-bottom:150px;\">\n<a href=\"https:\/\/www.rotis-lj.si\/sl\/lezaji\/tipi-lezajev\/tip-2000-enoredni-kroglicni-lezaj\/#brez-ozobljenja\" target=\"_self\" class=\"blockGrid--item imgTxtThumb\" ><div class=\"imgTxtThumb--image not-background\"><img decoding=\"async\" src=\"https:\/\/www.rotis-lj.si\/wp-content\/uploads\/2017\/12\/tip-2000-brez.jpg\"\/><\/div><div class=\"imgTxtThumb--name\">   <div class=\"imgTxtThumb--name-large\">BREZ OZOBLJENJA<\/div>   <div class=\"imgTxtThumb--name-small\">Podrobneje<i class=\"icon-arrow-right\"><\/i><\/div><\/div><\/a>\n<a href=\"https:\/\/www.rotis-lj.si\/sl\/lezaji\/tipi-lezajev\/tip-2000-enoredni-kroglicni-lezaj\/#notranje-ozobljenje\" target=\"_self\" class=\"blockGrid--item imgTxtThumb\" ><div class=\"imgTxtThumb--image not-background\"><img decoding=\"async\" src=\"https:\/\/www.rotis-lj.si\/wp-content\/uploads\/2017\/12\/tip-2000-notranje.jpg\"\/><\/div><div class=\"imgTxtThumb--name\">   <div class=\"imgTxtThumb--name-large\">NOTRANJE OZOBLJENJE<\/div>   <div class=\"imgTxtThumb--name-small\">Podrobneje<i class=\"icon-arrow-right\"><\/i><\/div><\/div><\/a>\n<a href=\"https:\/\/www.rotis-lj.si\/sl\/lezaji\/tipi-lezajev\/tip-2000-enoredni-kroglicni-lezaj\/#zunanje-ozobljenje\" target=\"_self\" class=\"blockGrid--item imgTxtThumb\" ><div class=\"imgTxtThumb--image not-background\"><img decoding=\"async\" src=\"https:\/\/www.rotis-lj.si\/wp-content\/uploads\/2017\/12\/tip-2000-zunanje.jpg\"\/><\/div><div class=\"imgTxtThumb--name\">   <div class=\"imgTxtThumb--name-large\">ZUNANJE OZOBLJENJE<\/div>   <div class=\"imgTxtThumb--name-small\">Podrobneje<i class=\"icon-arrow-right\"><\/i><\/div><\/div><\/a>\n<\/div><br \/>\n<div class='textBlock' ><h2 style=\"text-align: center;\"><a href=\"https:\/\/www.rotis-lj.si\/sl\/lezaji\/tipi-lezajev\/tip-3000-enoredni-kroglicni-lezaj\/\">TIP 3000 &#8211; ENOREDNI KROGLI\u010cNI LE\u017dAJ<\/a><\/h2>\n<\/div><br \/>\n<div class=\"blockGrid blockListBG\" data-margin-top=\"80\" data-margin-bottom=\"150\" data-block-layout=\"1\" data-block-type=\"2\"  style=\"margin-top:80px;margin-bottom:150px;\">\n<a href=\"https:\/\/www.rotis-lj.si\/sl\/lezaji\/tipi-lezajev\/tip-3000-enoredni-kroglicni-lezaj\/#brez-ozobljenja\" target=\"_self\" class=\"blockGrid--item imgTxtThumb\" ><div class=\"imgTxtThumb--image not-background\"><img decoding=\"async\" src=\"https:\/\/www.rotis-lj.si\/wp-content\/uploads\/2017\/12\/tip-3000-brez.jpg\"\/><\/div><div class=\"imgTxtThumb--name\">   <div class=\"imgTxtThumb--name-large\">BREZ OZOBLJENJA<\/div>   <div class=\"imgTxtThumb--name-small\">Podrobneje<i class=\"icon-arrow-right\"><\/i><\/div><\/div><\/a>\n<a href=\"https:\/\/www.rotis-lj.si\/sl\/lezaji\/tipi-lezajev\/tip-3000-enoredni-kroglicni-lezaj\/#notranje-ozobljenje\" target=\"_self\" class=\"blockGrid--item imgTxtThumb\" ><div class=\"imgTxtThumb--image not-background\"><img decoding=\"async\" src=\"https:\/\/www.rotis-lj.si\/wp-content\/uploads\/2017\/12\/tip-3000-notranje.jpg\"\/><\/div><div class=\"imgTxtThumb--name\">   <div class=\"imgTxtThumb--name-large\">NOTRANJE OZOBLJENJE<\/div>   <div class=\"imgTxtThumb--name-small\">Podrobneje<i class=\"icon-arrow-right\"><\/i><\/div><\/div><\/a>\n<a href=\"https:\/\/www.rotis-lj.si\/sl\/lezaji\/tipi-lezajev\/tip-3000-enoredni-kroglicni-lezaj\/#zunanje-ozobljenje\" target=\"_self\" class=\"blockGrid--item imgTxtThumb\" ><div class=\"imgTxtThumb--image not-background\"><img decoding=\"async\" src=\"https:\/\/www.rotis-lj.si\/wp-content\/uploads\/2017\/12\/tip-3000-zunanje.jpg\"\/><\/div><div class=\"imgTxtThumb--name\">   <div class=\"imgTxtThumb--name-large\">ZUNANJE OZOBLJENJE<\/div>   <div class=\"imgTxtThumb--name-small\">Podrobneje<i class=\"icon-arrow-right\"><\/i><\/div><\/div><\/a>\n<\/div><br \/>\n<div class='textBlock' ><h2 style=\"text-align: center;\"><a href=\"https:\/\/www.rotis-lj.si\/sl\/lezaji\/tipi-lezajev\/tip-4000-dvoredni-kroglicni-lezaj\/\">TIP 4000 &#8211; DVOREDNI KROGLI\u010cNI LE\u017dAJ<\/a><\/h2>\n<\/div><br \/>\n<div class=\"blockGrid blockListBG\" data-margin-top=\"80\" data-margin-bottom=\"150\" data-block-layout=\"1\" data-block-type=\"2\"  style=\"margin-top:80px;margin-bottom:150px;\">\n<a href=\"https:\/\/www.rotis-lj.si\/sl\/lezaji\/tipi-lezajev\/tip-4000-dvoredni-kroglicni-lezaj\/#notranje-ozobljenje\" target=\"_self\" class=\"blockGrid--item imgTxtThumb\" ><div class=\"imgTxtThumb--image not-background\"><img decoding=\"async\" src=\"https:\/\/www.rotis-lj.si\/wp-content\/uploads\/2017\/12\/tip-4000-notranje.jpg\"\/><\/div><div class=\"imgTxtThumb--name\">   <div class=\"imgTxtThumb--name-large\">NOTRANJE OZOBLJENJE<\/div>   <div class=\"imgTxtThumb--name-small\">Podrobneje<i class=\"icon-arrow-right\"><\/i><\/div><\/div><\/a>\n<a href=\"https:\/\/www.rotis-lj.si\/sl\/lezaji\/tipi-lezajev\/tip-4000-dvoredni-kroglicni-lezaj\/#zunanje-ozobljenje\" target=\"_self\" class=\"blockGrid--item imgTxtThumb\" ><div class=\"imgTxtThumb--image not-background\"><img decoding=\"async\" src=\"https:\/\/www.rotis-lj.si\/wp-content\/uploads\/2017\/12\/tip-4000-zunanje.jpg\"\/><\/div><div class=\"imgTxtThumb--name\">   <div class=\"imgTxtThumb--name-large\">ZUNANJE OZOBLJENJE<\/div>   <div class=\"imgTxtThumb--name-small\">Podrobneje<i class=\"icon-arrow-right\"><\/i><\/div><\/div><\/a>\n<\/div><br \/>\n<div class='textBlock' ><h2 style=\"text-align: center;\"><a href=\"https:\/\/www.rotis-lj.si\/sl\/lezaji\/tipi-lezajev\/tip-5000-enoredni-valjcni-lezaj\/\">TIP 5000 &#8211; ENOREDNI VALJ\u010cNI LE\u017dAJ<\/a><\/h2>\n<\/div><br \/>\n<div class=\"blockGrid blockListBG\" data-margin-top=\"80\" data-margin-bottom=\"150\" data-block-layout=\"1\" data-block-type=\"2\"  style=\"margin-top:80px;margin-bottom:150px;\">\n<a href=\"https:\/\/www.rotis-lj.si\/sl\/lezaji\/tipi-lezajev\/tip-5000-enoredni-valjcni-lezaj\/#notranje-ozobljenje\" target=\"_self\" class=\"blockGrid--item imgTxtThumb\" ><div class=\"imgTxtThumb--image not-background\"><img decoding=\"async\" src=\"https:\/\/www.rotis-lj.si\/wp-content\/uploads\/2017\/12\/tip-5000-notranje.jpg\"\/><\/div><div class=\"imgTxtThumb--name\">   <div class=\"imgTxtThumb--name-large\">NOTRANJE OZOBLJENJE<\/div>   <div class=\"imgTxtThumb--name-small\">Podrobneje<i class=\"icon-arrow-right\"><\/i><\/div><\/div><\/a>\n<a href=\"https:\/\/www.rotis-lj.si\/sl\/lezaji\/tipi-lezajev\/tip-5000-enoredni-valjcni-lezaj\/#zunanje-ozobljenje\" target=\"_self\" class=\"blockGrid--item imgTxtThumb\" ><div class=\"imgTxtThumb--image not-background\"><img decoding=\"async\" src=\"https:\/\/www.rotis-lj.si\/wp-content\/uploads\/2017\/12\/tip-5000-zunanje.jpg\"\/><\/div><div class=\"imgTxtThumb--name\">   <div class=\"imgTxtThumb--name-large\">ZUNANJE OZOBLJENJE<\/div>   <div class=\"imgTxtThumb--name-small\">Podrobneje<i class=\"icon-arrow-right\"><\/i><\/div><\/div><\/a>\n<\/div><br \/>\n<div class='textBlock' ><h2 style=\"text-align: center;\"><a href=\"https:\/\/www.rotis-lj.si\/sl\/lezaji\/tipi-lezajev\/tip-7000-troredni-valjcni-lezaj\/\">TIP 7000 &#8211; TROREDNI VALJ\u010cNI LE\u017dAJ<\/a><\/h2>\n<\/div><br \/>\n<div class=\"blockGrid blockListBG\" data-margin-top=\"80\" data-margin-bottom=\"150\" data-block-layout=\"1\" data-block-type=\"2\"  style=\"margin-top:80px;margin-bottom:150px;\">\n<a href=\"https:\/\/www.rotis-lj.si\/sl\/lezaji\/tipi-lezajev\/tip-7000-troredni-valjcni-lezaj\/#notranje-ozobljenje\" target=\"_self\" class=\"blockGrid--item imgTxtThumb\" ><div class=\"imgTxtThumb--image not-background\"><img decoding=\"async\" src=\"https:\/\/www.rotis-lj.si\/wp-content\/uploads\/2017\/12\/tip-7000-notranje.jpg\"\/><\/div><div class=\"imgTxtThumb--name\">   <div class=\"imgTxtThumb--name-large\">NOTRANJE OZOBLJENJE<\/div>   <div class=\"imgTxtThumb--name-small\">Podrobneje<i class=\"icon-arrow-right\"><\/i><\/div><\/div><\/a>\n<a href=\"https:\/\/www.rotis-lj.si\/sl\/lezaji\/tipi-lezajev\/tip-7000-troredni-valjcni-lezaj\/#zunanje-ozobljenje\" target=\"_self\" class=\"blockGrid--item imgTxtThumb\" ><div class=\"imgTxtThumb--image not-background\"><img decoding=\"async\" src=\"https:\/\/www.rotis-lj.si\/wp-content\/uploads\/2017\/12\/tip-7000-zunanje.jpg\"\/><\/div><div class=\"imgTxtThumb--name\">   <div class=\"imgTxtThumb--name-large\">ZUNANJE OZOBLJENJE<\/div>   <div class=\"imgTxtThumb--name-small\">Podrobneje<i class=\"icon-arrow-right\"><\/i><\/div><\/div><\/a>\n<\/div><br \/>\n<div class='textBlock' ><h2 style=\"text-align: center;\"><a href=\"https:\/\/www.rotis-lj.si\/sl\/lezaji\/tipi-lezajev\/tip-8000-posebna-izvedba\/\">TIP 8000 &#8211; POSEBNA IZVEDBA<\/a><\/h2>\n<\/div><br \/>\n<div class=\"blockGrid blockListBG\" data-margin-top=\"80\" data-margin-bottom=\"150\" data-block-layout=\"1\" data-block-type=\"2\"  style=\"margin-top:80px;margin-bottom:150px;\">\n<div   class=\"blockGrid--item imgTxtThumb\" ><div class=\"imgTxtThumb--image not-background\"><img decoding=\"async\" src=\"https:\/\/www.rotis-lj.si\/wp-content\/uploads\/2018\/04\/Le\u017eaj_tip_8000_skompresirano.png\"\/><\/div><div class=\"imgTxtThumb--name\">BREZ OZOBLJENJA<\/div><\/div>\n<\/div><\/p>\n<\/div>       <\/div>   <\/div><\/div><div class=\"ctaBlock\" data-button-position=\"0\" style='background-color:#f8f8f8; padding-top:90px; padding-bottom:80px;'>    <div class=\"row\">        <div class=\"ctaBlock--text\"><\/p>\n<h2>Ne najdete ustreznega tipa le\u017eaja?<\/h2>\n<p><span style=\"color: #023c5b;\">Ve\u010d kot 60 % le\u017eajev izdelamo po naro\u010dilu. Zaupajte nam, kak\u0161ne so va\u0161e\u00a0<\/span><span style=\"color: #023c5b;\">zahteve, in strokovnjaki podjetja Rotis bomo na podlagi prera\u010dunov izdelali\u00a0<\/span><span style=\"color: #023c5b;\">le\u017eaj, prilagojen va\u0161im potrebam.<\/span><br \/>\n<\/div><div class=\"ctaBlock--actions\"><a href=\"https:\/\/www.rotis-lj.si\/sl\/lezaji\/tipi-lezajev\/\" class=\"btn\"  data-popup-toggle=\"2575\" target=\"_self\">PO\u0160LJITE NAM SVOJE TEHNI\u010cNE ZAHTEVE<\/a><\/div>    <\/div><\/div><\/p>\n","protected":false},"excerpt":{"rendered":"","protected":false},"author":2,"featured_media":0,"parent":9,"menu_order":0,"comment_status":"closed","ping_status":"closed","template":"","meta":{"om_disable_all_campaigns":false,"_monsterinsights_skip_tracking":false,"_monsterinsights_sitenote_active":false,"_monsterinsights_sitenote_note":"","_monsterinsights_sitenote_category":0,"_uf_show_specific_survey":0,"_uf_disable_surveys":false,"footnotes":""},"aioseo_notices":[],"_links":{"self":[{"href":"https:\/\/www.rotis-lj.si\/sl\/wp-json\/wp\/v2\/pages\/76"}],"collection":[{"href":"https:\/\/www.rotis-lj.si\/sl\/wp-json\/wp\/v2\/pages"}],"about":[{"href":"https:\/\/www.rotis-lj.si\/sl\/wp-json\/wp\/v2\/types\/page"}],"author":[{"embeddable":true,"href":"https:\/\/www.rotis-lj.si\/sl\/wp-json\/wp\/v2\/users\/2"}],"replies":[{"embeddable":true,"href":"https:\/\/www.rotis-lj.si\/sl\/wp-json\/wp\/v2\/comments?post=76"}],"version-history":[{"count":63,"href":"https:\/\/www.rotis-lj.si\/sl\/wp-json\/wp\/v2\/pages\/76\/revisions"}],"predecessor-version":[{"id":4265,"href":"https:\/\/www.rotis-lj.si\/sl\/wp-json\/wp\/v2\/pages\/76\/revisions\/4265"}],"up":[{"embeddable":true,"href":"https:\/\/www.rotis-lj.si\/sl\/wp-json\/wp\/v2\/pages\/9"}],"wp:attachment":[{"href":"https:\/\/www.rotis-lj.si\/sl\/wp-json\/wp\/v2\/media?parent=76"}],"curies":[{"name":"wp","href":"https:\/\/api.w.org\/{rel}","templated":true}]}}