{"id":9,"date":"2017-12-04T15:34:20","date_gmt":"2017-12-04T15:34:20","guid":{"rendered":"https:\/\/www.rotis-lj.si\/?page_id=9"},"modified":"2018-10-29T08:42:32","modified_gmt":"2018-10-29T08:42:32","slug":"lezaji","status":"publish","type":"page","link":"https:\/\/www.rotis-lj.si\/sl\/lezaji\/","title":{"rendered":"Le\u017eaji"},"content":{"rendered":"<div class=\"pageTitle\" style=\"\"  data-text-color=\"#023c5b\" data-line-color=\"#e8b200\"><div class=\"pageTitle--content\"><\/p>\n<div class=\"title\">\n<div class=\"title--inner\">\n<h1><span style=\"color: #023c5b;\">PROIZVODNJA<\/span><\/h1>\n<h1><span style=\"color: #023c5b;\">LE\u017dAJEV<\/span><\/h1>\n<\/div>\n<div><span style=\"color: #023c5b;\">od 200 mm do 5000 mm premera<\/span><\/div>\n<\/div>\n<p><\/div><div class=\"pageTitle--background\" style=\" background-image: url(https:\/\/www.rotis-lj.si\/wp-content\/uploads\/2018\/06\/proizvodnja-lezajev-5.jpg); background-repeat:no-repeat; background-position:center center; background-size:cover; \"><\/div><\/div>\n<div class=\"blockGridContainer \" style='background-color:#f8f8f8;padding-top:60px; padding-bottom:0px; ' data-padding-top=\"60\" data-padding-bottom=\"0\" >   <div class=\"row\">       <div class=\"blockGrid  \" >\n<div class=\"blockGrid--100\" data-mobile-position=\"0\" style=''><div class='textBlock' ><h2 style=\"text-align: left;\">Zakaj le\u017eaji Rotis?<\/h2>\n<\/div><br \/>\n<div class='textBlock' data-content-limit=\"1\" data-content-center=\"0\"><h2><\/h2>\n<p>Dolgoletne izku\u0161nje in tradicija so garancija za najoptimalnej\u0161e re\u0161itve tehni\u010dnih zahtev. Visoko usposobljen kader vam nudi vso tehni\u010dno podporo tako pri snovanju le\u017eaja, kot tudi pri poznej\u0161i vgradnji in obratovanju le\u017eaja.<\/p>\n<p>S sistemom sledljivosti proizvodnih operacij in doslednim izvajanjem kontrolnih postopkov zagotavljamo najvi\u0161jo kakovost le\u017eajev.<\/p>\n<p>Kontinuirano vlaganje v razvoj modelov za dimenzioniranje le\u017eajev ter vlaganje v najsodobnej\u0161o strojno opremo zagotavljata ustrezno natan\u010dnost in ponovljivost tehnolo\u0161kih operacij in s tem kakovosten kon\u010dni izdelek.<\/p>\n<\/div><br \/>\n<div class=\"ctaBlock\" data-button-position=\"0\" style='background-color:#f8f8f8; padding-top:20px; padding-bottom:40px;'>    <div class=\"row\">        <div class=\"ctaBlock--text\"><\/div><div class=\"ctaBlock--actions\"><a href=\"https:\/\/www.rotis-lj.si\/sl\/lezaji\/\" class=\"btn\"  data-popup-toggle=\"2575\" target=\"_self\">PO\u0160LJITE POVPRA\u0160EVANJE<\/a><\/div>    <\/div><\/div><\/p>\n<\/div>\n       <\/div>   <\/div><\/div>\n<div class=\"blockGridContainer special\" style='background-image: url(https:\/\/www.rotis-lj.si\/wp-content\/uploads\/2017\/12\/strojni-deli-partial-bg.jpg); background-repeat:no-repeat; background-position:top right; background-size:cover;padding-top:120px; padding-bottom:85px; ' data-padding-top=\"120\" data-padding-bottom=\"85\" >   <div class=\"row\">       <div class=\"blockGrid  \" >\n<div class=\"blockGrid--100\" data-mobile-position=\"0\" style=''><div class=\"blockGrid blockListBG\" data-block-layout=\"0\" data-block-type=\"0\"  style=\"\"><div class=\"blockGrid--item txtThumb\">   <div>       <p>Podrobneje o<\/p>       <h2>LE\u017dAJIH<\/h2>   <\/div><\/div>\n<a href=\"https:\/\/www.rotis-lj.si\/sl\/lezaji\/tipi-lezajev\/\" target=\"_self\" class=\"blockGrid--item imgTxtThumb\" ><div class=\"imgTxtThumb--image not-background\"><span class=\"iconlist-char \" aria-hidden='true' data-av_icon='\ue832' data-av_iconfont='fontello'><\/span><\/div><div class=\"imgTxtThumb--name\">TIPI LE\u017dAJEV<\/div><\/a>\n<a href=\"https:\/\/www.rotis-lj.si\/sl\/lezaji\/montaza-in-vzdrzevanje\/\" target=\"_self\" class=\"blockGrid--item imgTxtThumb\" ><div class=\"imgTxtThumb--image not-background\"><span class=\"iconlist-char \" aria-hidden='true' data-av_icon='\ue83a' data-av_iconfont='fontello'><\/span><\/div><div class=\"imgTxtThumb--name\">MONTA\u017dA IN VZDR\u017dEVANJE<\/div><\/a>\n<a href=\"https:\/\/www.rotis-lj.si\/sl\/lezaji\/oznacevanje-lezajev\/\" target=\"_self\" class=\"blockGrid--item imgTxtThumb\" ><div class=\"imgTxtThumb--image not-background\"><span class=\"iconlist-char \" aria-hidden='true' data-av_icon='\ue82b' data-av_iconfont='fontello'><\/span><\/div><div class=\"imgTxtThumb--name\">OZNA\u010cEVANJE LE\u017dAJEV<\/div><\/a>\n<\/div>\n<\/div>       <\/div>   <\/div><\/div><div class=\"blockGridContainer \" style='padding-top:140px; padding-bottom:120px; ' data-padding-top=\"140\" data-padding-bottom=\"120\" >   <div class=\"row\">       <div class=\"blockGrid  \" >\n<div class=\"blockGrid--100\" data-mobile-position=\"0\" style=''><div class='textBlock' ><h2 style=\"text-align: center;\">Primeri uporabe<\/h2>\n<p style=\"text-align: center;\">Le\u017eaji podjetja Rotis se vgrajujejo tudi na najzahtevnej\u0161ih podro\u010djih uporabe.<\/p>\n<\/div><br \/>\n<div class=\"blockGrid blockListBG\" data-margin-top=\"40\" data-margin-bottom=\"40\" data-block-layout=\"1\" data-block-type=\"1\"  style=\"margin-top:40px;margin-bottom:40px;\">\n<div   class=\"blockGrid--item imgTxtThumb\" ><div class=\"imgTxtThumb--image background\" style=\"background-image:url(https:\/\/www.rotis-lj.si\/wp-content\/uploads\/2018\/03\/TowerCrane.jpg);  background-repeat:no-repeat; background-position:center center; background-size:cover;\"><\/div><div class=\"imgTxtThumb--name\">Gradbeni \u017eerjavi<\/div><\/div>\n<div   class=\"blockGrid--item imgTxtThumb\" ><div class=\"imgTxtThumb--image background\" style=\"background-image:url(https:\/\/www.rotis-lj.si\/wp-content\/uploads\/2018\/03\/Radar-e1522058928911.jpg);  background-repeat:no-repeat; background-position:center center; background-size:cover;\"><\/div><div class=\"imgTxtThumb--name\">Radarji<\/div><\/div>\n<div   class=\"blockGrid--item imgTxtThumb\" ><div class=\"imgTxtThumb--image background\" style=\"background-image:url(https:\/\/www.rotis-lj.si\/wp-content\/uploads\/2018\/03\/BucketWheelExcavator.jpg);  background-repeat:no-repeat; background-position:center center; background-size:cover;\"><\/div><div class=\"imgTxtThumb--name\">Bagri za dnevni kop<\/div><\/div>\n<\/div><br \/>\n<div class='textBlock' ><p style=\"text-align: center;\"><a class=\"btn\" href=\"https:\/\/www.rotis-lj.si\/sl\/aplikacije\/\">OGLEJTE SI VSE<\/a><\/p>\n<\/div><\/p>\n<\/div>\n       <\/div>   <\/div><\/div><\/p>\n<div class=\"ctaBlock\" data-button-position=\"0\" style='background-image: url(https:\/\/www.rotis-lj.si\/wp-content\/uploads\/2017\/12\/cta-bg-1.png); background-repeat:no-repeat; background-position:center right; background-size:cover; padding-top:60px; padding-bottom:60px;'>    <div class=\"row\">        <div class=\"ctaBlock--text\"><\/p>\n<h2 style=\"text-align: center;\"><span style=\"color: #ffffff;\">Sku\u0161ate optimizirati stro\u0161ke nabave?<\/span><\/h2>\n<p style=\"text-align: center;\"><span style=\"color: #ffffff;\">Po\u0161ljite nam svoj tehni\u010dni na\u010drt, mi pa vam bomo poslali neobvezujo\u010do ponudbo.<\/span><\/p>\n<p><\/div><div class=\"ctaBlock--actions\"><a href=\"https:\/\/www.rotis-lj.si\/sl\/lezaji\/\" class=\"btn\"  data-popup-toggle=\"2575\" target=\"_self\">PO\u0160LJITE POVPRA\u0160EVANJE<\/a><\/div>    <\/div><\/div>\n<div class=\"blockGridContainer \" style='background-color:#f8f8f8;padding-top:100px; padding-bottom:80px; ' data-padding-top=\"100\" data-padding-bottom=\"80\" >   <div class=\"row\">       <div class=\"blockGrid  \" >\n<div class=\"blockGrid--50\" data-mobile-position=\"0\" style=''><div class='textBlock' ><h2>Kakovost Rotis<\/h2>\n<p>Varnost, kakovost in dolga \u017eivljenjska doba izdelkov podjetja Rotis so posledica u\u010dinkovitega obvladovanja procesov proizvodnje in doseganja visokih standardov kakovosti skozi celoten proces proizvodnje. Zagotavljamo 100 % sledljivost vseh sestavnih delov kon\u010dnega izdelka ter hkrati nadzorujemo vsako posamezno tehnolo\u0161ko operacijo in vsak sestavni element kon\u010dnega izdelka.<\/p>\n<p>Vse materiale nam dobavljajo\u00a0 atestirani in uveljavljeni ter preverjeni dobavitelji. Vsi le\u017eaji so izdelani skladno s standardom EN 10.204 in na \u017eeljo kon\u010dnega uporabnika tudi certificirani s strani dru\u017eb, kot so: DNV GL, BV, LRS, GOST idr.<\/p>\n<p>Vsi izdelki podjetja Rotis so hkrati izdelani tudi po standardu ISO 9001:2008.<\/p>\n<p><a class=\"btn\" href=\"https:\/\/www.rotis-lj.si\/sl\/kakovost-rotis\/\">OGLEJTE SI VE\u010c<\/a><\/p>\n<\/div>\n<\/div><div class=\"blockGrid--50\" data-mobile-position=\"0\" style=''><div class=\"sliderContainer \" data-navigation-arrows=\"1\" data-visible-slides=\"1\">   <div class=\"sliderInner\">  <div class=\"slider\" data-visible=\"1\" data-autoplay=\"false\" data-interval=\"5000\"><div class=\"slider--item\"><img src='https:\/\/www.rotis-lj.si\/wp-content\/uploads\/2017\/12\/procedure-1.png' title='procedure-1' alt='' \/><\/div>  <\/div>  <div class=\"slider--arrows\"><\/div>   <\/div><\/div>\n<\/div>\n       <\/div>   <\/div><\/div>\n","protected":false},"excerpt":{"rendered":"","protected":false},"author":2,"featured_media":0,"parent":0,"menu_order":0,"comment_status":"closed","ping_status":"closed","template":"","meta":{"om_disable_all_campaigns":false,"_monsterinsights_skip_tracking":false,"_monsterinsights_sitenote_active":false,"_monsterinsights_sitenote_note":"","_monsterinsights_sitenote_category":0,"_uf_show_specific_survey":0,"_uf_disable_surveys":false,"footnotes":""},"aioseo_notices":[],"_links":{"self":[{"href":"https:\/\/www.rotis-lj.si\/sl\/wp-json\/wp\/v2\/pages\/9"}],"collection":[{"href":"https:\/\/www.rotis-lj.si\/sl\/wp-json\/wp\/v2\/pages"}],"about":[{"href":"https:\/\/www.rotis-lj.si\/sl\/wp-json\/wp\/v2\/types\/page"}],"author":[{"embeddable":true,"href":"https:\/\/www.rotis-lj.si\/sl\/wp-json\/wp\/v2\/users\/2"}],"replies":[{"embeddable":true,"href":"https:\/\/www.rotis-lj.si\/sl\/wp-json\/wp\/v2\/comments?post=9"}],"version-history":[{"count":82,"href":"https:\/\/www.rotis-lj.si\/sl\/wp-json\/wp\/v2\/pages\/9\/revisions"}],"predecessor-version":[{"id":4259,"href":"https:\/\/www.rotis-lj.si\/sl\/wp-json\/wp\/v2\/pages\/9\/revisions\/4259"}],"wp:attachment":[{"href":"https:\/\/www.rotis-lj.si\/sl\/wp-json\/wp\/v2\/media?parent=9"}],"curies":[{"name":"wp","href":"https:\/\/api.w.org\/{rel}","templated":true}]}}